{"id":12661,"date":"2024-11-09T20:59:37","date_gmt":"2024-11-09T19:59:37","guid":{"rendered":"https:\/\/policlinicacuplatagalati.ro\/farmacie\/apt\/prostovit\/"},"modified":"2024-12-03T11:47:47","modified_gmt":"2024-12-03T10:47:47","slug":"prostovit","status":"publish","type":"product","link":"https:\/\/policlinicacuplatagalati.ro\/farmacie\/apt\/prostovit\/","title":{"rendered":"Prostovit"},"content":{"rendered":"<h2 class=\"wp-block-heading\">Ce este PROSTOVIT \u0219i cum func\u021bioneaz\u0103?<\/h2>\n\n\n<p>Prostovit este un <b>supliment alimentar<\/b> inovator care a fost dezvoltat pentru b\u0103rba\u021bii care doresc s\u0103 sprijine <b>s\u0103n\u0103tatea prostatei<\/b>. Ac\u021biunea sa se bazeaz\u0103 pe <em>o formul\u0103 patentat\u0103<\/em> care include ingrediente vegetale atent selec\u021bionate. Ca urmare, suplimentul regenereaz\u0103 eficient glanda prostatic\u0103 \u0219i sprijin\u0103 func\u021biile sale naturale.<\/p>\n\n\n<p>Merit\u0103 s\u0103 \u00een\u021belege\u021bi exact <em>ce este Prostovit<\/em>. Produsul are un efect multidirec\u021bional, concentr\u00e2ndu-se asupra elimin\u0103rii cauzelor problemelor de prostat\u0103. <b>Ac\u021biunea Prostovit<\/b> include ameliorarea simptomelor \u0219i sprijinirea organismului \u00een lupta \u00eempotriva infec\u021biilor \u0219i inflama\u021biilor. Cercet\u0103rile arat\u0103 c\u0103 prostatita este o problem\u0103 frecvent\u0103 \u00een r\u00e2ndul b\u0103rba\u021bilor, 4 din 10 confrunt\u00e2ndu-se cu probleme ale tractului urinar. Utilizarea regulat\u0103 a acestui supliment alimentar poate oferi beneficii notabile pentru s\u0103n\u0103tatea prostatei.<\/p>\n\n\n<p>Datorit\u0103 propriet\u0103\u021bilor sale antibacteriene \u0219i antiinflamatorii, Prostovit nu numai c\u0103 combate inflama\u021bia, dar promoveaz\u0103 \u0219i <em>circula\u021bia s\u00e2ngelui<\/em> \u00een interiorul prostatei. Aceasta contribuie, la r\u00e2ndul s\u0103u, la regenerarea acesteia \u0219i la normalizarea dimensiunii sale, ceea ce este important \u00een cazul problemelor prostatei. Utilizatorii apreciaz\u0103 adesea eficacitatea produsului, eviden\u021biat\u0103 de rezultatele a numeroase studii clinice, care sporesc \u00eencrederea \u00een produs.<\/p>\n\n\n<p>Prostovit este un <em>supliment alimentar<\/em> care prezint\u0103 un interes cresc\u00e2nd pentru domeniul s\u0103n\u0103t\u0103\u021bii. Mul\u021bi b\u0103rba\u021bi caut\u0103 solu\u021bii eficiente pentru a combate problemele de prostat\u0103, iar Prostovit poate fi alegerea ideal\u0103 pentru cei care doresc s\u0103 \u00ee\u0219i \u00eembun\u0103t\u0103\u021beasc\u0103 starea de bine \u0219i func\u021bia urinar\u0103.<\/p>\n\n\n<h2 class=\"wp-block-heading\">Care sunt efectele PROSTOVIT?<\/h2>\n\n\n<p>Utilizarea regulat\u0103 a Prostovit are o serie de beneficii pentru s\u0103n\u0103tate, influen\u021b\u00e2nd semnificativ <b>s\u0103n\u0103tatea b\u0103rba\u021bilor<\/b>. Principalele <em>efecte ale Prostovit<\/em> se concentreaz\u0103 pe <b>ameliorarea simptomelor prostatei<\/b>, cum ar fi dificultatea de a urina, durerea \u00een timpul ejacul\u0103rii \u0219i inflama\u021bia glandei <b>prostatei<\/b>. Datorit\u0103 ac\u021biunii sale antiinflamatorii, Prostovit reduce eficient aceste simptome.<\/p>\n\n\n<p>\u00cen plus, ingredientele active din formul\u0103 ajut\u0103 la \u00eembun\u0103t\u0103\u021birea func\u021bion\u0103rii sistemului genito-urinar \u0219i sus\u021bin sistemul imunitar, f\u0103c\u00e2nd organismul mai rezistent la afec\u021biunile prostatei. Utilizatorii de Prostovit observ\u0103 adesea o \u00eembun\u0103t\u0103\u021bire a st\u0103rii generale de bine \u0219i o cre\u0219tere a energiei, confirm\u00e2nd efectele sale echilibrate asupra <em>s\u0103n\u0103t\u0103\u021bii b\u0103rba\u021bilor<\/em>.<\/p>\n\n\n\n<ul class=\"wp-block-list\">\n<li>Ameliorarea problemelor urinare.<\/li>\n\n\n\n<li>Reducerea inflama\u021biei glandei prostatei.<\/li>\n\n\n\n<li>Consolidarea sistemului imunitar.<\/li>\n\n\n\n<li>\u00cembun\u0103t\u0103\u021birea func\u021biei urogenitale.<\/li>\n\n\n\n<li>Cre\u0219terea energiei \u0219i \u00eembun\u0103t\u0103\u021birea st\u0103rii de bine.<\/li>\n<\/ul>\n\n\n<p>Aceste efecte fac din Prostovit un produs din ce \u00een ce mai popular printre b\u0103rba\u021bii care doresc s\u0103 aib\u0103 grij\u0103 de s\u0103n\u0103tatea \u0219i bun\u0103starea lor.<\/p>\n\n\n<h2 class=\"wp-block-heading\">Cum se utilizeaz\u0103 PROSTOVIT? &#8211; Dozaj<\/h2>\n\n\n<p><b>Doza<\/b> recomandat\u0103 <b>de Prostovit<\/b> poate varia \u00een func\u021bie de nevoile individuale ale utilizatorului \u0219i de \u00eendrumarea medicului. Cel mai frecvent, se sugereaz\u0103 administrarea pic\u0103turilor \u00eenainte de mese, ceea ce ofer\u0103 condi\u021bii optime pentru absorb\u021bia substan\u021belor active. <b>Doza<\/b> corect\u0103 <b>de Prostovit<\/b> este s\u0103 dizolva\u021bi 20 de pic\u0103turi \u00een 100 ml de ap\u0103 \u0219i s\u0103 le lua\u021bi cel pu\u021bin o dat\u0103 pe zi. \u00cen cazul afec\u021biunilor mai avansate, doza poate fi crescut\u0103 la dou\u0103 ori pe zi.<\/p>\n\n\n\n<ul class=\"wp-block-list\">\n<li>Durata recomandat\u0103 a tratamentului este de cel pu\u021bin 30 de zile \u0219i de p\u00e2n\u0103 la 45 de zile \u00een cazurile mai grave.<\/li>\n\n\n\n<li>Pic\u0103turile sunt dedicate b\u0103rba\u021bilor cu v\u00e2rste cuprinse \u00eentre 18 \u0219i 80 de ani.<\/li>\n\n\n\n<li>Volumul flaconului este de 30 ml, oferind suficient produs pentru un curs complet de tratament.<\/li>\n\n\n\n<li>Perioada de profilaxie este de obicei de 10-15 zile, cu o singur\u0103 doz\u0103 zilnic\u0103.<\/li>\n<\/ul>\n\n\n<p>Doza recomandat\u0103 nu trebuie dep\u0103\u0219it\u0103 pentru a evita solicitarea suplimentar\u0103 a organismului. <b>Instruc\u021biunile de utilizare<\/b> con\u021bin informa\u021bii importante privind contraindica\u021biile, \u00een special pentru persoanele cu alergii la ingredientele suplimentului hipocaloric. Persoanele cu afec\u021biuni cardiace grave trebuie s\u0103 utilizeze Prostovit sub supraveghere medical\u0103.<\/p>\n\n\n<p>Conform testelor efectuate \u00een Polonia, eficacitatea \u0219i siguran\u021ba Prostovit au fost confirmate, f\u0103c\u00e2nd din produs o solu\u021bie popular\u0103 pentru b\u0103rba\u021bii care se lupt\u0103 cu probleme de s\u0103n\u0103tate ale prostatei.<\/p>\n\n\n<h2 class=\"wp-block-heading\">PROSTOVIT &#8211; Opinii \u0219i recenzii &#8211; Ce spun utilizatorii?<\/h2>\n\n\n<p>Utilizatorii Prostovit \u00ee\u0219i \u00eemp\u0103rt\u0103\u0219esc <em>experien\u021bele<\/em> despre produs, ceea ce arunc\u0103 o lumin\u0103 nou\u0103 asupra eficacit\u0103\u021bii sale. Multe <em>recenzii ale utilizatorilor<\/em> eviden\u021biaz\u0103 efectele pozitive ale pic\u0103turilor \u00een problemele de prostat\u0103.<\/p>\n\n\n\n<blockquote class=\"wp-block-quote is-layout-flow wp-block-quote-is-layout-flow\"><p>Anna: &#8222;Dup\u0103 o lun\u0103 de administrare a Prostovit, am observat o \u00eembun\u0103t\u0103\u021bire semnificativ\u0103. Problemele mele urinare au disp\u0103rut \u0219i durerea care m\u0103 \u00eenso\u021bea \u00een timpul ejacul\u0103rii a disp\u0103rut. M\u0103 simt mult mai bine \u0219i am mai mult\u0103 energie.&#8221;<\/p>\n<\/blockquote>\n\n\n\n<blockquote class=\"wp-block-quote is-layout-flow wp-block-quote-is-layout-flow\"><p>Marek: &#8222;Prostovit este un produs care chiar func\u021bioneaz\u0103. Am avut probleme cu prostata timp de mai mul\u021bi ani, dar dup\u0103 ce am \u00eenceput tratamentul am reu\u0219it s\u0103 revin la via\u021ba mea normal\u0103. L-a\u0219 recomanda oricui are probleme similare.&#8221;<\/p>\n<\/blockquote>\n\n\n\n<blockquote class=\"wp-block-quote is-layout-flow wp-block-quote-is-layout-flow\"><p>Krzysztof: &#8222;Mult timp nu am \u0219tiut cum s\u0103 scap de problemele mele cu prostata. Din fericire, am dat peste Prostovit. Dup\u0103 doar o s\u0103pt\u0103m\u00e2n\u0103 am observat o diferen\u021b\u0103, iar dup\u0103 o lun\u0103 pot spune c\u0103 s\u0103n\u0103tatea mea s-a \u00eembun\u0103t\u0103\u021bit!&#8221;<\/p>\n<\/blockquote>\n\n\n<p><b>Recenzile Prostovit<\/b> \u00een r\u00e2ndul utilizatorilor indic\u0103 adesea rezultatele sale rapide \u0219i <b>ingredientele naturale<\/b>, f\u0103c\u00e2ndu-l recomandat de mul\u021bi ca o metod\u0103 eficient\u0103 de sprijin pentru tulbur\u0103rile de prostat\u0103.<\/p>\n\n\n<h2 class=\"wp-block-heading\">PROSTOVIT &#8211; Compozi\u021bie<\/h2>\n\n\n<p>Pic\u0103turile Prostovit au fost dezvoltate av\u00e2nd \u00een vedere s\u0103n\u0103tatea prostatei, iar <em>compozi\u021bia Prostovit<\/em> se bazeaz\u0103 pe <em>ingrediente<\/em> vegetale <em>naturale<\/em> cu propriet\u0103\u021bi dovedite. Extractele de plante incluse \u00een suplimentul alimentar au efecte antiinflamatoare \u0219i sus\u021bin func\u021bia sistemului genito-urinar. Datorit\u0103 ingredientelor atent selec\u021bionate, Prostovit min. \u00eembun\u0103t\u0103\u021be\u0219te circula\u021bia sanguin\u0103, ceea ce are un efect pozitiv asupra <b>s\u0103n\u0103t\u0103\u021bii prostatei<\/b>.<\/p>\n\n\n<p>Iat\u0103 c\u00e2teva exemple de ingrediente care pot fi g\u0103site \u00een prostat\u0103:<\/p>\n\n\n<figure class=\"wp-block-table\"><table class=\"has-fixed-layout\"><tbody><tr><th>Component\u0103<\/th><th>Propriet\u0103\u021bi<\/th><\/tr><tr><td>Semin\u021be de dovleac<\/td><td>Acestea sus\u021bin func\u021bia urinar\u0103 \u0219i au un efect antiinflamator.<\/td><\/tr><tr><td>Glicin\u0103<\/td><td>Ajut\u0103 la men\u021binerea echilibrului hormonal.<\/td><\/tr><tr><td>Extract de holly de mare<\/td><td>Ac\u021bioneaz\u0103 pentru \u00eembun\u0103t\u0103\u021birea fluxului sanguin \u00een tractul urinar.<\/td><\/tr><tr><td>Gotu kola<\/td><td>Sus\u021bine regenerarea \u0219i imunitatea.<\/td><\/tr><tr><td>Seleniu<\/td><td>Contribuie la buna func\u021bionare a prostatei.<\/td><\/tr><tr><td>Urzic\u0103<\/td><td>Are un efect protector \u0219i \u00eent\u0103re\u0219te sistemul imunitar.<\/td><\/tr><\/tbody><\/table><\/figure>\n\n\n<p>Este demn de remarcat faptul c\u0103 Prostovit nu con\u021bine aditivi artificiali sau conservan\u021bi, ceea ce \u00eel face o op\u021biune sigur\u0103 pentru b\u0103rba\u021bii care caut\u0103 <em>un supliment alimentar<\/em> pentru a sus\u021bine <b>s\u0103n\u0103tatea prostatei<\/b>. Capacitatea de a utiliza ingrediente naturale este benefic\u0103 pentru cei care prefer\u0103 tratamentele bazate pe natur\u0103. Utilizarea regulat\u0103 are efecte pozitive \u0219i minimizeaz\u0103 riscul de efecte secundare.<\/p>\n\n\n<h2 class=\"wp-block-heading\">De unde s\u0103 cump\u0103ra\u021bi \u0219i c\u00e2t cost\u0103 PROSTOVIT &#8211; pre\u021b<\/h2>\n\n\n<p>Prostovit este disponibil numai pe site-ul oficial al produc\u0103torului. Clien\u021bii ar trebui s\u0103 evite farmaciile sta\u021bionare, deoarece acest supliment eficient nu este oferit acolo.<\/p>\n\n\n<p>Merit\u0103 s\u0103 vizita\u021bi \u00een mod regulat site-ul produc\u0103torului pentru a fi la curent cu promo\u021biile actuale. Pre\u021burile Prostovit pot varia semnificativ \u00een func\u021bie de ofertele curente. De exemplu, achizi\u021bionarea unei cantit\u0103\u021bi mai mari de produs poate fi asociat\u0103 cu reduceri atractive. Aceast\u0103 abordare favorabil\u0103 permite utilizatorilor s\u0103 achizi\u021bioneze produsul original la cele mai bune pre\u021buri.<\/p>\n\n\n\n<ul class=\"wp-block-list\">\n<li><em>De unde s\u0103 cump\u0103ra\u021bi Prostovit?<\/em> &#8211; Direct de pe site-ul oficial al produc\u0103torului.<\/li>\n\n\n\n<li><em>Pre\u021b Prostovit<\/em> &#8211; Variabil, \u00een func\u021bie de promo\u021biile curente.<\/li>\n\n\n\n<li><em>Produc\u0103tor oficial<\/em> &#8211; garan\u021bie a originalit\u0103\u021bii \u0219i eficacit\u0103\u021bii produsului.<\/li>\n<\/ul>\n\n\n<p>Atingerea unei surse de cump\u0103rare de \u00eencredere poate fi esen\u021bial\u0103 pentru eficacitatea terapiei. Numai pe site-ul oficial al produc\u0103torului utilizatorii pot fi siguri c\u0103 primesc un produs de cea mai \u00eenalt\u0103 calitate.<\/p>\n\n\n<h2 class=\"wp-block-heading\">Poten\u021biale efecte secundare \u0219i contraindica\u021bii ale PROSTOVIT<\/h2>\n\n\n<p>PROSTOVIT este considerat un <strong>supliment alimentar sigur<\/strong>, dar, ca orice produs, poate fi asociat cu unele efecte secundare. Printre reac\u021biile adverse raportate, unii utilizatori au raportat tulbur\u0103ri de stomac \u0219i reac\u021bii alergice. Prin urmare, este important s\u0103 fi\u021bi precau\u021bi, \u00een special pentru cei care sunt alergici la ingredientele din formul\u0103. <b>Efectele secundare ale PROSTOVIT<\/b> se pot manifesta, de asemenea, ca dureri de cap sau senza\u021bie de oboseal\u0103, dar aceste simptome dispar de obicei dup\u0103 o perioad\u0103 scurt\u0103 de timp.<\/p>\n\n\n<p><b>Contraindica\u021biile<\/b> la utilizarea PROSTOVIT includ <strong>afec\u021biuni medicale<\/strong> care necesit\u0103 <strong>supraveghere medical\u0103 de specialitate<\/strong>. Persoanele cu afec\u021biuni medicale grave, cum ar fi boli renale sau afec\u021biuni cronice, trebuie s\u0103 consulte medicul \u00eenainte de a \u00eencepe tratamentul. Av\u00e2nd \u00een vedere diferitele reac\u021bii individuale ale organismului, consultarea cu un medic este esen\u021bial\u0103 pentru a asigura <b>siguran\u021ba<\/b> suplimentului.<\/p>\n\n\n<p>\u00cen concluzie, de\u0219i PROSTOVIT poate oferi multe beneficii pentru s\u0103n\u0103tate, este important s\u0103 fi\u021bi con\u0219tien\u021bi de poten\u021bialele efecte secundare \u0219i contraindica\u021bii pentru utilizare. Evaluarea atent\u0103 a st\u0103rii de s\u0103n\u0103tate \u0219i consultarea cu un medic vor spori \u00een mare m\u0103sur\u0103 <strong>siguran\u021ba<\/strong> acestui supliment, asigur\u00e2nd \u00eencrederea deplin\u0103 \u00een adecvarea sa pentru individ.<\/p>\n","protected":false},"excerpt":{"rendered":"<p><strong>[date_countdown]<\/strong><\/p>\n<p><img decoding=\"async\" class=\"alignnone wp-image-12812\" src=\"https:\/\/policlinicacuplatagalati.ro\/farmacie\/wp-content\/uploads\/2024\/11\/SAFE-PAY-300x88-1.png\" alt=\"SAFE-PAY\" width=\"150\" height=\"44\" \/><\/p>\n","protected":false},"featured_media":12159,"comment_status":"open","ping_status":"closed","template":"","meta":{"neve_meta_sidebar":"","neve_meta_container":"","neve_meta_enable_content_width":"","neve_meta_content_width":0,"neve_meta_title_alignment":"","neve_meta_author_avatar":"","neve_post_elements_order":"","neve_meta_disable_header":"","neve_meta_disable_footer":"","neve_meta_disable_title":"","neve_meta_reading_time":""},"product_brand":[],"product_cat":[573],"product_tag":[],"class_list":{"0":"post-12661","1":"product","2":"type-product","3":"status-publish","4":"has-post-thumbnail","6":"product_cat-sanatate","8":"first","9":"instock","10":"sale","11":"shipping-taxable","12":"product-type-external"},"yoast_head":"<!-- This site is optimized with the Yoast SEO plugin v27.3 - https:\/\/yoast.com\/product\/yoast-seo-wordpress\/ -->\n<title>Prostovit - Pareri, Forum, Efecte, Farmacie, Pre\u021b | -50%<\/title>\n<meta name=\"robots\" content=\"index, follow, max-snippet:-1, max-image-preview:large, max-video-preview:-1\" \/>\n<link rel=\"canonical\" href=\"https:\/\/policlinicacuplatagalati.ro\/farmacie\/apt\/prostovit\/\" \/>\n<meta property=\"og:locale\" content=\"ro_RO\" \/>\n<meta property=\"og:type\" content=\"article\" \/>\n<meta property=\"og:title\" content=\"Prostovit - Pareri, Forum, Efecte, Farmacie, Pre\u021b | -50%\" \/>\n<meta property=\"og:url\" content=\"https:\/\/policlinicacuplatagalati.ro\/farmacie\/apt\/prostovit\/\" \/>\n<meta property=\"og:site_name\" content=\"Policlinicacuplatagalati\" \/>\n<meta property=\"article:modified_time\" content=\"2024-12-03T10:47:47+00:00\" \/>\n<meta property=\"og:image\" content=\"https:\/\/policlinicacuplatagalati.ro\/farmacie\/wp-content\/uploads\/2024\/11\/PROSTOVIT.jpg\" \/>\n\t<meta property=\"og:image:width\" content=\"768\" \/>\n\t<meta property=\"og:image:height\" content=\"768\" \/>\n\t<meta property=\"og:image:type\" content=\"image\/jpeg\" \/>\n<meta name=\"twitter:card\" content=\"summary_large_image\" \/>\n<meta name=\"twitter:description\" content=\"[date_countdown]\" \/>\n<meta name=\"twitter:label1\" content=\"Timp estimat pentru citire\" \/>\n\t<meta name=\"twitter:data1\" content=\"7 minute\" \/>\n<script type=\"application\/ld+json\" class=\"yoast-schema-graph\">{\"@context\":\"https:\\\/\\\/schema.org\",\"@graph\":[{\"@type\":\"WebPage\",\"@id\":\"https:\\\/\\\/policlinicacuplatagalati.ro\\\/farmacie\\\/apt\\\/prostovit\\\/\",\"url\":\"https:\\\/\\\/policlinicacuplatagalati.ro\\\/farmacie\\\/apt\\\/prostovit\\\/\",\"name\":\"Prostovit - Pareri, Forum, Efecte, Farmacie, Pre\u021b | -50%\",\"isPartOf\":{\"@id\":\"https:\\\/\\\/policlinicacuplatagalati.ro\\\/farmacie\\\/#website\"},\"primaryImageOfPage\":{\"@id\":\"https:\\\/\\\/policlinicacuplatagalati.ro\\\/farmacie\\\/apt\\\/prostovit\\\/#primaryimage\"},\"image\":{\"@id\":\"https:\\\/\\\/policlinicacuplatagalati.ro\\\/farmacie\\\/apt\\\/prostovit\\\/#primaryimage\"},\"thumbnailUrl\":\"https:\\\/\\\/policlinicacuplatagalati.ro\\\/farmacie\\\/wp-content\\\/uploads\\\/2024\\\/11\\\/PROSTOVIT.jpg\",\"datePublished\":\"2024-11-09T19:59:37+00:00\",\"dateModified\":\"2024-12-03T10:47:47+00:00\",\"breadcrumb\":{\"@id\":\"https:\\\/\\\/policlinicacuplatagalati.ro\\\/farmacie\\\/apt\\\/prostovit\\\/#breadcrumb\"},\"inLanguage\":\"ro-RO\",\"potentialAction\":[{\"@type\":\"ReadAction\",\"target\":[\"https:\\\/\\\/policlinicacuplatagalati.ro\\\/farmacie\\\/apt\\\/prostovit\\\/\"]}]},{\"@type\":\"ImageObject\",\"inLanguage\":\"ro-RO\",\"@id\":\"https:\\\/\\\/policlinicacuplatagalati.ro\\\/farmacie\\\/apt\\\/prostovit\\\/#primaryimage\",\"url\":\"https:\\\/\\\/policlinicacuplatagalati.ro\\\/farmacie\\\/wp-content\\\/uploads\\\/2024\\\/11\\\/PROSTOVIT.jpg\",\"contentUrl\":\"https:\\\/\\\/policlinicacuplatagalati.ro\\\/farmacie\\\/wp-content\\\/uploads\\\/2024\\\/11\\\/PROSTOVIT.jpg\",\"width\":768,\"height\":768},{\"@type\":\"BreadcrumbList\",\"@id\":\"https:\\\/\\\/policlinicacuplatagalati.ro\\\/farmacie\\\/apt\\\/prostovit\\\/#breadcrumb\",\"itemListElement\":[{\"@type\":\"ListItem\",\"position\":1,\"name\":\"Strona g\u0142\u00f3wna\",\"item\":\"https:\\\/\\\/policlinicacuplatagalati.ro\\\/farmacie\\\/\"},{\"@type\":\"ListItem\",\"position\":2,\"name\":\"Produkte\",\"item\":\"https:\\\/\\\/policlinicacuplatagalati.ro\\\/farmacie\\\/\"},{\"@type\":\"ListItem\",\"position\":3,\"name\":\"Prostovit\"}]},{\"@type\":\"WebSite\",\"@id\":\"https:\\\/\\\/policlinicacuplatagalati.ro\\\/farmacie\\\/#website\",\"url\":\"https:\\\/\\\/policlinicacuplatagalati.ro\\\/farmacie\\\/\",\"name\":\"Policlinicacuplatagalati\",\"description\":\"\",\"potentialAction\":[{\"@type\":\"SearchAction\",\"target\":{\"@type\":\"EntryPoint\",\"urlTemplate\":\"https:\\\/\\\/policlinicacuplatagalati.ro\\\/farmacie\\\/?s={search_term_string}\"},\"query-input\":{\"@type\":\"PropertyValueSpecification\",\"valueRequired\":true,\"valueName\":\"search_term_string\"}}],\"inLanguage\":\"ro-RO\"}]}<\/script>\n<!-- \/ Yoast SEO plugin. -->","yoast_head_json":{"title":"Prostovit - Pareri, Forum, Efecte, Farmacie, Pre\u021b | -50%","robots":{"index":"index","follow":"follow","max-snippet":"max-snippet:-1","max-image-preview":"max-image-preview:large","max-video-preview":"max-video-preview:-1"},"canonical":"https:\/\/policlinicacuplatagalati.ro\/farmacie\/apt\/prostovit\/","og_locale":"ro_RO","og_type":"article","og_title":"Prostovit - Pareri, Forum, Efecte, Farmacie, Pre\u021b | -50%","og_url":"https:\/\/policlinicacuplatagalati.ro\/farmacie\/apt\/prostovit\/","og_site_name":"Policlinicacuplatagalati","article_modified_time":"2024-12-03T10:47:47+00:00","og_image":[{"width":768,"height":768,"url":"https:\/\/policlinicacuplatagalati.ro\/farmacie\/wp-content\/uploads\/2024\/11\/PROSTOVIT.jpg","type":"image\/jpeg"}],"twitter_card":"summary_large_image","twitter_description":"[date_countdown]","twitter_misc":{"Timp estimat pentru citire":"7 minute"},"schema":{"@context":"https:\/\/schema.org","@graph":[{"@type":"WebPage","@id":"https:\/\/policlinicacuplatagalati.ro\/farmacie\/apt\/prostovit\/","url":"https:\/\/policlinicacuplatagalati.ro\/farmacie\/apt\/prostovit\/","name":"Prostovit - Pareri, Forum, Efecte, Farmacie, Pre\u021b | -50%","isPartOf":{"@id":"https:\/\/policlinicacuplatagalati.ro\/farmacie\/#website"},"primaryImageOfPage":{"@id":"https:\/\/policlinicacuplatagalati.ro\/farmacie\/apt\/prostovit\/#primaryimage"},"image":{"@id":"https:\/\/policlinicacuplatagalati.ro\/farmacie\/apt\/prostovit\/#primaryimage"},"thumbnailUrl":"https:\/\/policlinicacuplatagalati.ro\/farmacie\/wp-content\/uploads\/2024\/11\/PROSTOVIT.jpg","datePublished":"2024-11-09T19:59:37+00:00","dateModified":"2024-12-03T10:47:47+00:00","breadcrumb":{"@id":"https:\/\/policlinicacuplatagalati.ro\/farmacie\/apt\/prostovit\/#breadcrumb"},"inLanguage":"ro-RO","potentialAction":[{"@type":"ReadAction","target":["https:\/\/policlinicacuplatagalati.ro\/farmacie\/apt\/prostovit\/"]}]},{"@type":"ImageObject","inLanguage":"ro-RO","@id":"https:\/\/policlinicacuplatagalati.ro\/farmacie\/apt\/prostovit\/#primaryimage","url":"https:\/\/policlinicacuplatagalati.ro\/farmacie\/wp-content\/uploads\/2024\/11\/PROSTOVIT.jpg","contentUrl":"https:\/\/policlinicacuplatagalati.ro\/farmacie\/wp-content\/uploads\/2024\/11\/PROSTOVIT.jpg","width":768,"height":768},{"@type":"BreadcrumbList","@id":"https:\/\/policlinicacuplatagalati.ro\/farmacie\/apt\/prostovit\/#breadcrumb","itemListElement":[{"@type":"ListItem","position":1,"name":"Strona g\u0142\u00f3wna","item":"https:\/\/policlinicacuplatagalati.ro\/farmacie\/"},{"@type":"ListItem","position":2,"name":"Produkte","item":"https:\/\/policlinicacuplatagalati.ro\/farmacie\/"},{"@type":"ListItem","position":3,"name":"Prostovit"}]},{"@type":"WebSite","@id":"https:\/\/policlinicacuplatagalati.ro\/farmacie\/#website","url":"https:\/\/policlinicacuplatagalati.ro\/farmacie\/","name":"Policlinicacuplatagalati","description":"","potentialAction":[{"@type":"SearchAction","target":{"@type":"EntryPoint","urlTemplate":"https:\/\/policlinicacuplatagalati.ro\/farmacie\/?s={search_term_string}"},"query-input":{"@type":"PropertyValueSpecification","valueRequired":true,"valueName":"search_term_string"}}],"inLanguage":"ro-RO"}]}},"_links":{"self":[{"href":"https:\/\/policlinicacuplatagalati.ro\/farmacie\/wp-json\/wp\/v2\/product\/12661","targetHints":{"allow":["GET"]}}],"collection":[{"href":"https:\/\/policlinicacuplatagalati.ro\/farmacie\/wp-json\/wp\/v2\/product"}],"about":[{"href":"https:\/\/policlinicacuplatagalati.ro\/farmacie\/wp-json\/wp\/v2\/types\/product"}],"replies":[{"embeddable":true,"href":"https:\/\/policlinicacuplatagalati.ro\/farmacie\/wp-json\/wp\/v2\/comments?post=12661"}],"wp:featuredmedia":[{"embeddable":true,"href":"https:\/\/policlinicacuplatagalati.ro\/farmacie\/wp-json\/wp\/v2\/media\/12159"}],"wp:attachment":[{"href":"https:\/\/policlinicacuplatagalati.ro\/farmacie\/wp-json\/wp\/v2\/media?parent=12661"}],"wp:term":[{"taxonomy":"product_brand","embeddable":true,"href":"https:\/\/policlinicacuplatagalati.ro\/farmacie\/wp-json\/wp\/v2\/product_brand?post=12661"},{"taxonomy":"product_cat","embeddable":true,"href":"https:\/\/policlinicacuplatagalati.ro\/farmacie\/wp-json\/wp\/v2\/product_cat?post=12661"},{"taxonomy":"product_tag","embeddable":true,"href":"https:\/\/policlinicacuplatagalati.ro\/farmacie\/wp-json\/wp\/v2\/product_tag?post=12661"}],"curies":[{"name":"wp","href":"https:\/\/api.w.org\/{rel}","templated":true}]}}