{"id":12692,"date":"2024-11-09T20:59:50","date_gmt":"2024-11-09T19:59:50","guid":{"rendered":"https:\/\/policlinicacuplatagalati.ro\/farmacie\/apt\/eroprostin\/"},"modified":"2024-12-03T18:24:26","modified_gmt":"2024-12-03T17:24:26","slug":"eroprostin","status":"publish","type":"product","link":"https:\/\/policlinicacuplatagalati.ro\/farmacie\/apt\/eroprostin\/","title":{"rendered":"Eroprostin"},"content":{"rendered":"<h2 class=\"wp-block-heading\">Ce este EROPROSTIN \u0219i cum func\u021bioneaz\u0103?<\/h2>\n\n\n<p><b>Eroprostin<\/b> este un <b>supliment alimentar<\/b> care afecteaz\u0103 <b>s\u0103n\u0103tatea vezicii<\/b> <b>urinare<\/b> \u0219i <b>a tractului urinar<\/b>. Formula sa unic\u0103 a fost dezvoltat\u0103 pentru persoanele care sufer\u0103 de afec\u021biuni urologice. <b>Eroprostin ce este<\/b>? Formula con\u021bine <b>ingrediente naturale<\/b>, cum ar fi <em>extractul de palmier sabal<\/em>, pentru a ajuta la reducerea hipertrofiei prostatei \u0219i la \u00eembun\u0103t\u0103\u021birea func\u021biei generale a tractului urinar. <b>Ac\u021biunea<\/b> Eroprostin este antiinflamatoare, ajut\u00e2nd la reducerea disconfortului \u00een timpul urin\u0103rii \u0219i la reducerea frecven\u021bei vizitelor la toalet\u0103.<\/p>\n\n\n<p>Ingredientele cheie din supliment, cum ar fi <em>beta-sitosterolul de<\/em> dovleac \u0219i <em>zincul<\/em>, sunt cunoscute pentru sus\u021binerea s\u0103n\u0103t\u0103\u021bii prostatei. Zincul regleaz\u0103 nivelul de testosteron, ceea ce este important pentru reducerea simptomelor asociate cu hipertrofia prostatei. \u00cen plus, fitosterolii de <em>urzic\u0103<\/em> ajut\u0103 la ameliorarea inflama\u021biei, ceea ce este extrem de important pentru pacien\u021bii cu probleme urologice.<\/p>\n\n\n<p>Utilizarea Eroprostin este o investi\u021bie \u00een s\u0103n\u0103tate care poate contribui la o calitate \u00eembun\u0103t\u0103\u021bit\u0103 a vie\u021bii. Mul\u021bi oameni observ\u0103 o reducere a durerii \u0219i a arsurilor, precum \u0219i o \u00eembun\u0103t\u0103\u021bire a calit\u0103\u021bii urin\u0103rii. Eroprostin sprijin\u0103 nu numai <b>s\u0103n\u0103tatea vezicii urinare<\/b>, ci \u0219i bun\u0103starea general\u0103 a pacien\u021bilor. Feedback-ul utilizatorilor confirm\u0103 efectele pozitive ale utiliz\u0103rii acestui supliment \u00een dieta zilnic\u0103.<\/p>\n\n\n<h2 class=\"wp-block-heading\">Efecte ale EROPROSTIN<\/h2>\n\n\n<p>Utilizarea regulat\u0103 a Eroprostin poate avea o serie de efecte benefice asupra s\u0103n\u0103t\u0103\u021bii care au un impact semnificativ asupra s\u0103n\u0103t\u0103\u021bii <em>vezicii urinare<\/em>. Principalele beneficii includ ameliorarea inflama\u021biei urinare \u0219i reducerea frecven\u021bei urinare. Utilizatorii observ\u0103 adesea <em>o \u00eembun\u0103t\u0103\u021bire a confortului \u00een<\/em> timpul urin\u0103rii, ceea ce este esen\u021bial pentru calitatea vie\u021bii.<\/p>\n\n\n<p><b>Efectele Eroprostin<\/b> includ, de asemenea, \u00eembun\u0103t\u0103\u021birea controlului vezicii urinare, ceea ce contribuie la cre\u0219terea \u00eencrederii \u00een situa\u021biile de zi cu zi. Datorit\u0103 ac\u021biunii eficiente a unor ingrediente precum extractul din r\u0103d\u0103cin\u0103 de Maca \u0219i L-arginina, formula sus\u021bine func\u021bionarea tractului urinar, iar <b>ac\u021biunea<\/b> sa diuretic\u0103 sprijin\u0103 \u00een continuare detoxifierea organismului.<\/p>\n\n\n<figure class=\"wp-block-table\"><table class=\"has-fixed-layout\"><tbody><tr><th>Efectul<\/th><th>Descriere<\/th><th>Timpul de vizibilitate<\/th><\/tr><tr><td>Ameliorarea inflama\u021biei<\/td><td>Reducerea simptomelor inflamatorii \u00een tractul urinar<\/td><td>2 s\u0103pt\u0103m\u00e2ni<\/td><\/tr><tr><td>Cre\u0219terea confortului<\/td><td>Senza\u021bie \u00eembun\u0103t\u0103\u021bit\u0103 \u00een timpul urin\u0103rii<\/td><td>2-4 s\u0103pt\u0103m\u00e2ni<\/td><\/tr><tr><td>Consolidarea controlului vezicii urinare<\/td><td>\u00cembun\u0103t\u0103\u021birea capacit\u0103\u021bii de a controla urinarea<\/td><td>4-6 s\u0103pt\u0103m\u00e2ni<\/td><\/tr><\/tbody><\/table><\/figure>\n\n\n<p>\u00cen general, <b>efectele Eroprostin<\/b> pot duce la o <em>\u00eembun\u0103t\u0103\u021bire<\/em> semnificativ\u0103 a vie\u021bii de zi cu zi, \u00een special la b\u0103rba\u021bii cu simptomele ini\u021biale ale problemelor de prostat\u0103. Datorit\u0103 ingredientelor sale naturale, suplimentul este, de asemenea, sigur \u0219i bine tolerat de organism, ceea ce \u00eencurajeaz\u0103 \u00een continuare utilizarea sa regulat\u0103.<\/p>\n\n\n<h2 class=\"wp-block-heading\">Cum s\u0103 utiliza\u021bi corect EROPROSTIN &#8211; Dozaj<\/h2>\n\n\n<p><em>Doza<\/em> recomandat\u0103 <em>de Eroprostin<\/em> este de o capsul\u0103 pe zi, de preferin\u021b\u0103 dup\u0103 mas\u0103, cu aproximativ 200 ml de ap\u0103. <em>Modul<\/em> corect <em>de utilizare a<\/em> Eroprostin este crucial pentru s\u0103n\u0103tatea utilizatorilor. Pentru a ob\u021bine rezultate optime, este recomandat s\u0103 urma\u021bi cu stricte\u021be instruc\u021biunile furnizate de produc\u0103tor.<\/p>\n\n\n<p>Iat\u0103 c\u00e2teva puncte importante privind dozajul \u0219i utilizarea:<\/p>\n\n\n\n<ul class=\"wp-block-list\">\n<li>Citi\u021bi prospectul \u00eenainte de \u00eenceperea tratamentului.<\/li>\n\n\n\n<li>Utiliza\u021bi conform recomand\u0103rilor produc\u0103torului timp de cel pu\u021bin o lun\u0103.<\/li>\n\n\n\n<li>\u00cen mod ideal, capsula trebuie \u00eenghi\u021bit\u0103 \u00eentreag\u0103, f\u0103r\u0103 a fi mestecat\u0103.<\/li>\n<\/ul>\n\n\n<p>Produc\u0103torul subliniaz\u0103 faptul c\u0103 utilizarea regulat\u0103 a suplimentului duce la beneficii notabile pentru s\u0103n\u0103tate, inclusiv \u00eembun\u0103t\u0103\u021birea for\u021bei erectile \u0219i a satisfac\u021biei sexuale generale. Calculele statistice indic\u0103 o eficacitate ridicat\u0103 \u0219i satisfac\u021bia utilizatorului, dup\u0103 cum confirm\u0103 numeroasele <b>recenzii<\/b> actuale <b>.<\/b><\/p>\n\n\n<p>Clien\u021bii sunt adesea preocupa\u021bi de discre\u021bie, astfel \u00eenc\u00e2t Eroprostin este livrat prin curier rapid pentru un plus de confort. Nu uita\u021bi s\u0103 consulta\u021bi \u00eentotdeauna medicul dumneavoastr\u0103 \u00eenainte de a lua orice suplimente alimentare.<\/p>\n\n\n<h2 class=\"wp-block-heading\">Experien\u021bele \u0219i recenziile utilizatorilor de EROPROSTIN &#8211; care sunt recenziile?<\/h2>\n\n\n<p><b>Eroprostin recenzii<\/b> \u00een r\u00e2ndul utilizatorilor ofer\u0103 informa\u021bii valoroase cu privire la eficacitatea suplimentului. Mul\u021bi dintre ei observ\u0103 o \u00eembun\u0103t\u0103\u021bire semnificativ\u0103 a st\u0103rii lor de bine \u00eentr-o perioad\u0103 scurt\u0103 de timp, rezult\u00e2nd \u00een recenzii pozitive. De exemplu, <em>Anna<\/em> \u0219i-a \u00eemp\u0103rt\u0103\u0219it experien\u021ba, afirm\u00e2nd c\u0103, dup\u0103 utilizarea Eroprostin timp de c\u00e2teva s\u0103pt\u0103m\u00e2ni, simptomele sale legate de cistit\u0103 s-au diminuat semnificativ. Ea descrie faptul c\u0103 a sim\u021bit o \u00eembun\u0103t\u0103\u021bire a confortului \u00een ceea ce prive\u0219te func\u021bia tractului s\u0103u urinar, ceea ce a f\u0103cut o diferen\u021b\u0103 semnificativ\u0103 \u00een ceea ce prive\u0219te calitatea vie\u021bii sale.<\/p>\n\n\n<p>Un alt utilizator, subliniaz\u0103 beneficiile pentru s\u0103n\u0103tate pe care Eroprostin i le-a adus. El a observat c\u0103 suplimentul este eficient \u00een reducerea inflama\u021biei \u0219i a durerii \u0219i c\u0103 confortul s\u0103u \u00een timpul urin\u0103rii a crescut semnificativ. \u00cen plus fa\u021b\u0103 de aceasta, <b>experien\u021bele utilizatorilor<\/b> indic\u0103 faptul c\u0103 Eroprostin a avut un impact pozitiv asupra vie\u021bii intime, ceea ce s-a reflectat \u0219i \u00een feedback-ul s\u0103u.<\/p>\n\n\n<p>Maria, care utilizeaz\u0103 Eroprostin \u00een mod regulat, a observat \u00eembun\u0103t\u0103\u021biri semnificative ale calit\u0103\u021bii vie\u021bii sale. \u00cen recenziile sale, ea noteaz\u0103 c\u0103 Eroprostin s-a dovedit a fi o solu\u021bie eficient\u0103 pentru problemele urologice, iar <b>ingredientele naturale<\/b> \u00eei inspir\u0103 \u00eencredere. <b>Experien\u021bele utilizatorilor<\/b> arat\u0103 c\u0103 Eroprostin nu numai c\u0103 sprijin\u0103 <b>s\u0103n\u0103tatea vezicii urinare<\/b>, dar \u00eembun\u0103t\u0103\u021be\u0219te \u0219i bun\u0103starea general\u0103.<\/p>\n\n\n<p><b>Eroprostin recenzii<\/b> indic\u0103 \u00een mod clar eficacitatea \u0219i siguran\u021ba utiliz\u0103rii sale. Utilizatorii apreciaz\u0103 compozi\u021bia sa natural\u0103 \u0219i lipsa efectelor secundare, f\u0103c\u00e2nd acest supliment o alternativ\u0103 interesant\u0103 pentru persoanele cu probleme urologice.<\/p>\n\n\n<h2 class=\"wp-block-heading\">EROPROSTIN &#8211; Compozi\u021bie &#8211; Ce con\u021bine?<\/h2>\n\n\n<p><b>Suplimentul alimentar<\/b> Eroprostin se distinge prin <em>compozi\u021bia sa atent selectat\u0103 de ingrediente naturale<\/em> care sus\u021bin <em>s\u0103n\u0103tatea vezicii<\/em> urinare \u0219i a tractului urinar. <b>Ingredientele<\/b> din <b>Eroprostin<\/b> includ:<\/p>\n\n\n\n<ul class=\"wp-block-list\">\n<li><em>Extract de palmier sabal<\/em> &#8211; benefic pentru s\u0103n\u0103tatea prostatei.<\/li>\n\n\n\n<li><em>R\u0103d\u0103cin\u0103 de ur<\/em> zic\u0103 &#8211; sus\u021bine func\u021bia tractului urinar.<\/li>\n\n\n\n<li><em>Extract din semin\u021be de dovleac<\/em> &#8211; bogat \u00een zinc, care contribuie la s\u0103n\u0103tatea sistemului reproduc\u0103tor masculin.<\/li>\n\n\n\n<li><em>R\u0103d\u0103cin\u0103 de ghimbir<\/em> &#8211; are propriet\u0103\u021bi antiinflamatoare \u0219i favorizeaz\u0103 circula\u021bia.<\/li>\n\n\n\n<li><em>Frunza de ceai verde<\/em> &#8211; ac\u021bioneaz\u0103 ca un antioxidant, sus\u021bin\u00e2nd s\u0103n\u0103tatea general\u0103 a organismului.<\/li>\n<\/ul>\n\n\n<p>Datorit\u0103 acestor <em>ingrediente naturale<\/em>, Eroprostin poate ajuta la reglarea tensiunii arteriale \u0219i la ameliorarea simptomelor asociate cu prostatita. Utilizarea regulat\u0103 a suplimentului duce la \u00eembun\u0103t\u0103\u021birea func\u021biei erectile, cre\u0219terea libidoului \u0219i a poten\u021bei la b\u0103rba\u021bi. Acest lucru face ca Eroprostin s\u0103 fie recomandat \u00een special pentru cei care se lupt\u0103 cu probleme de <em>s\u0103n\u0103tate ale vezicii<\/em> urinare \u0219i ale tractului urinar.<\/p>\n\n\n<p>Utilizarea regulat\u0103 a Eroprostin promoveaz\u0103 echilibrul \u0219i s\u0103n\u0103tatea, iar <em>formula<\/em> sa <em>Eroprostin<\/em> este combina\u021bia perfect\u0103 de natur\u0103 \u0219i \u0219tiin\u021b\u0103 \u00een lupta \u00eempotriva problemelor de s\u0103n\u0103tate ale b\u0103rba\u021bilor.<\/p>\n\n\n<h2 class=\"wp-block-heading\">Unde s\u0103 cump\u0103ra\u021bi \u0219i care este pre\u021bul de EROPROSTIN?<\/h2>\n\n\n<p>Eroprostin poate fi achizi\u021bionat <em>numai de pe site-ul oficial al produc\u0103torului<\/em>. Achizi\u021bionarea prin acest canal asigur\u0103 originalitatea produsului \u0219i siguran\u021ba utiliz\u0103rii. Este demn de remarcat faptul c\u0103 <em>acest produs nu este disponibil \u00een farmaciile sta\u021bionare<\/em>, f\u0103c\u00e2nd cump\u0103r\u0103turile online singura op\u021biune pentru cei interesa\u021bi de \u00eembun\u0103t\u0103\u021birea s\u0103n\u0103t\u0103\u021bii vezicii urinare \u0219i a tractului urinar.<\/p>\n\n\n<p><b>Pre\u021bul<\/b> Eroprostin variaz\u0103 \u00een func\u021bie de op\u021biunea aleas\u0103 \u0219i de promo\u021biile curente. Utilizatorii ar trebui s\u0103 verifice \u00een mod regulat site-ul oficial al produc\u0103torului pentru cele mai recente informa\u021bii privind pre\u021burile \u0219i eventualele reduceri. Acest lucru poate oferi posibilitatea de a cump\u0103ra \u00een condi\u021bii foarte favorabile.<\/p>\n\n\n<p>Pentru \u00eentreb\u0103ri despre cump\u0103rare, <em>unde s\u0103<\/em> cump\u0103ra\u021bi <em>Eroprostin<\/em> \u0219i informa\u021bii generale despre produs, este recomandabil s\u0103 merge\u021bi la site-ul oficial al produc\u0103torului pentru detalii \u0219i \u0219tiri.<\/p>\n\n\n<h2 class=\"wp-block-heading\">EROPROSTIN &#8211; Efecte secundare \u0219i contraindica\u021bii &#8211; Siguran\u021ba utiliz\u0103rii<\/h2>\n\n\n<p>Eroprostin, \u00een ciuda efectelor sale pozitive asupra s\u0103n\u0103t\u0103\u021bii urogenitale, poate provoca unele <b>efecte secundare<\/b>. De\u0219i efectele secundare sunt rare, persoanele cu alergii alimentare sau intoleran\u021be cunoscute ar trebui s\u0103 evite utilizarea sa. Este important s\u0103 consulta\u021bi un medic \u00eenainte de a \u00eencepe suplimentarea, mai ales dac\u0103 ave\u021bi boli gastrointestinale, renale sau hepatice.<\/p>\n\n\n<p><b>Contraindica\u021biile<\/b> pentru utilizarea Eroprostinului includ, de asemenea, femeile \u00eens\u0103rcinate \u0219i care al\u0103pteaz\u0103, care trebuie s\u0103 manifeste pruden\u021b\u0103 extrem\u0103. Siguran\u021ba Eroprostin este la un nivel ridicat pentru b\u0103rba\u021bii cu v\u00e2rsta peste 18 ani, cu toate acestea, dac\u0103 apar simptome adverse, se recomand\u0103 \u00eentreruperea imediat\u0103 \u0219i consultarea unui medic.<\/p>\n\n\n<p>\u00cen rezumat, Eroprostin este considerat un supliment alimentar sigur, dar este esen\u021bial s\u0103 fi\u021bi con\u0219tien\u021bi de poten\u021bialele efecte secundare \u0219i contraindica\u021bii \u00eenainte de a \u00eencepe s\u0103 \u00eel utiliza\u021bi. Informarea corect\u0103 \u0219i consultarea unui specialist pot contribui la un sprijin sigur \u0219i eficient pentru s\u0103n\u0103tatea vezicii urinare \u0219i a tractului urinar.<\/p>\n","protected":false},"excerpt":{"rendered":"<p><strong>[date_countdown]<\/strong><\/p>\n<p><img decoding=\"async\" class=\"alignnone wp-image-12812\" src=\"https:\/\/policlinicacuplatagalati.ro\/farmacie\/wp-content\/uploads\/2024\/11\/SAFE-PAY-300x88-1.png\" alt=\"SAFE-PAY\" width=\"150\" height=\"44\" \/><\/p>\n","protected":false},"featured_media":12691,"comment_status":"open","ping_status":"closed","template":"","meta":{"neve_meta_sidebar":"","neve_meta_container":"","neve_meta_enable_content_width":"","neve_meta_content_width":0,"neve_meta_title_alignment":"","neve_meta_author_avatar":"","neve_post_elements_order":"","neve_meta_disable_header":"","neve_meta_disable_footer":"","neve_meta_disable_title":"","neve_meta_reading_time":""},"product_brand":[],"product_cat":[573],"product_tag":[],"class_list":{"0":"post-12692","1":"product","2":"type-product","3":"status-publish","4":"has-post-thumbnail","6":"product_cat-sanatate","8":"first","9":"instock","10":"sale","11":"shipping-taxable","12":"product-type-external"},"yoast_head":"<!-- This site is optimized with the Yoast SEO plugin v27.3 - https:\/\/yoast.com\/product\/yoast-seo-wordpress\/ -->\n<title>Eroprostin - Pareri, Forum, Efecte, Farmacie, Pre\u021b | -50%<\/title>\n<meta name=\"robots\" content=\"index, follow, max-snippet:-1, max-image-preview:large, max-video-preview:-1\" \/>\n<link rel=\"canonical\" href=\"https:\/\/policlinicacuplatagalati.ro\/farmacie\/apt\/eroprostin\/\" \/>\n<meta property=\"og:locale\" content=\"ro_RO\" \/>\n<meta property=\"og:type\" content=\"article\" \/>\n<meta property=\"og:title\" content=\"Eroprostin - Pareri, Forum, Efecte, Farmacie, Pre\u021b | -50%\" \/>\n<meta property=\"og:url\" content=\"https:\/\/policlinicacuplatagalati.ro\/farmacie\/apt\/eroprostin\/\" \/>\n<meta property=\"og:site_name\" content=\"Policlinicacuplatagalati\" \/>\n<meta property=\"article:modified_time\" content=\"2024-12-03T17:24:26+00:00\" \/>\n<meta property=\"og:image\" content=\"https:\/\/policlinicacuplatagalati.ro\/farmacie\/wp-content\/uploads\/2024\/11\/eroprostin.jpg\" \/>\n\t<meta property=\"og:image:width\" content=\"768\" \/>\n\t<meta property=\"og:image:height\" content=\"768\" \/>\n\t<meta property=\"og:image:type\" content=\"image\/jpeg\" \/>\n<meta name=\"twitter:card\" content=\"summary_large_image\" \/>\n<meta name=\"twitter:description\" content=\"[date_countdown]\" \/>\n<meta name=\"twitter:label1\" content=\"Timp estimat pentru citire\" \/>\n\t<meta name=\"twitter:data1\" content=\"1 minut\" \/>\n<script type=\"application\/ld+json\" class=\"yoast-schema-graph\">{\"@context\":\"https:\\\/\\\/schema.org\",\"@graph\":[{\"@type\":\"WebPage\",\"@id\":\"https:\\\/\\\/policlinicacuplatagalati.ro\\\/farmacie\\\/apt\\\/eroprostin\\\/\",\"url\":\"https:\\\/\\\/policlinicacuplatagalati.ro\\\/farmacie\\\/apt\\\/eroprostin\\\/\",\"name\":\"Eroprostin - Pareri, Forum, Efecte, Farmacie, Pre\u021b | -50%\",\"isPartOf\":{\"@id\":\"https:\\\/\\\/policlinicacuplatagalati.ro\\\/farmacie\\\/#website\"},\"primaryImageOfPage\":{\"@id\":\"https:\\\/\\\/policlinicacuplatagalati.ro\\\/farmacie\\\/apt\\\/eroprostin\\\/#primaryimage\"},\"image\":{\"@id\":\"https:\\\/\\\/policlinicacuplatagalati.ro\\\/farmacie\\\/apt\\\/eroprostin\\\/#primaryimage\"},\"thumbnailUrl\":\"https:\\\/\\\/policlinicacuplatagalati.ro\\\/farmacie\\\/wp-content\\\/uploads\\\/2024\\\/11\\\/eroprostin.jpg\",\"datePublished\":\"2024-11-09T19:59:50+00:00\",\"dateModified\":\"2024-12-03T17:24:26+00:00\",\"breadcrumb\":{\"@id\":\"https:\\\/\\\/policlinicacuplatagalati.ro\\\/farmacie\\\/apt\\\/eroprostin\\\/#breadcrumb\"},\"inLanguage\":\"ro-RO\",\"potentialAction\":[{\"@type\":\"ReadAction\",\"target\":[\"https:\\\/\\\/policlinicacuplatagalati.ro\\\/farmacie\\\/apt\\\/eroprostin\\\/\"]}]},{\"@type\":\"ImageObject\",\"inLanguage\":\"ro-RO\",\"@id\":\"https:\\\/\\\/policlinicacuplatagalati.ro\\\/farmacie\\\/apt\\\/eroprostin\\\/#primaryimage\",\"url\":\"https:\\\/\\\/policlinicacuplatagalati.ro\\\/farmacie\\\/wp-content\\\/uploads\\\/2024\\\/11\\\/eroprostin.jpg\",\"contentUrl\":\"https:\\\/\\\/policlinicacuplatagalati.ro\\\/farmacie\\\/wp-content\\\/uploads\\\/2024\\\/11\\\/eroprostin.jpg\",\"width\":768,\"height\":768},{\"@type\":\"BreadcrumbList\",\"@id\":\"https:\\\/\\\/policlinicacuplatagalati.ro\\\/farmacie\\\/apt\\\/eroprostin\\\/#breadcrumb\",\"itemListElement\":[{\"@type\":\"ListItem\",\"position\":1,\"name\":\"Strona g\u0142\u00f3wna\",\"item\":\"https:\\\/\\\/policlinicacuplatagalati.ro\\\/farmacie\\\/\"},{\"@type\":\"ListItem\",\"position\":2,\"name\":\"Produkte\",\"item\":\"https:\\\/\\\/policlinicacuplatagalati.ro\\\/farmacie\\\/\"},{\"@type\":\"ListItem\",\"position\":3,\"name\":\"Eroprostin\"}]},{\"@type\":\"WebSite\",\"@id\":\"https:\\\/\\\/policlinicacuplatagalati.ro\\\/farmacie\\\/#website\",\"url\":\"https:\\\/\\\/policlinicacuplatagalati.ro\\\/farmacie\\\/\",\"name\":\"Policlinicacuplatagalati\",\"description\":\"\",\"potentialAction\":[{\"@type\":\"SearchAction\",\"target\":{\"@type\":\"EntryPoint\",\"urlTemplate\":\"https:\\\/\\\/policlinicacuplatagalati.ro\\\/farmacie\\\/?s={search_term_string}\"},\"query-input\":{\"@type\":\"PropertyValueSpecification\",\"valueRequired\":true,\"valueName\":\"search_term_string\"}}],\"inLanguage\":\"ro-RO\"}]}<\/script>\n<!-- \/ Yoast SEO plugin. -->","yoast_head_json":{"title":"Eroprostin - Pareri, Forum, Efecte, Farmacie, Pre\u021b | -50%","robots":{"index":"index","follow":"follow","max-snippet":"max-snippet:-1","max-image-preview":"max-image-preview:large","max-video-preview":"max-video-preview:-1"},"canonical":"https:\/\/policlinicacuplatagalati.ro\/farmacie\/apt\/eroprostin\/","og_locale":"ro_RO","og_type":"article","og_title":"Eroprostin - Pareri, Forum, Efecte, Farmacie, Pre\u021b | -50%","og_url":"https:\/\/policlinicacuplatagalati.ro\/farmacie\/apt\/eroprostin\/","og_site_name":"Policlinicacuplatagalati","article_modified_time":"2024-12-03T17:24:26+00:00","og_image":[{"width":768,"height":768,"url":"https:\/\/policlinicacuplatagalati.ro\/farmacie\/wp-content\/uploads\/2024\/11\/eroprostin.jpg","type":"image\/jpeg"}],"twitter_card":"summary_large_image","twitter_description":"[date_countdown]","twitter_misc":{"Timp estimat pentru citire":"1 minut"},"schema":{"@context":"https:\/\/schema.org","@graph":[{"@type":"WebPage","@id":"https:\/\/policlinicacuplatagalati.ro\/farmacie\/apt\/eroprostin\/","url":"https:\/\/policlinicacuplatagalati.ro\/farmacie\/apt\/eroprostin\/","name":"Eroprostin - Pareri, Forum, Efecte, Farmacie, Pre\u021b | -50%","isPartOf":{"@id":"https:\/\/policlinicacuplatagalati.ro\/farmacie\/#website"},"primaryImageOfPage":{"@id":"https:\/\/policlinicacuplatagalati.ro\/farmacie\/apt\/eroprostin\/#primaryimage"},"image":{"@id":"https:\/\/policlinicacuplatagalati.ro\/farmacie\/apt\/eroprostin\/#primaryimage"},"thumbnailUrl":"https:\/\/policlinicacuplatagalati.ro\/farmacie\/wp-content\/uploads\/2024\/11\/eroprostin.jpg","datePublished":"2024-11-09T19:59:50+00:00","dateModified":"2024-12-03T17:24:26+00:00","breadcrumb":{"@id":"https:\/\/policlinicacuplatagalati.ro\/farmacie\/apt\/eroprostin\/#breadcrumb"},"inLanguage":"ro-RO","potentialAction":[{"@type":"ReadAction","target":["https:\/\/policlinicacuplatagalati.ro\/farmacie\/apt\/eroprostin\/"]}]},{"@type":"ImageObject","inLanguage":"ro-RO","@id":"https:\/\/policlinicacuplatagalati.ro\/farmacie\/apt\/eroprostin\/#primaryimage","url":"https:\/\/policlinicacuplatagalati.ro\/farmacie\/wp-content\/uploads\/2024\/11\/eroprostin.jpg","contentUrl":"https:\/\/policlinicacuplatagalati.ro\/farmacie\/wp-content\/uploads\/2024\/11\/eroprostin.jpg","width":768,"height":768},{"@type":"BreadcrumbList","@id":"https:\/\/policlinicacuplatagalati.ro\/farmacie\/apt\/eroprostin\/#breadcrumb","itemListElement":[{"@type":"ListItem","position":1,"name":"Strona g\u0142\u00f3wna","item":"https:\/\/policlinicacuplatagalati.ro\/farmacie\/"},{"@type":"ListItem","position":2,"name":"Produkte","item":"https:\/\/policlinicacuplatagalati.ro\/farmacie\/"},{"@type":"ListItem","position":3,"name":"Eroprostin"}]},{"@type":"WebSite","@id":"https:\/\/policlinicacuplatagalati.ro\/farmacie\/#website","url":"https:\/\/policlinicacuplatagalati.ro\/farmacie\/","name":"Policlinicacuplatagalati","description":"","potentialAction":[{"@type":"SearchAction","target":{"@type":"EntryPoint","urlTemplate":"https:\/\/policlinicacuplatagalati.ro\/farmacie\/?s={search_term_string}"},"query-input":{"@type":"PropertyValueSpecification","valueRequired":true,"valueName":"search_term_string"}}],"inLanguage":"ro-RO"}]}},"_links":{"self":[{"href":"https:\/\/policlinicacuplatagalati.ro\/farmacie\/wp-json\/wp\/v2\/product\/12692","targetHints":{"allow":["GET"]}}],"collection":[{"href":"https:\/\/policlinicacuplatagalati.ro\/farmacie\/wp-json\/wp\/v2\/product"}],"about":[{"href":"https:\/\/policlinicacuplatagalati.ro\/farmacie\/wp-json\/wp\/v2\/types\/product"}],"replies":[{"embeddable":true,"href":"https:\/\/policlinicacuplatagalati.ro\/farmacie\/wp-json\/wp\/v2\/comments?post=12692"}],"wp:featuredmedia":[{"embeddable":true,"href":"https:\/\/policlinicacuplatagalati.ro\/farmacie\/wp-json\/wp\/v2\/media\/12691"}],"wp:attachment":[{"href":"https:\/\/policlinicacuplatagalati.ro\/farmacie\/wp-json\/wp\/v2\/media?parent=12692"}],"wp:term":[{"taxonomy":"product_brand","embeddable":true,"href":"https:\/\/policlinicacuplatagalati.ro\/farmacie\/wp-json\/wp\/v2\/product_brand?post=12692"},{"taxonomy":"product_cat","embeddable":true,"href":"https:\/\/policlinicacuplatagalati.ro\/farmacie\/wp-json\/wp\/v2\/product_cat?post=12692"},{"taxonomy":"product_tag","embeddable":true,"href":"https:\/\/policlinicacuplatagalati.ro\/farmacie\/wp-json\/wp\/v2\/product_tag?post=12692"}],"curies":[{"name":"wp","href":"https:\/\/api.w.org\/{rel}","templated":true}]}}