{"id":12696,"date":"2024-11-09T20:59:51","date_gmt":"2024-11-09T19:59:51","guid":{"rendered":"https:\/\/policlinicacuplatagalati.ro\/farmacie\/apt\/micardium\/"},"modified":"2024-12-05T13:37:37","modified_gmt":"2024-12-05T12:37:37","slug":"micardium","status":"publish","type":"product","link":"https:\/\/policlinicacuplatagalati.ro\/farmacie\/apt\/micardium\/","title":{"rendered":"Micardium"},"content":{"rendered":"<h2 class=\"wp-block-heading\">Ce este Micardium \u0219i cum func\u021bioneaz\u0103?<\/h2>\n\n\n<p>Micardium este un <em>supliment alimentar<\/em> care sus\u021bine <b>s\u0103n\u0103tatea inimii<\/b> \u0219i func\u021bia cardiovascular\u0103. <em>Ac\u021biunea<\/em> sa <em>d<\/em> se bazeaz\u0103 pe ingredientul activ telmisartan, care scade tensiunea arterial\u0103. Datorit\u0103 acestor propriet\u0103\u021bi, Micardium are un efect pozitiv asupra <b>circula\u021biei<\/b> \u0219i bun\u0103st\u0103rii generale a utilizatorilor.<\/p>\n\n\n<p>Telmisartanul con\u021binut \u00een Micardium nu numai c\u0103 reduce tensiunea arterial\u0103, dar sprijin\u0103 \u0219i organismul \u00een ap\u0103rarea sa \u00eempotriva bolilor de inim\u0103. Ingredientele-cheie <b>din<\/b> formul\u0103 au un <b>efect<\/b> antiinflamator, care contribuie la protec\u021bia sistemului cardiovascular. <b>Utilizarea<\/b> regulat\u0103 poate contribui la ameliorarea simptomelor hipertensiunii arteriale \u0219i, de asemenea, la reducerea riscului de afec\u021biuni cardiovasculare mai grave.<\/p>\n\n\n<p><b>Efectele<\/b> terapeutice <b>ale<\/b> Micardium sunt vizibile dup\u0103 c\u00e2teva s\u0103pt\u0103m\u00e2ni de utilizare, f\u0103c\u00e2ndu-l o solu\u021bie recomandat\u0103 pentru persoanele cu probleme de presiune. Pentru costul unei achizi\u021bii unice, utilizatorii primesc un sprijin complet \u00een \u00eengrijirea <b>s\u0103n\u0103t\u0103\u021bii inimii<\/b> lor. Din acest motiv, Micardium c\u00e2\u0219tig\u0103 popularitate \u00een r\u00e2ndul persoanelor care caut\u0103 metode naturale pentru a-\u0219i sus\u021bine organismul.<\/p>\n\n\n<h2 class=\"wp-block-heading\">Micardium &#8211; efecte<\/h2>\n\n\n<p><b>Utilizarea<\/b> Micardium are o serie de <em>efecte<\/em> pozitive care contribuie la \u00eembun\u0103t\u0103\u021birea <em>s\u0103n\u0103t\u0103\u021bii inimii<\/em> \u0219i a <em>circula\u021biei<\/em>. Compozi\u021bia unic\u0103 a suplimentului, bogat\u0103 \u00een <b>ingrediente<\/b> naturale, are un efect pozitiv asupra organismului, dup\u0103 cum confirm\u0103 numeroase studii \u0219i <b>feedback-ul<\/b> utilizatorilor.<\/p>\n\n\n<p>Mul\u021bi au observat <em>o \u00eembun\u0103t\u0103\u021bire semnificativ\u0103<\/em> a calit\u0103\u021bii vie\u021bii lor. Statisticile arat\u0103 c\u0103 p\u00e2n\u0103 la 78% dintre utilizatori au experimentat schimb\u0103ri semnificative dup\u0103 utilizarea Micardium. Majoritatea oamenilor simt beneficiile \u00een primele c\u00e2teva s\u0103pt\u0103m\u00e2ni, iar 80% observ\u0103 <b>efectele<\/b> dup\u0103 o lun\u0103 de utilizare regulat\u0103. Prin ac\u021biunea sa de normalizare a tensiunii arteriale \u0219i de \u00eembun\u0103t\u0103\u021bire a elasticit\u0103\u021bii vaselor de s\u00e2nge, Micardium devine un sprijin valoros \u00een prevenirea zilnic\u0103 a bolilor de inim\u0103.<\/p>\n\n\n<p>Suplimentul are, de asemenea, un efect asupra sc\u0103derii nivelului de colesterol din s\u00e2nge, care este crucial pentru s\u0103n\u0103tatea cardiovascular\u0103. \u00cen plus, utilizatorii indic\u0103 adesea o cre\u0219tere a <em>vitalit\u0103\u021bii<\/em> \u0219i o \u00eembun\u0103t\u0103\u021bire general\u0103 a s\u0103n\u0103t\u0103\u021bii.<\/p>\n\n\n<p>Datorit\u0103 ingredientelor sale naturale, Micardium este sigur \u0219i bine tolerat, ceea ce \u00eel face sigur de utilizat f\u0103r\u0103 a v\u0103 face griji cu privire la <b>efectele secundare<\/b>. Aceast\u0103 combina\u021bie de beneficii face din Micardium o alegere interesant\u0103 pentru oricine caut\u0103 sprijin pentru <em>s\u0103n\u0103tatea inimii<\/em> sale.<\/p>\n\n\n<h2 class=\"wp-block-heading\">Cum s\u0103 utiliza\u021bi corect Micardium &#8211; Dozaj<\/h2>\n\n\n<p><b>Doza<\/b> corect\u0103 <b>de<\/b> Micardium este esen\u021bial\u0103 pentru asigurarea unor rezultate optime. Produc\u0103torul recomand\u0103 ca suplimentul s\u0103 fie utilizat \u00een conformitate cu regulile specificate. Doza standard este de 1 p\u00e2n\u0103 la 2 capsule pe zi, sorbite cu mult\u0103 ap\u0103.<\/p>\n\n\n<p>Utilizarea regulat\u0103 este esen\u021bial\u0103 pentru a ob\u021bine efectele dorite asupra s\u0103n\u0103t\u0103\u021bii. Este recomandat s\u0103 \u00eencorpora\u021bi Micardium \u00een rutina zilnic\u0103 pentru cel mai bun efect asupra organismului dumneavoastr\u0103. Pentru cei cu alte afec\u021biuni medicale, este \u00eentotdeauna recomandabil s\u0103 consulta\u021bi un medic \u00eenainte de a \u00eencepe utilizarea.<\/p>\n\n\n<p>Prin respectarea acestor principii, Micardium poate fi <b>utilizat<\/b> \u00een mod eficient \u0219i beneficiile pentru s\u0103n\u0103tate ale supliment\u0103rii pot fi maximizate. Consumul regulat este esen\u021bial pentru men\u021binerea s\u0103n\u0103t\u0103\u021bii cardiovasculare.<\/p>\n\n\n<h2 class=\"wp-block-heading\">Experien\u021ba utilizatorului \u0219i recenziile Micardium &#8211; ce sunt recenziile?<\/h2>\n\n\n<p><b>Comentariile<\/b> utilizatorilor despre Micardium indic\u0103 adesea o <b>experien\u021b\u0103<\/b> pozitiv\u0103 \u0219i \u00eembun\u0103t\u0103\u021biri semnificative ale s\u0103n\u0103t\u0103\u021bii. Clien\u021bii laud\u0103 <b>efectele<\/b> suplimentului asupra sistemului cardiovascular \u0219i a tensiunii arteriale, dup\u0103 cum confirm\u0103 propriile lor <b>recenzii<\/b>.<\/p>\n\n\n\n<blockquote class=\"wp-block-quote is-layout-flow wp-block-quote-is-layout-flow\"><p><em>Ania:<\/em> &#8222;Folosesc Micardium de trei luni \u0219i am observat o \u00eembun\u0103t\u0103\u021bire uria\u0219\u0103 a st\u0103rii mele de bine. Tensiunea mea arterial\u0103 s-a normalizat \u0219i m\u0103 simt mult mai bine. A\u0219 recomanda cu siguran\u021b\u0103 acest supliment oric\u0103rei persoane care se lupt\u0103 cu probleme de hipertensiune arterial\u0103.&#8221;<\/p>\n<\/blockquote>\n\n\n\n<blockquote class=\"wp-block-quote is-layout-flow wp-block-quote-is-layout-flow\"><p><em>Tom:<\/em> &#8222;Am avut anterior probleme cu tensiunea arterial\u0103 \u0219i a trebuit s\u0103 iau medicamente \u00een mod regulat. Dup\u0103 ce am \u00eenceput s\u0103 folosesc Micardium, am observat c\u0103 mi-am putut reduce medica\u021bia farmaceutic\u0103. M\u0103 simt mai s\u0103n\u0103tos \u0219i am mai mult\u0103 energie.&#8221;<\/p>\n<\/blockquote>\n\n\n\n<blockquote class=\"wp-block-quote is-layout-flow wp-block-quote-is-layout-flow\"><p><em>Kasia:<\/em> &#8222;Micardium este un supliment excelent. Dup\u0103 o lun\u0103 am observat o \u00eembun\u0103t\u0103\u021bire nu numai a tensiunii arteriale, ci \u0219i a vitalit\u0103\u021bii mele generale. Este un produs \u00een care am \u00eencredere \u0219i pe care \u00eel folosesc zilnic.&#8221;<\/p>\n<\/blockquote>\n\n\n<p>Aceste <b>experien\u021be<\/b> individuale arat\u0103 c\u0103 Micardium c\u00e2\u0219tig\u0103 recunoa\u0219tere \u00een r\u00e2ndul utilizatorilor, care apreciaz\u0103 <b>compozi\u021bia<\/b> \u0219i eficacitatea sa natural\u0103. Recenzile disponibile confirm\u0103 faptul c\u0103 produsul are un efect pozitiv asupra <b>s\u0103n\u0103t\u0103\u021bii inimii<\/b> \u0219i a <b>circula\u021biei<\/b>.<\/p>\n\n\n<p><b>Recenzile<\/b> de mai sus sunt reprezentative pentru mul\u021bi utilizatori mul\u021bumi\u021bi care recunosc c\u0103 Micardium joac\u0103 un rol important \u00een via\u021ba lor de zi cu zi.<\/p>\n\n\n<h2 class=\"wp-block-heading\">Compozi\u021bia Micardium &#8211; Ce con\u021bine?<\/h2>\n\n\n<p>Micardium este un <em>supliment alimentar<\/em> conceput pentru a sus\u021bine s\u0103n\u0103tatea inimii \u0219i a sistemului cardiovascular. <em>Formula<\/em> sa, bazat\u0103 pe <em>ingrediente<\/em> naturale, contribuie la \u00eembun\u0103t\u0103\u021birea s\u0103n\u0103t\u0103\u021bii inimii \u0219i la reducerea riscului de afec\u021biuni grave.<\/p>\n\n\n<p>Printre cele mai importante <em>componente ale<\/em> Micardium sunt:<\/p>\n\n\n\n<ul class=\"wp-block-list\">\n<li>Extract de usturoi &#8211; cunoscut pentru propriet\u0103\u021bile sale de sc\u0103dere a tensiunii arteriale.<\/li>\n\n\n\n<li>Antioxidan\u021bi &#8211; neutralizeaz\u0103 efectele radicalilor liberi, ceea ce este benefic pentru s\u0103n\u0103tatea inimii.<\/li>\n\n\n\n<li>Extracte de plante &#8211; sus\u021bin metabolismul lipidic, care ajut\u0103 la reducerea colesterolului.<\/li>\n<\/ul>\n\n\n<p>Datorit\u0103 <em>compozi\u021biei<\/em> sale unice, Micardium este recunoscut ca un <em>supliment alimentar<\/em> eficient pentru persoanele care doresc s\u0103 aib\u0103 grij\u0103 de inima lor \u0219i de sistemul cardiovascular.<\/p>\n\n\n<h2 class=\"wp-block-heading\">Unde s\u0103 cump\u0103ra\u021bi Micardium &#8211; pre\u021b<\/h2>\n\n\n<p>Micardium poate fi achizi\u021bionat numai de pe <em>site-ul oficial al produc\u0103torului<\/em>. Acest lucru asigur\u0103 faptul c\u0103 clien\u021bii primesc produsul original, ceea ce este extrem de important \u00een contextul suplimentelor alimentare. Pre\u021burile Micardium pot varia \u00een func\u021bie de promo\u021biile \u0219i ofertele curente, deci merit\u0103 s\u0103 verifica\u021bi site-ul produc\u0103torului \u00een mod regulat pentru a profita de reducerile disponibile.<\/p>\n\n\n<p>Spre deosebire de multe alte suplimente, Micardium nu este disponibil \u00een farmaciile sta\u021bionare. Prin urmare, c\u0103utarea de informa\u021bii despre <em>unde s\u0103 cump\u0103ra\u021bi<\/em> Micardium ar trebui s\u0103 se concentreze pe platformele online. De exemplu, atunci c\u00e2nd cump\u0103r\u0103 online, clien\u021bii se pot a\u0219tepta la diverse promo\u021bii care reduc <em>pre\u021bul<\/em> produsului cu p\u00e2n\u0103 la 50%.<\/p>\n\n\n<p>Vizit\u00e2nd <em>site-ul oficial al produc\u0103torului<\/em>, clien\u021bii pot g\u0103si, de asemenea, informa\u021bii detaliate despre produs, sfaturi privind dozajul \u0219i op\u021biunile de plat\u0103 disponibile. Este demn de remarcat faptul c\u0103, prin schimbarea ofertei \u00een func\u021bie de sezon, pot fi adesea g\u0103site oferte atractive, f\u0103c\u00e2nd Micardium \u0219i mai accesibil.<\/p>\n\n\n\n<ul class=\"wp-block-list\">\n<li>Micardium disponibil numai online<\/li>\n\n\n\n<li>Diverse promo\u021bii pe site-ul oficial<\/li>\n\n\n\n<li><b>Pre\u021bul<\/b> poate varia \u00een func\u021bie de ofert\u0103<\/li>\n\n\n\n<li>Lipsa de disponibilitate \u00een farmaciile sta\u021bionare<\/li>\n<\/ul>\n\n\n<h2 class=\"wp-block-heading\">Micardium &#8211; Efecte secundare \u0219i contraindica\u021bii<\/h2>\n\n\n<p>Micardium, ca orice <b>supliment alimentar<\/b>, poate fi asociat cu unele <strong>efecte secundare<\/strong>. Utilizatorii trebuie s\u0103 fie con\u0219tien\u021bi de faptul c\u0103 cei cu alergii la oricare dintre ingredientele sale ar trebui s\u0103 evite utilizarea acestui produs. \u00cen caz de reac\u021bii alergice sau alte simptome \u00eengrijor\u0103toare, se recomand\u0103 \u00eentreruperea imediat\u0103 a tratamentului \u0219i consultarea unui specialist.<\/p>\n\n\n<p>\u00cen plus, exist\u0103 <strong>contraindica\u021bii<\/strong> pentru utilizarea Micardium. Persoanele care iau medicamente pentru sc\u0103derea tensiunii arteriale trebuie s\u0103 \u00ee\u0219i consulte medicul \u00eenainte de a \u00eencepe suplimentarea pentru a asigura <strong>siguran\u021ba<\/strong> s\u0103n\u0103t\u0103\u021bii lor. Fiecare caz trebuie analizat individual pentru a evita poten\u021biale interac\u021biuni.<\/p>\n\n\n<p>Este demn de remarcat faptul c\u0103 monitorizarea regulat\u0103 a st\u0103rii de bine dup\u0103 \u00eenceperea Micardium este crucial\u0103. Dac\u0103 apar simptome precum ame\u021beli, dureri de cap sau alte semne \u00eengrijor\u0103toare, este esen\u021bial s\u0103 v\u0103 consulta\u021bi medicul \u0219i s\u0103 lua\u021bi \u00een considerare forme alternative de sprijin pentru s\u0103n\u0103tatea inimii.<\/p>\n","protected":false},"excerpt":{"rendered":"<p><strong>[date_countdown]<\/strong><\/p>\n<p><img decoding=\"async\" class=\"alignnone wp-image-12812\" src=\"https:\/\/policlinicacuplatagalati.ro\/farmacie\/wp-content\/uploads\/2024\/11\/SAFE-PAY-300x88-1.png\" alt=\"SAFE-PAY\" width=\"150\" height=\"44\" \/><\/p>\n","protected":false},"featured_media":12199,"comment_status":"open","ping_status":"closed","template":"","meta":{"neve_meta_sidebar":"","neve_meta_container":"","neve_meta_enable_content_width":"","neve_meta_content_width":0,"neve_meta_title_alignment":"","neve_meta_author_avatar":"","neve_post_elements_order":"","neve_meta_disable_header":"","neve_meta_disable_footer":"","neve_meta_disable_title":"","neve_meta_reading_time":""},"product_brand":[],"product_cat":[573],"product_tag":[],"class_list":{"0":"post-12696","1":"product","2":"type-product","3":"status-publish","4":"has-post-thumbnail","6":"product_cat-sanatate","8":"first","9":"instock","10":"sale","11":"shipping-taxable","12":"product-type-external"},"yoast_head":"<!-- This site is optimized with the Yoast SEO plugin v27.3 - https:\/\/yoast.com\/product\/yoast-seo-wordpress\/ -->\n<title>Micardium - Pareri, Forum, Efecte, Farmacie, Pre\u021b | -50%<\/title>\n<meta name=\"robots\" content=\"index, follow, max-snippet:-1, max-image-preview:large, max-video-preview:-1\" \/>\n<link rel=\"canonical\" href=\"https:\/\/policlinicacuplatagalati.ro\/farmacie\/apt\/micardium\/\" \/>\n<meta property=\"og:locale\" content=\"ro_RO\" \/>\n<meta property=\"og:type\" content=\"article\" \/>\n<meta property=\"og:title\" content=\"Micardium - Pareri, Forum, Efecte, Farmacie, Pre\u021b | -50%\" \/>\n<meta property=\"og:url\" content=\"https:\/\/policlinicacuplatagalati.ro\/farmacie\/apt\/micardium\/\" \/>\n<meta property=\"og:site_name\" content=\"Policlinicacuplatagalati\" \/>\n<meta property=\"article:modified_time\" content=\"2024-12-05T12:37:37+00:00\" \/>\n<meta property=\"og:image\" content=\"https:\/\/policlinicacuplatagalati.ro\/farmacie\/wp-content\/uploads\/2024\/11\/Micardium.jpg\" \/>\n\t<meta property=\"og:image:width\" content=\"768\" \/>\n\t<meta property=\"og:image:height\" content=\"768\" \/>\n\t<meta property=\"og:image:type\" content=\"image\/jpeg\" \/>\n<meta name=\"twitter:card\" content=\"summary_large_image\" \/>\n<meta name=\"twitter:description\" content=\"[date_countdown]\" \/>\n<meta name=\"twitter:label1\" content=\"Timp estimat pentru citire\" \/>\n\t<meta name=\"twitter:data1\" content=\"1 minut\" \/>\n<script type=\"application\/ld+json\" class=\"yoast-schema-graph\">{\"@context\":\"https:\\\/\\\/schema.org\",\"@graph\":[{\"@type\":\"WebPage\",\"@id\":\"https:\\\/\\\/policlinicacuplatagalati.ro\\\/farmacie\\\/apt\\\/micardium\\\/\",\"url\":\"https:\\\/\\\/policlinicacuplatagalati.ro\\\/farmacie\\\/apt\\\/micardium\\\/\",\"name\":\"Micardium - Pareri, Forum, Efecte, Farmacie, Pre\u021b | -50%\",\"isPartOf\":{\"@id\":\"https:\\\/\\\/policlinicacuplatagalati.ro\\\/farmacie\\\/#website\"},\"primaryImageOfPage\":{\"@id\":\"https:\\\/\\\/policlinicacuplatagalati.ro\\\/farmacie\\\/apt\\\/micardium\\\/#primaryimage\"},\"image\":{\"@id\":\"https:\\\/\\\/policlinicacuplatagalati.ro\\\/farmacie\\\/apt\\\/micardium\\\/#primaryimage\"},\"thumbnailUrl\":\"https:\\\/\\\/policlinicacuplatagalati.ro\\\/farmacie\\\/wp-content\\\/uploads\\\/2024\\\/11\\\/Micardium.jpg\",\"datePublished\":\"2024-11-09T19:59:51+00:00\",\"dateModified\":\"2024-12-05T12:37:37+00:00\",\"breadcrumb\":{\"@id\":\"https:\\\/\\\/policlinicacuplatagalati.ro\\\/farmacie\\\/apt\\\/micardium\\\/#breadcrumb\"},\"inLanguage\":\"ro-RO\",\"potentialAction\":[{\"@type\":\"ReadAction\",\"target\":[\"https:\\\/\\\/policlinicacuplatagalati.ro\\\/farmacie\\\/apt\\\/micardium\\\/\"]}]},{\"@type\":\"ImageObject\",\"inLanguage\":\"ro-RO\",\"@id\":\"https:\\\/\\\/policlinicacuplatagalati.ro\\\/farmacie\\\/apt\\\/micardium\\\/#primaryimage\",\"url\":\"https:\\\/\\\/policlinicacuplatagalati.ro\\\/farmacie\\\/wp-content\\\/uploads\\\/2024\\\/11\\\/Micardium.jpg\",\"contentUrl\":\"https:\\\/\\\/policlinicacuplatagalati.ro\\\/farmacie\\\/wp-content\\\/uploads\\\/2024\\\/11\\\/Micardium.jpg\",\"width\":768,\"height\":768},{\"@type\":\"BreadcrumbList\",\"@id\":\"https:\\\/\\\/policlinicacuplatagalati.ro\\\/farmacie\\\/apt\\\/micardium\\\/#breadcrumb\",\"itemListElement\":[{\"@type\":\"ListItem\",\"position\":1,\"name\":\"Strona g\u0142\u00f3wna\",\"item\":\"https:\\\/\\\/policlinicacuplatagalati.ro\\\/farmacie\\\/\"},{\"@type\":\"ListItem\",\"position\":2,\"name\":\"Produkte\",\"item\":\"https:\\\/\\\/policlinicacuplatagalati.ro\\\/farmacie\\\/\"},{\"@type\":\"ListItem\",\"position\":3,\"name\":\"Micardium\"}]},{\"@type\":\"WebSite\",\"@id\":\"https:\\\/\\\/policlinicacuplatagalati.ro\\\/farmacie\\\/#website\",\"url\":\"https:\\\/\\\/policlinicacuplatagalati.ro\\\/farmacie\\\/\",\"name\":\"Policlinicacuplatagalati\",\"description\":\"\",\"potentialAction\":[{\"@type\":\"SearchAction\",\"target\":{\"@type\":\"EntryPoint\",\"urlTemplate\":\"https:\\\/\\\/policlinicacuplatagalati.ro\\\/farmacie\\\/?s={search_term_string}\"},\"query-input\":{\"@type\":\"PropertyValueSpecification\",\"valueRequired\":true,\"valueName\":\"search_term_string\"}}],\"inLanguage\":\"ro-RO\"}]}<\/script>\n<!-- \/ Yoast SEO plugin. -->","yoast_head_json":{"title":"Micardium - Pareri, Forum, Efecte, Farmacie, Pre\u021b | -50%","robots":{"index":"index","follow":"follow","max-snippet":"max-snippet:-1","max-image-preview":"max-image-preview:large","max-video-preview":"max-video-preview:-1"},"canonical":"https:\/\/policlinicacuplatagalati.ro\/farmacie\/apt\/micardium\/","og_locale":"ro_RO","og_type":"article","og_title":"Micardium - Pareri, Forum, Efecte, Farmacie, Pre\u021b | -50%","og_url":"https:\/\/policlinicacuplatagalati.ro\/farmacie\/apt\/micardium\/","og_site_name":"Policlinicacuplatagalati","article_modified_time":"2024-12-05T12:37:37+00:00","og_image":[{"width":768,"height":768,"url":"https:\/\/policlinicacuplatagalati.ro\/farmacie\/wp-content\/uploads\/2024\/11\/Micardium.jpg","type":"image\/jpeg"}],"twitter_card":"summary_large_image","twitter_description":"[date_countdown]","twitter_misc":{"Timp estimat pentru citire":"1 minut"},"schema":{"@context":"https:\/\/schema.org","@graph":[{"@type":"WebPage","@id":"https:\/\/policlinicacuplatagalati.ro\/farmacie\/apt\/micardium\/","url":"https:\/\/policlinicacuplatagalati.ro\/farmacie\/apt\/micardium\/","name":"Micardium - Pareri, Forum, Efecte, Farmacie, Pre\u021b | -50%","isPartOf":{"@id":"https:\/\/policlinicacuplatagalati.ro\/farmacie\/#website"},"primaryImageOfPage":{"@id":"https:\/\/policlinicacuplatagalati.ro\/farmacie\/apt\/micardium\/#primaryimage"},"image":{"@id":"https:\/\/policlinicacuplatagalati.ro\/farmacie\/apt\/micardium\/#primaryimage"},"thumbnailUrl":"https:\/\/policlinicacuplatagalati.ro\/farmacie\/wp-content\/uploads\/2024\/11\/Micardium.jpg","datePublished":"2024-11-09T19:59:51+00:00","dateModified":"2024-12-05T12:37:37+00:00","breadcrumb":{"@id":"https:\/\/policlinicacuplatagalati.ro\/farmacie\/apt\/micardium\/#breadcrumb"},"inLanguage":"ro-RO","potentialAction":[{"@type":"ReadAction","target":["https:\/\/policlinicacuplatagalati.ro\/farmacie\/apt\/micardium\/"]}]},{"@type":"ImageObject","inLanguage":"ro-RO","@id":"https:\/\/policlinicacuplatagalati.ro\/farmacie\/apt\/micardium\/#primaryimage","url":"https:\/\/policlinicacuplatagalati.ro\/farmacie\/wp-content\/uploads\/2024\/11\/Micardium.jpg","contentUrl":"https:\/\/policlinicacuplatagalati.ro\/farmacie\/wp-content\/uploads\/2024\/11\/Micardium.jpg","width":768,"height":768},{"@type":"BreadcrumbList","@id":"https:\/\/policlinicacuplatagalati.ro\/farmacie\/apt\/micardium\/#breadcrumb","itemListElement":[{"@type":"ListItem","position":1,"name":"Strona g\u0142\u00f3wna","item":"https:\/\/policlinicacuplatagalati.ro\/farmacie\/"},{"@type":"ListItem","position":2,"name":"Produkte","item":"https:\/\/policlinicacuplatagalati.ro\/farmacie\/"},{"@type":"ListItem","position":3,"name":"Micardium"}]},{"@type":"WebSite","@id":"https:\/\/policlinicacuplatagalati.ro\/farmacie\/#website","url":"https:\/\/policlinicacuplatagalati.ro\/farmacie\/","name":"Policlinicacuplatagalati","description":"","potentialAction":[{"@type":"SearchAction","target":{"@type":"EntryPoint","urlTemplate":"https:\/\/policlinicacuplatagalati.ro\/farmacie\/?s={search_term_string}"},"query-input":{"@type":"PropertyValueSpecification","valueRequired":true,"valueName":"search_term_string"}}],"inLanguage":"ro-RO"}]}},"_links":{"self":[{"href":"https:\/\/policlinicacuplatagalati.ro\/farmacie\/wp-json\/wp\/v2\/product\/12696","targetHints":{"allow":["GET"]}}],"collection":[{"href":"https:\/\/policlinicacuplatagalati.ro\/farmacie\/wp-json\/wp\/v2\/product"}],"about":[{"href":"https:\/\/policlinicacuplatagalati.ro\/farmacie\/wp-json\/wp\/v2\/types\/product"}],"replies":[{"embeddable":true,"href":"https:\/\/policlinicacuplatagalati.ro\/farmacie\/wp-json\/wp\/v2\/comments?post=12696"}],"wp:featuredmedia":[{"embeddable":true,"href":"https:\/\/policlinicacuplatagalati.ro\/farmacie\/wp-json\/wp\/v2\/media\/12199"}],"wp:attachment":[{"href":"https:\/\/policlinicacuplatagalati.ro\/farmacie\/wp-json\/wp\/v2\/media?parent=12696"}],"wp:term":[{"taxonomy":"product_brand","embeddable":true,"href":"https:\/\/policlinicacuplatagalati.ro\/farmacie\/wp-json\/wp\/v2\/product_brand?post=12696"},{"taxonomy":"product_cat","embeddable":true,"href":"https:\/\/policlinicacuplatagalati.ro\/farmacie\/wp-json\/wp\/v2\/product_cat?post=12696"},{"taxonomy":"product_tag","embeddable":true,"href":"https:\/\/policlinicacuplatagalati.ro\/farmacie\/wp-json\/wp\/v2\/product_tag?post=12696"}],"curies":[{"name":"wp","href":"https:\/\/api.w.org\/{rel}","templated":true}]}}