{"id":12766,"date":"2024-11-09T21:00:18","date_gmt":"2024-11-09T20:00:18","guid":{"rendered":"https:\/\/policlinicacuplatagalati.ro\/farmacie\/apt\/relaton\/"},"modified":"2024-11-23T14:04:27","modified_gmt":"2024-11-23T13:04:27","slug":"relaton","status":"publish","type":"product","link":"https:\/\/policlinicacuplatagalati.ro\/farmacie\/apt\/relaton\/","title":{"rendered":"Relaton"},"content":{"rendered":"\n<h2 class=\"wp-block-heading\">Ce este Relaton \u0219i cum func\u021bioneaz\u0103?<\/h2>\n\n\n\n<p><b>Relaton<\/b> este un <b>supliment alimentar<\/b> inovator conceput pentru persoanele cu probleme de auz \u0219i alte afec\u021biuni legate de sistemul auditiv. <b>Ac\u021biunea<\/b> sa se bazeaz\u0103 pe furnizarea de ingrediente concentrate concepute pentru a sus\u021bine func\u021bionarea normal\u0103 a organismului. Principalele ingrediente active din <b>Relaton<\/b> influen\u021beaz\u0103 metabolismul \u0219i sus\u021bin sistemul imunitar, ceea ce promoveaz\u0103 \u00eembun\u0103t\u0103\u021birea general\u0103 a s\u0103n\u0103t\u0103\u021bii.<\/p>\n\n\n\n<p><b>Utilizarea<\/b> regulat\u0103 <b>a<\/b> acestui supliment alimentar poate oferi o varietate de beneficii, cum ar fi:<\/p>\n\n\n\n<ul class=\"wp-block-list\">\n<li>\u00cembun\u0103t\u0103\u021birea auzului<\/li>\n\n\n\n<li>Acuitate auditiv\u0103 crescut\u0103<\/li>\n\n\n\n<li>\u00cembun\u0103t\u0103\u021birea capacit\u0103\u021bii de a recunoa\u0219te sunetele \u0219i tonurile<\/li>\n\n\n\n<li>Reducerea tinitusului<\/li>\n\n\n\n<li>Cre\u0219terea capacit\u0103\u021bii de a \u00een\u021belege vorbirea<\/li>\n\n\n\n<li>Reducerea oboselii auditive<\/li>\n<\/ul>\n\n\n\n<p>Mul\u021bi utilizatori observ\u0103 <b>efecte<\/b> pozitive dup\u0103 c\u00e2teva s\u0103pt\u0103m\u00e2ni de administrare regulat\u0103 a <b>Relaton<\/b>. Doza recomandat\u0103 este de o capsul\u0103 pe zi, luat\u0103 de preferin\u021b\u0103 diminea\u021ba \u00eenainte de mese. Datorit\u0103 ingredientelor sale naturale, <b>suplimentul<\/b> c\u00e2\u0219tig\u0103 popularitate, iar <b>recenziile<\/b> sunt cople\u0219itor de pozitive.<\/p>\n\n\n\n<figure class=\"wp-block-table\"><table class=\"has-fixed-layout\"><tbody><tr><th>Beneficii<\/th><th>Timpul p\u00e2n\u0103 la observarea efectelor<\/th><th>Doza recomandat\u0103<\/th><\/tr><tr><td>Auzul se \u00eembun\u0103t\u0103\u021be\u0219te<\/td><td>Dup\u0103 c\u00e2teva s\u0103pt\u0103m\u00e2ni<\/td><td>1 capsul\u0103 pe zi<\/td><\/tr><tr><td>\u00cembun\u0103t\u0103\u021birea acuit\u0103\u021bii auditive<\/td><td>Dup\u0103 c\u00e2teva s\u0103pt\u0103m\u00e2ni<\/td><td>1 capsul\u0103 pe zi<\/td><\/tr><tr><td>Reducerea tinitusului<\/td><td>Dup\u0103 c\u00e2teva s\u0103pt\u0103m\u00e2ni<\/td><td>1 capsul\u0103 pe zi<\/td><\/tr><\/tbody><\/table><\/figure>\n\n\n\n<p>Relaton este disponibil numai online, ceea ce face cump\u0103r\u0103turile convenabile \u0219i sigure. Din acest motiv, merit\u0103 s\u0103 monitoriza\u021bi site-ul oficial al produsului pentru informa\u021bii actualizate privind disponibilitatea \u0219i promo\u021biile.<\/p>\n\n\n\n<h2 class=\"wp-block-heading\">Efectele administr\u0103rii Relaton<\/h2>\n\n\n\n<p><b>Utilizarea<\/b> suplimentului alimentar Relaton poate contribui la o serie de efecte pozitive asupra s\u0103n\u0103t\u0103\u021bii. Utilizatorii raporteaz\u0103 \u00eembun\u0103t\u0103\u021biri semnificative ale bun\u0103st\u0103rii generale, rezult\u00e2nd o mai bun\u0103 calitate a vie\u021bii. <b>Efectele<\/b> pozitive includ:<\/p>\n\n\n\n<ul class=\"wp-block-list\">\n<li><em>\u00cembun\u0103t\u0103\u021birea auzului<\/em> &#8211; consumul regulat de Relaton \u00eembun\u0103t\u0103\u021be\u0219te acuitatea auzului pentru o mai bun\u0103 \u00een\u021belegere a vorbirii \u0219i o reducere a pl\u00e2ngerilor de tinitus.<\/li>\n\n\n\n<li><em>Sprijin pentru regenerare<\/em> &#8211; ingredientele suplimentului, cum ar fi melatonina \u0219i extractul de ginkgo biloba, sprijin\u0103 regenerarea celulelor auditive \u0219i \u00eembun\u0103t\u0103\u021besc circula\u021bia s\u00e2ngelui \u00een interiorul urechilor.<\/li>\n\n\n\n<li><em>Reducerea durerii \u0219i a disconfortului<\/em> &#8211; utilizatorii observ\u0103 adesea o reducere a intensit\u0103\u021bii durerilor de cap \u0219i a inflama\u021biilor urechii.<\/li>\n\n\n\n<li><em>\u00cembun\u0103t\u0103\u021birea s\u0103n\u0103t\u0103\u021bii la nivel celular<\/em> &#8211; Relaton furnizeaz\u0103 ingrediente care au un efect protector asupra celulelor auditive, contracar\u00e2nd deteriorarea acestora.<\/li>\n\n\n\n<li><em>Consolidarea imunit\u0103\u021bii<\/em> &#8211; zincul con\u021binut \u00een produs sus\u021bine sistemul imunitar, care are un impact semnificativ asupra <b>s\u0103n\u0103t\u0103\u021bii<\/b> urechii.<\/li>\n<\/ul>\n\n\n\n<p>Este demn de remarcat faptul c\u0103 <b>efectele<\/b> Relaton apar de obicei cu o utilizare regulat\u0103 \u0219i adecvat\u0103. <b>Suplimentul alimentar<\/b> aduce cele mai bune rezultate persoanelor cu probleme de auz, \u00een special celor care lucreaz\u0103 \u00een medii zgomotoase sau care au suferit interven\u021bii chirurgicale legate de urechi.<\/p>\n\n\n\n<figure class=\"wp-block-table\"><table class=\"has-fixed-layout\"><tbody><tr><th>Efect<\/th><th>Descriere<\/th><\/tr><tr><td>\u00cembun\u0103t\u0103\u021birea auzului<\/td><td>Acuitate crescut\u0103 \u0219i \u00een\u021belegere mai bun\u0103 a vorbirii.<\/td><\/tr><tr><td>Sprijinirea regener\u0103rii<\/td><td>Regenerarea celulelor auditive datorit\u0103 melatoninei.<\/td><\/tr><tr><td>Reducerea disconfortului<\/td><td>Reducerea durerii \u0219i a inflama\u021biei la nivelul urechilor.<\/td><\/tr><tr><td>Protec\u021bie celular\u0103<\/td><td>Ingredientele protejeaz\u0103 \u00eempotriva daunelor oxidative.<\/td><\/tr><tr><td>Consolidarea sistemului imunitar<\/td><td>Zincul sus\u021bine sistemul imunitar al organismului.<\/td><\/tr><\/tbody><\/table><\/figure>\n\n\n\n<h2 class=\"wp-block-heading\">Cum s\u0103 utiliza\u021bi Relaton corect &#8211; Dozaj<\/h2>\n\n\n\n<p>Pentru a ob\u021bine cele mai bune rezultate de la Relaton, este esen\u021bial s\u0103 respecta\u021bi doza recomandat\u0103. Produc\u0103torul sugereaz\u0103 administrarea unei capsule pe zi pentru o absorb\u021bie optim\u0103 a ingredientelor active. Tableta trebuie sorbit\u0103 cu mult\u0103 ap\u0103 \u0219i, de preferin\u021b\u0103, luat\u0103 la mas\u0103. O astfel de metod\u0103 de dozare promoveaz\u0103 o mai bun\u0103 absorb\u021bie a substan\u021belor, ceea ce cre\u0219te eficacitatea suplimentului.<\/p>\n\n\n\n<p>Trebuie evitat\u0103 cre\u0219terea dozei pe cont propriu, deoarece aceasta poate duce la efecte nedorite. Persoanele care urmeaz\u0103 un tratament contraceptiv hormonal trebuie s\u0103 \u00ee\u0219i consulte medicul \u00eenainte de a \u00eencepe administrarea suplimentului, \u00een special \u00eenainte de orice test tiroidian planificat. <b>Utilizarea<\/b> regulat\u0103 <b>a<\/b> Relaton timp de cel pu\u021bin o lun\u0103 ofer\u0103 \u0219ansa unor \u00eembun\u0103t\u0103\u021biri notabile ale calit\u0103\u021bii auzului \u0219i o reducere a simptomelor tinitusului.<\/p>\n\n\n\n<figure class=\"wp-block-table\"><table class=\"has-fixed-layout\"><tbody><tr><th>V\u00e2rsta<\/th><th>Doza recomandat\u0103<\/th><th>Observa\u021bii<\/th><\/tr><tr><td>Adul\u021bi<\/td><td>1 capsul\u0103 pe zi<\/td><td>Lua\u021bi cu masa<\/td><\/tr><tr><td>Persoane cu probleme hormonale<\/td><td>Consulta\u021bi medicul dumneavoastr\u0103<\/td><td>Poate fi necesar\u0103 o pauz\u0103 \u00eenainte de examene<\/td><\/tr><tr><td>Persoane \u00een v\u00e2rst\u0103<\/td><td>1 capsul\u0103 pe zi<\/td><td>Sub observa\u021bie pentru alte medicamente<\/td><\/tr><\/tbody><\/table><\/figure>\n\n\n\n<p>Dac\u0103 observa\u021bi simptome \u00eengrijor\u0103toare dup\u0103 \u00eenceperea tratamentului cu Relaton, este recomandabil s\u0103 consulta\u021bi medicul dumneavoastr\u0103. <b>Siguran\u021ba<\/b> utiliz\u0103rii \u0219i <b>dozajul<\/b> adecvat sunt esen\u021biale pentru ob\u021binerea rezultatelor dorite.<\/p>\n\n\n\n<h2 class=\"wp-block-heading\">Experien\u021bele utilizatorilor \u0219i recenziile Relaton &#8211; ce sunt recenziile?<\/h2>\n\n\n\n<p>Relaton<b>comentarii<\/b> se concentreaz\u0103 adesea pe experien\u021bele pozitive ale utilizatorilor care observ\u0103 beneficii clare dup\u0103 \u00eenceperea supliment\u0103rii. Mul\u021bi eviden\u021biaz\u0103 \u00eembun\u0103t\u0103\u021biri ale dispozi\u021biei \u0219i cre\u0219terea nivelului de energie. Iat\u0103 <b>recenzii<\/b> detaliate de la mai mul\u021bi utilizatori:<\/p>\n\n\n\n<ol class=\"wp-block-list\">\n<li><br><blockquote><p>&#8222;Am folosit Relaton timp de c\u00e2teva luni \u0219i am observat o \u00eembun\u0103t\u0103\u021bire semnificativ\u0103 a s\u0103n\u0103t\u0103\u021bii mele. M\u0103 sim\u021beam adesea obosit, cu toate acestea, dup\u0103 ce am luat suplimentul, starea mea de spirit s-a \u00eembun\u0103t\u0103\u021bit.&#8221; &#8211; Ala<\/p><\/blockquote><br><\/li>\n\n\n\n<li><br><blockquote><p>&#8222;Relaton este un <b>supliment<\/b> excelent! Rezultatele testelor mele s-au \u00eembun\u0103t\u0103\u021bit, m\u0103 simt mai energic \u0219i imunitatea mea a crescut semnificativ.&#8221; &#8211; Wojtek<\/p><\/blockquote><br><\/li>\n\n\n\n<li><br><blockquote><p>&#8222;Am \u00eenceput s\u0103 folosesc Relaton la recomandarea unui coleg \u0219i nu am niciun regret. Cred c\u0103 merit\u0103 s\u0103 am grij\u0103 de mine \u0219i acest <b>supliment<\/b> m\u0103 ajut\u0103 s\u0103 fac asta.&#8221; &#8211; Kasia<\/p><\/blockquote><br><\/li>\n<\/ol>\n\n\n\n<p>Rezultatele experien\u021bei utilizatorilor arat\u0103 c\u0103 Relaton este apreciat de persoanele care caut\u0103 sprijin \u00een suplimentarea lor zilnic\u0103. Acest feedback poate fi util pentru utilizatorii noi care iau \u00een considerare \u00eencorporarea Relaton \u00een rutina lor de s\u0103n\u0103tate.<\/p>\n\n\n\n<h2 class=\"wp-block-heading\">Compozi\u021bia Relaton &#8211; Analiza ingredientelor<\/h2>\n\n\n\n<p>Relaton este un <b>supliment alimentar<\/b> care are o <b>compozi\u021bie<\/b> atent selectat\u0103 pentru a sus\u021bine s\u0103n\u0103tatea urechii \u0219i a auzului. Ingredientele cheie sunt <em>extractul de fructe bacopa<\/em>, <em>licopenul din ro\u0219ii<\/em> \u0219i <em>floarea de porumb s\u0103lbatic\u0103<\/em>. O <b>analiz\u0103<\/b> adecvat\u0103 <b>a<\/b> acestor ingrediente ne permite s\u0103 \u00een\u021belegem importan\u021ba lor \u00een ceea ce prive\u0219te eficacitatea produsului.<\/p>\n\n\n\n<figure class=\"wp-block-table\"><table class=\"has-fixed-layout\"><tbody><tr><th>Ingredient<\/th><th>Descriere<\/th><th>Beneficii<\/th><\/tr><tr><td>Extract din fructe de bacopa<\/td><td>O plant\u0103 utilizat\u0103 \u00een medicina tradi\u021bional\u0103 ayurvedic\u0103.<\/td><td>Sus\u021bine func\u021bia cognitiv\u0103 \u0219i <b>s\u0103n\u0103tatea<\/b> creierului.<\/td><\/tr><tr><td>Licopen din ro\u0219ii<\/td><td>Antioxidant puternic.<\/td><td>Ajut\u0103 la protejarea celulelor de stresul oxidativ.<\/td><\/tr><tr><td>Floarea de porumb s\u0103lbatic\u0103<\/td><td>Plant\u0103 utilizat\u0103 pentru \u00eembun\u0103t\u0103\u021birea s\u0103n\u0103t\u0103\u021bii auzului.<\/td><td>Sus\u021bine <b>s\u0103n\u0103tatea<\/b> urechii.<\/td><\/tr><\/tbody><\/table><\/figure>\n\n\n\n<p>\u00cen ceea ce prive\u0219te ingredientele din Relaton, este important ca acestea s\u0103 fie de \u00eenalt\u0103 calitate \u0219i s\u0103 respecte recomand\u0103rile exper\u021bilor. <b>Analiza<\/b> periodic\u0103 a ingredientelor asigur\u0103 <b>siguran\u021ba<\/b> \u0219i eficacitatea suplimentului. Utilizatorii subliniaz\u0103 adesea efectele pozitive ale utiliz\u0103rii sale, ceea ce demonstreaz\u0103 \u00een continuare calitatea ridicat\u0103 a produsului.<\/p>\n\n\n\n<h2 class=\"wp-block-heading\">De unde s\u0103 cump\u0103ra\u021bi \u0219i care este pre\u021bul Relaton?<\/h2>\n\n\n\n<p>Relaton poate fi achizi\u021bionat numai de pe <em>site-ul oficial al produc\u0103torului<\/em>. Acest lucru asigur\u0103 clien\u021bii c\u0103 achizi\u021bioneaz\u0103 un produs original, ceea ce este deosebit de important, deoarece Relaton nu este disponibil \u00een farmaciile sta\u021bionare. <b>Pre\u021bul<\/b> pe pachet este competitiv pe pia\u021b\u0103, iar clien\u021bii pot beneficia de diverse op\u021biuni de comand\u0103, inclusiv promo\u021bii pentru clien\u021bii obi\u0219nui\u021bi.<\/p>\n\n\n\n<p>\u00cen forumurile poloneze, utilizatorii subliniaz\u0103 c\u0103 rela\u021biile cu achizi\u021biile Relaton sunt pozitive \u0219i c\u0103 produsul a contribuit la \u00eembun\u0103t\u0103\u021birea auzului lor. Relaton a c\u00e2\u0219tigat popularitate \u0219i multe persoane, cum ar fi Maria, \u00een v\u00e2rst\u0103 de 55 de ani, \u0219i Jan, \u00een v\u00e2rst\u0103 de 63 de ani, au observat \u00eembun\u0103t\u0103\u021biri semnificative dup\u0103 utilizarea produsului timp de c\u00e2teva s\u0103pt\u0103m\u00e2ni.<\/p>\n\n\n\n<ul class=\"wp-block-list\">\n<li>Relaton ofer\u0103 reduceri atractive, de exemplu poate fi achizi\u021bionat cu o <em>reducere de 50%<\/em>.<\/li>\n\n\n\n<li>Achizi\u021biile regulate prin intermediul site-ului produc\u0103torului garanteaz\u0103 accesul la promo\u021biile curente.<\/li>\n\n\n\n<li>Majoritatea utilizatorilor consider\u0103 c\u0103 suplimentul este sigur \u0219i bine tolerat, fapt eviden\u021biat de ingredientele naturale, cum ar fi <em>afinele<\/em>, <em>vitamina B6<\/em> \u0219i <em>extractul de ginkgo biloba<\/em>.<\/li>\n<\/ul>\n\n\n\n<p>Pentru cele mai bune rezultate, se recomand\u0103 administrarea unei capsule Relaton pe zi, cu o mas\u0103. Achizi\u021bionarea prin intermediul canalelor oficiale ofer\u0103 o garan\u021bie a celei mai \u00eenalte calit\u0103\u021bi \u0219i acces la informa\u021bii complete despre produs.<\/p>\n\n\n\n<h2 class=\"wp-block-heading\">Relaton &#8211; Efecte secundare \u0219i contraindica\u021bii &#8211; Siguran\u021ba utiliz\u0103rii<\/h2>\n\n\n\n<p>Relaton, atunci c\u00e2nd este utilizat conform indica\u021biilor, este sigur pentru organism. Suplimentul nu are efecte secundare, ceea ce \u00eel face o op\u021biune potrivit\u0103 pentru multe persoane care caut\u0103 sprijin pentru s\u0103n\u0103tate. Cu toate acestea, este recomandabil s\u0103 consulta\u021bi un medic \u00eenainte de a \u00eencepe tratamentul pentru a discuta orice <em>contraindica\u021bii<\/em> poten\u021biale.<\/p>\n\n\n\n<p>Este demn de remarcat faptul c\u0103 utilizarea Relaton este contraindicat\u0103 pentru anumite grupuri. Femeile \u00eens\u0103rcinate \u0219i cele care al\u0103pteaz\u0103 nu trebuie s\u0103 \u00eel utilizeze. \u00cen plus, cei sub v\u00e2rsta de 18 ani ar trebui s\u0103 evite acest supliment. <b>Siguran\u021ba<\/b> Relaton ar trebui s\u0103 fie \u00eentotdeauna o prioritate, deci \u021bine\u021bi cont de aceste restric\u021bii.<\/p>\n\n\n\n<p>Atunci c\u00e2nd cump\u0103ra\u021bi Relaton, este important s\u0103 \u00eel cump\u0103ra\u021bi numai direct online de pe site-ul oficial al produc\u0103torului. Exist\u0103 riscul de capsule contraf\u0103cute, care v\u0103 pot pune s\u0103n\u0103tatea \u00een pericol. Prin urmare, este necesar s\u0103 fi\u021bi aten\u021bi atunci c\u00e2nd alege\u021bi o surs\u0103 de cump\u0103rare pentru a v\u0103 asigura c\u0103 ave\u021bi acces la produsul autentic.<\/p>\n","protected":false},"excerpt":{"rendered":"<p><strong>[date_countdown]<\/strong><\/p>\n<p><img decoding=\"async\" class=\"alignnone wp-image-12812\" src=\"https:\/\/policlinicacuplatagalati.ro\/farmacie\/wp-content\/uploads\/2024\/11\/SAFE-PAY-300x88-1.png\" alt=\"SAFE-PAY\" width=\"150\" height=\"44\" \/><\/p>\n","protected":false},"featured_media":12309,"comment_status":"open","ping_status":"closed","template":"","meta":{"neve_meta_sidebar":"","neve_meta_container":"","neve_meta_enable_content_width":"","neve_meta_content_width":0,"neve_meta_title_alignment":"","neve_meta_author_avatar":"","neve_post_elements_order":"","neve_meta_disable_header":"","neve_meta_disable_footer":"","neve_meta_disable_title":"","neve_meta_reading_time":""},"product_brand":[],"product_cat":[573],"product_tag":[],"class_list":{"0":"post-12766","1":"product","2":"type-product","3":"status-publish","4":"has-post-thumbnail","6":"product_cat-sanatate","8":"first","9":"instock","10":"sale","11":"shipping-taxable","12":"product-type-external"},"yoast_head":"<!-- This site is optimized with the Yoast SEO plugin v27.3 - https:\/\/yoast.com\/product\/yoast-seo-wordpress\/ -->\n<title>Relaton - Pareri, Forum, Efecte, Farmacie, Pre\u021b | -50%<\/title>\n<meta name=\"robots\" content=\"index, follow, max-snippet:-1, max-image-preview:large, max-video-preview:-1\" \/>\n<link rel=\"canonical\" href=\"https:\/\/policlinicacuplatagalati.ro\/farmacie\/apt\/relaton\/\" \/>\n<meta property=\"og:locale\" content=\"ro_RO\" \/>\n<meta property=\"og:type\" content=\"article\" \/>\n<meta property=\"og:title\" content=\"Relaton - Pareri, Forum, Efecte, Farmacie, Pre\u021b | -50%\" \/>\n<meta property=\"og:url\" content=\"https:\/\/policlinicacuplatagalati.ro\/farmacie\/apt\/relaton\/\" \/>\n<meta property=\"og:site_name\" content=\"Policlinicacuplatagalati\" \/>\n<meta property=\"article:modified_time\" content=\"2024-11-23T13:04:27+00:00\" \/>\n<meta property=\"og:image\" content=\"https:\/\/policlinicacuplatagalati.ro\/farmacie\/wp-content\/uploads\/2024\/11\/RELATON.jpg\" \/>\n\t<meta property=\"og:image:width\" content=\"768\" \/>\n\t<meta property=\"og:image:height\" content=\"768\" \/>\n\t<meta property=\"og:image:type\" content=\"image\/jpeg\" \/>\n<meta name=\"twitter:card\" content=\"summary_large_image\" \/>\n<meta name=\"twitter:description\" content=\"[date_countdown]\" \/>\n<meta name=\"twitter:label1\" content=\"Timp estimat pentru citire\" \/>\n\t<meta name=\"twitter:data1\" content=\"7 minute\" \/>\n<script type=\"application\/ld+json\" class=\"yoast-schema-graph\">{\"@context\":\"https:\\\/\\\/schema.org\",\"@graph\":[{\"@type\":\"WebPage\",\"@id\":\"https:\\\/\\\/policlinicacuplatagalati.ro\\\/farmacie\\\/apt\\\/relaton\\\/\",\"url\":\"https:\\\/\\\/policlinicacuplatagalati.ro\\\/farmacie\\\/apt\\\/relaton\\\/\",\"name\":\"Relaton - Pareri, Forum, Efecte, Farmacie, Pre\u021b | -50%\",\"isPartOf\":{\"@id\":\"https:\\\/\\\/policlinicacuplatagalati.ro\\\/farmacie\\\/#website\"},\"primaryImageOfPage\":{\"@id\":\"https:\\\/\\\/policlinicacuplatagalati.ro\\\/farmacie\\\/apt\\\/relaton\\\/#primaryimage\"},\"image\":{\"@id\":\"https:\\\/\\\/policlinicacuplatagalati.ro\\\/farmacie\\\/apt\\\/relaton\\\/#primaryimage\"},\"thumbnailUrl\":\"https:\\\/\\\/policlinicacuplatagalati.ro\\\/farmacie\\\/wp-content\\\/uploads\\\/2024\\\/11\\\/RELATON.jpg\",\"datePublished\":\"2024-11-09T20:00:18+00:00\",\"dateModified\":\"2024-11-23T13:04:27+00:00\",\"breadcrumb\":{\"@id\":\"https:\\\/\\\/policlinicacuplatagalati.ro\\\/farmacie\\\/apt\\\/relaton\\\/#breadcrumb\"},\"inLanguage\":\"ro-RO\",\"potentialAction\":[{\"@type\":\"ReadAction\",\"target\":[\"https:\\\/\\\/policlinicacuplatagalati.ro\\\/farmacie\\\/apt\\\/relaton\\\/\"]}]},{\"@type\":\"ImageObject\",\"inLanguage\":\"ro-RO\",\"@id\":\"https:\\\/\\\/policlinicacuplatagalati.ro\\\/farmacie\\\/apt\\\/relaton\\\/#primaryimage\",\"url\":\"https:\\\/\\\/policlinicacuplatagalati.ro\\\/farmacie\\\/wp-content\\\/uploads\\\/2024\\\/11\\\/RELATON.jpg\",\"contentUrl\":\"https:\\\/\\\/policlinicacuplatagalati.ro\\\/farmacie\\\/wp-content\\\/uploads\\\/2024\\\/11\\\/RELATON.jpg\",\"width\":768,\"height\":768},{\"@type\":\"BreadcrumbList\",\"@id\":\"https:\\\/\\\/policlinicacuplatagalati.ro\\\/farmacie\\\/apt\\\/relaton\\\/#breadcrumb\",\"itemListElement\":[{\"@type\":\"ListItem\",\"position\":1,\"name\":\"Strona g\u0142\u00f3wna\",\"item\":\"https:\\\/\\\/policlinicacuplatagalati.ro\\\/farmacie\\\/\"},{\"@type\":\"ListItem\",\"position\":2,\"name\":\"Produkte\",\"item\":\"https:\\\/\\\/policlinicacuplatagalati.ro\\\/farmacie\\\/\"},{\"@type\":\"ListItem\",\"position\":3,\"name\":\"Relaton\"}]},{\"@type\":\"WebSite\",\"@id\":\"https:\\\/\\\/policlinicacuplatagalati.ro\\\/farmacie\\\/#website\",\"url\":\"https:\\\/\\\/policlinicacuplatagalati.ro\\\/farmacie\\\/\",\"name\":\"Policlinicacuplatagalati\",\"description\":\"\",\"potentialAction\":[{\"@type\":\"SearchAction\",\"target\":{\"@type\":\"EntryPoint\",\"urlTemplate\":\"https:\\\/\\\/policlinicacuplatagalati.ro\\\/farmacie\\\/?s={search_term_string}\"},\"query-input\":{\"@type\":\"PropertyValueSpecification\",\"valueRequired\":true,\"valueName\":\"search_term_string\"}}],\"inLanguage\":\"ro-RO\"}]}<\/script>\n<!-- \/ Yoast SEO plugin. -->","yoast_head_json":{"title":"Relaton - Pareri, Forum, Efecte, Farmacie, Pre\u021b | -50%","robots":{"index":"index","follow":"follow","max-snippet":"max-snippet:-1","max-image-preview":"max-image-preview:large","max-video-preview":"max-video-preview:-1"},"canonical":"https:\/\/policlinicacuplatagalati.ro\/farmacie\/apt\/relaton\/","og_locale":"ro_RO","og_type":"article","og_title":"Relaton - Pareri, Forum, Efecte, Farmacie, Pre\u021b | -50%","og_url":"https:\/\/policlinicacuplatagalati.ro\/farmacie\/apt\/relaton\/","og_site_name":"Policlinicacuplatagalati","article_modified_time":"2024-11-23T13:04:27+00:00","og_image":[{"width":768,"height":768,"url":"https:\/\/policlinicacuplatagalati.ro\/farmacie\/wp-content\/uploads\/2024\/11\/RELATON.jpg","type":"image\/jpeg"}],"twitter_card":"summary_large_image","twitter_description":"[date_countdown]","twitter_misc":{"Timp estimat pentru citire":"7 minute"},"schema":{"@context":"https:\/\/schema.org","@graph":[{"@type":"WebPage","@id":"https:\/\/policlinicacuplatagalati.ro\/farmacie\/apt\/relaton\/","url":"https:\/\/policlinicacuplatagalati.ro\/farmacie\/apt\/relaton\/","name":"Relaton - Pareri, Forum, Efecte, Farmacie, Pre\u021b | -50%","isPartOf":{"@id":"https:\/\/policlinicacuplatagalati.ro\/farmacie\/#website"},"primaryImageOfPage":{"@id":"https:\/\/policlinicacuplatagalati.ro\/farmacie\/apt\/relaton\/#primaryimage"},"image":{"@id":"https:\/\/policlinicacuplatagalati.ro\/farmacie\/apt\/relaton\/#primaryimage"},"thumbnailUrl":"https:\/\/policlinicacuplatagalati.ro\/farmacie\/wp-content\/uploads\/2024\/11\/RELATON.jpg","datePublished":"2024-11-09T20:00:18+00:00","dateModified":"2024-11-23T13:04:27+00:00","breadcrumb":{"@id":"https:\/\/policlinicacuplatagalati.ro\/farmacie\/apt\/relaton\/#breadcrumb"},"inLanguage":"ro-RO","potentialAction":[{"@type":"ReadAction","target":["https:\/\/policlinicacuplatagalati.ro\/farmacie\/apt\/relaton\/"]}]},{"@type":"ImageObject","inLanguage":"ro-RO","@id":"https:\/\/policlinicacuplatagalati.ro\/farmacie\/apt\/relaton\/#primaryimage","url":"https:\/\/policlinicacuplatagalati.ro\/farmacie\/wp-content\/uploads\/2024\/11\/RELATON.jpg","contentUrl":"https:\/\/policlinicacuplatagalati.ro\/farmacie\/wp-content\/uploads\/2024\/11\/RELATON.jpg","width":768,"height":768},{"@type":"BreadcrumbList","@id":"https:\/\/policlinicacuplatagalati.ro\/farmacie\/apt\/relaton\/#breadcrumb","itemListElement":[{"@type":"ListItem","position":1,"name":"Strona g\u0142\u00f3wna","item":"https:\/\/policlinicacuplatagalati.ro\/farmacie\/"},{"@type":"ListItem","position":2,"name":"Produkte","item":"https:\/\/policlinicacuplatagalati.ro\/farmacie\/"},{"@type":"ListItem","position":3,"name":"Relaton"}]},{"@type":"WebSite","@id":"https:\/\/policlinicacuplatagalati.ro\/farmacie\/#website","url":"https:\/\/policlinicacuplatagalati.ro\/farmacie\/","name":"Policlinicacuplatagalati","description":"","potentialAction":[{"@type":"SearchAction","target":{"@type":"EntryPoint","urlTemplate":"https:\/\/policlinicacuplatagalati.ro\/farmacie\/?s={search_term_string}"},"query-input":{"@type":"PropertyValueSpecification","valueRequired":true,"valueName":"search_term_string"}}],"inLanguage":"ro-RO"}]}},"_links":{"self":[{"href":"https:\/\/policlinicacuplatagalati.ro\/farmacie\/wp-json\/wp\/v2\/product\/12766","targetHints":{"allow":["GET"]}}],"collection":[{"href":"https:\/\/policlinicacuplatagalati.ro\/farmacie\/wp-json\/wp\/v2\/product"}],"about":[{"href":"https:\/\/policlinicacuplatagalati.ro\/farmacie\/wp-json\/wp\/v2\/types\/product"}],"replies":[{"embeddable":true,"href":"https:\/\/policlinicacuplatagalati.ro\/farmacie\/wp-json\/wp\/v2\/comments?post=12766"}],"wp:featuredmedia":[{"embeddable":true,"href":"https:\/\/policlinicacuplatagalati.ro\/farmacie\/wp-json\/wp\/v2\/media\/12309"}],"wp:attachment":[{"href":"https:\/\/policlinicacuplatagalati.ro\/farmacie\/wp-json\/wp\/v2\/media?parent=12766"}],"wp:term":[{"taxonomy":"product_brand","embeddable":true,"href":"https:\/\/policlinicacuplatagalati.ro\/farmacie\/wp-json\/wp\/v2\/product_brand?post=12766"},{"taxonomy":"product_cat","embeddable":true,"href":"https:\/\/policlinicacuplatagalati.ro\/farmacie\/wp-json\/wp\/v2\/product_cat?post=12766"},{"taxonomy":"product_tag","embeddable":true,"href":"https:\/\/policlinicacuplatagalati.ro\/farmacie\/wp-json\/wp\/v2\/product_tag?post=12766"}],"curies":[{"name":"wp","href":"https:\/\/api.w.org\/{rel}","templated":true}]}}