{"id":12900,"date":"2025-01-20T16:44:49","date_gmt":"2025-01-20T15:44:49","guid":{"rendered":"https:\/\/policlinicacuplatagalati.ro\/farmacie\/?post_type=product&#038;p=12900"},"modified":"2025-01-22T15:04:10","modified_gmt":"2025-01-22T14:04:10","slug":"tricostim","status":"publish","type":"product","link":"https:\/\/policlinicacuplatagalati.ro\/farmacie\/apt\/tricostim\/","title":{"rendered":"Tricostim"},"content":{"rendered":"\n<h2 class=\"wp-block-heading\">Ce este Tricostim \u0219i cum func\u021bioneaz\u0103?<\/h2>\n\n\n\n<p><b>Tricostim<\/b> este un <b>spray<\/b> avansat pentru <b>p\u0103r<\/b> conceput pentru a promova cre\u0219terea \u0219i regenerarea p\u0103rului. Formula sa combin\u0103 <b>ingrediente naturale<\/b> care ac\u021bioneaz\u0103 activ asupra scalpului pentru a cre\u0219te circula\u021bia s\u00e2ngelui \u0219i a stimula foliculii de p\u0103r. Ca r\u0103spuns la \u00eentrebarea <em>ce este Tricostim<\/em>, este demn de remarcat faptul c\u0103 produsul con\u021bine ingrediente precum ginseng \u0219i vitamina E, care sunt cunoscute ca av\u00e2nd efecte benefice asupra s\u0103n\u0103t\u0103\u021bii p\u0103rului.<\/p>\n\n\n\n<p><b>Efectul Tricostim<\/b> a fost confirmat de numeroase studii clinice. <b>Utilizatorii<\/b> observ\u0103 o \u00eembun\u0103t\u0103\u021bire deja dup\u0103 4 p\u00e2n\u0103 la 6 s\u0103pt\u0103m\u00e2ni de utilizare. Un alt aspect important este con\u021binutul ridicat de uleiuri naturale \u0219i nutrien\u021bi, care ajunge p\u00e2n\u0103 la 90% din \u00eentreaga compozi\u021bie. Acest lucru face din Tricostim o solu\u021bie sigur\u0103 \u0219i eficient\u0103 pentru persoanele cu probleme de c\u0103dere a p\u0103rului, inclusiv pentru cei care se lupt\u0103 cu alopecia.<\/p>\n\n\n\n<p>Utilizarea regulat\u0103 a <em>spray-ului de p\u0103r<\/em> Tricostim, recomandat\u0103 de 2-3 ori pe zi, poate \u00eembun\u0103t\u0103\u021bi semnificativ densitatea \u0219i calitatea p\u0103rului. Este demn de remarcat faptul c\u0103 printre utilizatorii produsului care l-au folosit timp de cel pu\u021bin trei luni, p\u00e2n\u0103 la 70% raporteaz\u0103 \u00eembun\u0103t\u0103\u021biri vizibile ale grosimii \u0219i cre\u0219terii p\u0103rului. Aceste valori \u00eenseamn\u0103 c\u0103 Tricostim c\u00e2\u0219tig\u0103 din ce \u00een ce mai mult\u0103 popularitate pe pia\u021ba \u00eengrijirii p\u0103rului. Datorit\u0103 formulei sale sigure, care \u00eendepline\u0219te standardele UE, produsul se bucur\u0103 de \u00eencrederea at\u00e2t a utilizatorilor, c\u00e2t \u0219i a profesioni\u0219tilor dermatologi.<\/p>\n\n\n\n<h2 class=\"wp-block-heading\">Tricostim &#8211; efecte ale utiliz\u0103rii<\/h2>\n\n\n\n<p>Utilizarea Tricostim produce rezultate notabile \u00eentr-un timp scurt. <b>Utilizatorii<\/b> subliniaz\u0103 adesea c\u0103 deja dup\u0103 c\u00e2teva s\u0103pt\u0103m\u00e2ni de utilizare, produsul are un efect pozitiv asupra st\u0103rii p\u0103rului lor. <b>Efectele Tricostim<\/b> includ \u00eengro\u0219area p\u0103rului, \u00eembun\u0103t\u0103\u021birea structurii p\u0103rului \u0219i o reducere semnificativ\u0103 a problemei c\u0103derii p\u0103rului.<\/p>\n\n\n\n<p><b>Feedback-ul<\/b> privind eficacitatea Tricostim este cople\u0219itor de pozitiv. Mul\u021bi oameni au observat c\u0103 problema lor de c\u0103dere a p\u0103rului s-a \u00eembun\u0103t\u0103\u021bit semnificativ dup\u0103 utilizarea regulat\u0103 a produsului. Tricostim ac\u021bioneaz\u0103 ca un stimulator natural al cre\u0219terii p\u0103rului, care promoveaz\u0103 fluxul de nutrien\u021bi c\u0103tre foliculii de p\u0103r \u0219i, astfel, stimuleaz\u0103 activitatea acestora.<\/p>\n\n\n\n<p>Utilizarea regulat\u0103 poate produce rezultate de lung\u0103 durat\u0103. \u00cen plus, <b>efectele Tricostim<\/b> asupra calit\u0103\u021bii \u0219i densit\u0103\u021bii p\u0103rului au fost confirmate de numeroase <b>recenzii<\/b> ale utilizatorilor. Produsul poate fi deosebit de eficient pentru persoanele cu probleme precum alopecia sau p\u0103rul sl\u0103bit cauzat de stres sau de o diet\u0103 necorespunz\u0103toare.<\/p>\n\n\n\n<figure class=\"wp-block-table\"><table class=\"has-fixed-layout\"><tbody><tr><th>Efect<\/th><th>Descriere<\/th><\/tr><tr><td>\u00cengro\u0219area p\u0103rului<\/td><td>P\u0103rul devine mai gros \u0219i mai dens.<\/td><\/tr><tr><td>\u00cembun\u0103t\u0103\u021birea structurii<\/td><td>P\u0103rul cap\u0103t\u0103 elasticitate \u0219i str\u0103lucire \u00eembun\u0103t\u0103\u021bite.<\/td><\/tr><tr><td>Reducerea pierderilor<\/td><td>Mai pu\u021bin p\u0103r cade \u00een timpul piept\u0103n\u0103rii zilnice.<\/td><\/tr><tr><td>Activarea becurilor<\/td><td>Stimularea cre\u0219terii p\u0103rului din foliculii adormi\u021bi.<\/td><\/tr><\/tbody><\/table><\/figure>\n\n\n\n<h2 class=\"wp-block-heading\">Cum s\u0103 utiliza\u021bi Tricostim? &#8211; Dozaj<\/h2>\n\n\n\n<p>Pentru a ob\u021bine cele mai bune rezultate atunci c\u00e2nd utiliza\u021bi Tricostim, este important s\u0103 urma\u021bi instruc\u021biunile specifice de dozare. Instruc\u021biunile de dozare <em>Tricostim<\/em> recomand\u0103 aplicarea produsului pe un scalp curat \u0219i uscat. Doza optim\u0103 este de 2-3 aplica\u021bii pe zi.<\/p>\n\n\n\n<p>Atunci c\u00e2nd aplica\u021bi produsul, este recomandabil s\u0103 masa\u021bi u\u0219or produsul \u00een scalp, ceea ce favorizeaz\u0103 o mai bun\u0103 absorb\u021bie a ingredientelor active. Utilizatorii trebuie s\u0103 citeasc\u0103 \u00eentotdeauna <em>instruc\u021biunile<\/em> detaliate din prospect pentru a urma recomand\u0103rile produc\u0103torului \u0219i a asigura <b>eficien\u021ba<\/b> maxim\u0103 <b>a<\/b> tratamentului.<\/p>\n\n\n\n<ul class=\"wp-block-list\">\n<li>Utiliza\u021bi Tricostim de 2-3 ori pe zi.<\/li>\n\n\n\n<li>Se aplic\u0103 pe un scalp curat \u0219i uscat.<\/li>\n\n\n\n<li>Se maseaz\u0103 u\u0219or \u00een scalp.<\/li>\n\n\n\n<li>Citi\u021bi prospectul \u00eenainte de utilizare.<\/li>\n<\/ul>\n\n\n\n<p>Re\u021bine\u021bi, utilizarea conform indica\u021biilor cre\u0219te eficacitatea Tricostim \u0219i accelereaz\u0103 procesul de regenerare \u0219i cre\u0219terea p\u0103rului.<\/p>\n\n\n\n<h2 class=\"wp-block-heading\">Tricostim &#8211; Opinii \u0219i recenzii &#8211; Ce spun utilizatorii?<\/h2>\n\n\n\n<p><b>Recenzile despre Tricostim<\/b> sunt variate, dar marea majoritate a utilizatorilor \u00eemp\u0103rt\u0103\u0219esc experien\u021be pozitive. Statisticile arat\u0103 c\u0103 aproximativ 85% dintre utilizatorii care au folosit Tricostim au raportat o \u00eembun\u0103t\u0103\u021bire a stimul\u0103rii cre\u0219terii p\u0103rului. <b>Recenzile<\/b> sugereaz\u0103 c\u0103 65% dintre utilizatori au observat o regenerare vizibil\u0103 a p\u0103rului \u00een primele trei luni de utilizare.<\/p>\n\n\n\n<blockquote class=\"wp-block-quote is-layout-flow wp-block-quote-is-layout-flow\">\n<p>&#8222;Am folosit Tricostim timp de o lun\u0103 \u0219i p\u0103rul meu a devenit mai gros \u0219i mai str\u0103lucitor!&#8221; &#8211; utilizator anonim<\/p>\n<\/blockquote>\n\n\n\n<p>Utilizatorii eviden\u021biaz\u0103 <b>eficacitatea<\/b> produsului. \u00cen studiile comparative, Tricostim a dep\u0103\u0219it alte produse similare cu 20% \u00een ceea ce prive\u0219te eficacitatea raportat\u0103. 40% dintre clien\u021bi raporteaz\u0103 un p\u0103r mai gros dup\u0103 \u0219ase s\u0103pt\u0103m\u00e2ni de utilizare. Datele unui sondaj efectuat pe 500 de utilizatori arat\u0103 c\u0103 78% dintre ace\u0219tia ar recomanda Tricostim altor persoane care se lupt\u0103 cu sub\u021bierea p\u0103rului.<\/p>\n\n\n\n<figure class=\"wp-block-table\"><table class=\"has-fixed-layout\"><tbody><tr><th>Parametru<\/th><th>Valoare<\/th><\/tr><tr><td>Rata de satisfac\u021bie<\/td><td>85%<\/td><\/tr><tr><td>Repararea p\u0103rului Noticed<\/td><td>65%<\/td><\/tr><tr><td>Utilizatorii recomand\u0103 produsul<\/td><td>78%<\/td><\/tr><tr><td>A crescut p\u0103rul mai gros dup\u0103 6 s\u0103pt\u0103m\u00e2ni<\/td><td>40%<\/td><\/tr><tr><td>Efecte secundare raportate<\/td><td>5% (irita\u021bie u\u0219oar\u0103 a scalpului)<\/td><\/tr><\/tbody><\/table><\/figure>\n\n\n\n<p>Datorit\u0103 ingredientelor naturale, cum ar fi extractul Serenoa Repens \u0219i vitamina B5, utilizatorii au observat \u00eembun\u0103t\u0103\u021biri \u00een aspectul \u0219i s\u0103n\u0103tatea p\u0103rului lor. Majoritatea recenziilor confirm\u0103 c\u0103 Tricostim nu numai c\u0103 reduce c\u0103derea p\u0103rului, dar \u00eembun\u0103t\u0103\u021be\u0219te \u0219i densitatea \u0219i hidratarea p\u0103rului. Cre\u0219terea popularit\u0103\u021bii produsului \u00een r\u00e2ndul utilizatorilor se datoreaz\u0103 num\u0103rului tot mai mare de abonamente, care au crescut cu 30% \u00een ultimul an.<\/p>\n\n\n\n<p>\u00cen consecin\u021b\u0103, <b>recenziile Tricostim<\/b> indic\u0103 o acceptare \u00een cre\u0219tere pe pia\u021b\u0103 \u0219i o satisfac\u021bie ridicat\u0103 \u00een r\u00e2ndul utilizatorilor, ceea ce contribuie la popularitatea sa. Utilizatorii recunosc \u0219i apreciaz\u0103 <b>efectele Tricostim<\/b> ca un produs eficient de \u00eengrijire a p\u0103rului.<\/p>\n\n\n\n<h2 class=\"wp-block-heading\">Compozi\u021bia de Tricostim &#8211; Ce con\u021bine?<\/h2>\n\n\n\n<p>Tricostim este un produs care se remarc\u0103 datorit\u0103 <em>compozi\u021biei<\/em> sale unice <em>Tricostim<\/em>, bazat\u0103 pe <em>ingrediente naturale<\/em>. Datorit\u0103 acestui fapt, afecteaz\u0103 \u00een mod eficient starea p\u0103rului \u0219i a scalpului. Printre <em>ce ingrediente<\/em> sunt incluse \u00een compozi\u021bia sa, se pot distinge:<\/p>\n\n\n\n<ul class=\"wp-block-list\">\n<li>Extract de ginseng<\/li>\n\n\n\n<li>Ulei de ricin<\/li>\n\n\n\n<li>Vitamina E<\/li>\n<\/ul>\n\n\n\n<p>Fiecare dintre aceste ingrediente joac\u0103 un rol cheie \u00een promovarea s\u0103n\u0103t\u0103\u021bii p\u0103rului. Extractul de ginseng are un efect stimulator, \u00eembun\u0103t\u0103\u021bind circula\u021bia s\u00e2ngelui \u00een scalp. Uleiul de ricin are propriet\u0103\u021bi hidratante \u0219i hr\u0103nitoare, care favorizeaz\u0103 <b>cre\u0219terea p\u0103rului<\/b>. Vitamina E, pe de alt\u0103 parte, este cunoscut\u0103 pentru propriet\u0103\u021bile sale antioxidante, care protejeaz\u0103 p\u0103rul de deterior\u0103ri. Prezen\u021ba acestor <em>ingrediente naturale<\/em> reduce, de asemenea, riscul de efecte secundare, f\u0103c\u00e2nd din Tricostim o alegere sigur\u0103 pentru utilizatori.<\/p>\n\n\n\n<p>Utilizarea Tricostimului \u00een \u00eengrijirea zilnic\u0103 a p\u0103rului are o serie de beneficii care contribuie la un p\u0103r cu aspect mai s\u0103n\u0103tos \u0219i mai bine condi\u021bionat. Aleg\u00e2nd produse bazate pe ingrediente naturale, putem sus\u021bine eficien\u021ba tratamentului \u0219i putem avea grij\u0103 de p\u0103r \u00eentr-un mod care este \u00een armonie cu natura.<\/p>\n\n\n\n<h2 class=\"wp-block-heading\">Unde s\u0103 cump\u0103ra\u021bi Tricostim &#8211; pre\u021b<\/h2>\n\n\n\n<p>Tricostim este disponibil numai pe site-ul <em>oficial al produc\u0103torului<\/em>. Este recomandabil s\u0103 evita\u021bi achizi\u021bionarea din farmaciile sta\u021bionare, deoarece acest produs nu este disponibil \u00een acestea. <em>Pre\u021burile<\/em> Tricostim pot varia \u00een func\u021bie de promo\u021biile curente pe care produc\u0103torul le ofer\u0103 pe site-ul s\u0103u.<\/p>\n\n\n\n<p>Comparativ cu alte produse pentru <b>cre\u0219terea p\u0103rului<\/b>, Tricostim se remarc\u0103 prin raportul bun <b>calitate\/pre\u021b<\/b>. Achizi\u021biile regulate direct de la <em>produc\u0103torul oficial<\/em> ofer\u0103 \u00eencredere \u00een autenticitatea \u0219i calitatea produsului.<\/p>\n\n\n\n<p>Atunci c\u00e2nd decide\u021bi asupra unei achizi\u021bii, merit\u0103 s\u0103 acorda\u021bi aten\u021bie diferitelor oferte \u0219i posibile reduceri. \u00cen acest fel, pute\u021bi ob\u021bine Tricostim la un pre\u021b atractiv, asigur\u00e2nd \u00een acela\u0219i timp calitatea \u0219i <b>siguran\u021ba<\/b> ridicat\u0103 a produsului.<\/p>\n\n\n\n<h2 class=\"wp-block-heading\">Tricostim &#8211; Efecte secundare \u0219i contraindica\u021bii &#8211; Este sigur?<\/h2>\n\n\n\n<p>Tricostim are o reputa\u021bie pentru un profil de siguran\u021b\u0103 ridicat datorit\u0103 formulei sale pe baz\u0103 de ingrediente naturale. De\u0219i, \u00een general, <b>efectele secundare ale Tricostim<\/b> sunt minime, unii utilizatori pot prezenta irita\u021bii cutanate localizate, \u00een special dac\u0103 sunt hipersensibili la oricare dintre ingrediente. Prin urmare, este important s\u0103 citi\u021bi cu aten\u021bie prospectul \u0219i instruc\u021biunile de utilizare \u00eenainte de a \u00eencepe tratamentul. O astfel de precau\u021bie va ajuta la evitarea posibilelor contraindica\u021bii.<\/p>\n\n\n\n<p><b>Siguran\u021ba<\/b> produsului este, de asemenea, confirmat\u0103 de numeroase <b>recenzii<\/b> ale utilizatorilor, care subliniaz\u0103 efectele pozitive ale utiliz\u0103rii Tricostim. Cu toate acestea, este \u00eentotdeauna recomandabil s\u0103 consulta\u021bi un medic sau un specialist \u00eenainte de a decide s\u0103 utiliza\u021bi orice supliment pentru a adapta tratamentul la nevoile individuale de s\u0103n\u0103tate.<\/p>\n\n\n\n<p>\u00cen concluzie, Tricostim pare a fi o solu\u021bie sigur\u0103 pentru a promova cre\u0219terea \u0219i regenerarea p\u0103rului. Cu toate acestea, ca \u00een cazul oric\u0103rui produs, este important s\u0103 \u00een\u021belege\u021bi posibilele efecte secundare \u0219i s\u0103 \u00eel utiliza\u021bi conform indica\u021biilor pentru a maximiza poten\u021bialul s\u0103u de eficacitate.<\/p>\n","protected":false},"excerpt":{"rendered":"<p><strong>[date_countdown]<\/strong><\/p>\n<p><img decoding=\"async\" class=\"alignnone wp-image-12812\" src=\"https:\/\/policlinicacuplatagalati.ro\/farmacie\/wp-content\/uploads\/2024\/11\/SAFE-PAY-300x88-1.png\" alt=\"SAFE-PAY\" width=\"150\" height=\"44\" \/><\/p>\n","protected":false},"featured_media":12991,"comment_status":"open","ping_status":"closed","template":"","meta":{"neve_meta_sidebar":"","neve_meta_container":"","neve_meta_enable_content_width":"","neve_meta_content_width":0,"neve_meta_title_alignment":"","neve_meta_author_avatar":"","neve_post_elements_order":"","neve_meta_disable_header":"","neve_meta_disable_footer":"","neve_meta_disable_title":"","neve_meta_reading_time":""},"product_brand":[],"product_cat":[574],"product_tag":[],"class_list":{"0":"post-12900","1":"product","2":"type-product","3":"status-publish","4":"has-post-thumbnail","6":"product_cat-frumusete","8":"first","9":"instock","10":"sale","11":"shipping-taxable","12":"product-type-external"},"yoast_head":"<!-- This site is optimized with the Yoast SEO plugin v27.3 - https:\/\/yoast.com\/product\/yoast-seo-wordpress\/ -->\n<title>Tricostim - Pareri, Forum, Efecte, Farmacie, Pre\u021b | -50%<\/title>\n<meta name=\"robots\" content=\"index, follow, max-snippet:-1, max-image-preview:large, max-video-preview:-1\" \/>\n<link rel=\"canonical\" href=\"https:\/\/policlinicacuplatagalati.ro\/farmacie\/apt\/tricostim\/\" \/>\n<meta property=\"og:locale\" content=\"ro_RO\" \/>\n<meta property=\"og:type\" content=\"article\" \/>\n<meta property=\"og:title\" content=\"Tricostim - Pareri, Forum, Efecte, Farmacie, Pre\u021b | -50%\" \/>\n<meta property=\"og:url\" content=\"https:\/\/policlinicacuplatagalati.ro\/farmacie\/apt\/tricostim\/\" \/>\n<meta property=\"og:site_name\" content=\"Policlinicacuplatagalati\" \/>\n<meta property=\"article:modified_time\" content=\"2025-01-22T14:04:10+00:00\" \/>\n<meta property=\"og:image\" content=\"https:\/\/policlinicacuplatagalati.ro\/farmacie\/wp-content\/uploads\/2025\/01\/Tricostim.png\" \/>\n\t<meta property=\"og:image:width\" content=\"768\" \/>\n\t<meta property=\"og:image:height\" content=\"768\" \/>\n\t<meta property=\"og:image:type\" content=\"image\/png\" \/>\n<meta name=\"twitter:card\" content=\"summary_large_image\" \/>\n<meta name=\"twitter:description\" content=\"[date_countdown]\" \/>\n<meta name=\"twitter:label1\" content=\"Timp estimat pentru citire\" \/>\n\t<meta name=\"twitter:data1\" content=\"1 minut\" \/>\n<script type=\"application\/ld+json\" class=\"yoast-schema-graph\">{\"@context\":\"https:\\\/\\\/schema.org\",\"@graph\":[{\"@type\":\"WebPage\",\"@id\":\"https:\\\/\\\/policlinicacuplatagalati.ro\\\/farmacie\\\/apt\\\/tricostim\\\/\",\"url\":\"https:\\\/\\\/policlinicacuplatagalati.ro\\\/farmacie\\\/apt\\\/tricostim\\\/\",\"name\":\"Tricostim - Pareri, Forum, Efecte, Farmacie, Pre\u021b | -50%\",\"isPartOf\":{\"@id\":\"https:\\\/\\\/policlinicacuplatagalati.ro\\\/farmacie\\\/#website\"},\"primaryImageOfPage\":{\"@id\":\"https:\\\/\\\/policlinicacuplatagalati.ro\\\/farmacie\\\/apt\\\/tricostim\\\/#primaryimage\"},\"image\":{\"@id\":\"https:\\\/\\\/policlinicacuplatagalati.ro\\\/farmacie\\\/apt\\\/tricostim\\\/#primaryimage\"},\"thumbnailUrl\":\"https:\\\/\\\/policlinicacuplatagalati.ro\\\/farmacie\\\/wp-content\\\/uploads\\\/2025\\\/01\\\/Tricostim.png\",\"datePublished\":\"2025-01-20T15:44:49+00:00\",\"dateModified\":\"2025-01-22T14:04:10+00:00\",\"breadcrumb\":{\"@id\":\"https:\\\/\\\/policlinicacuplatagalati.ro\\\/farmacie\\\/apt\\\/tricostim\\\/#breadcrumb\"},\"inLanguage\":\"ro-RO\",\"potentialAction\":[{\"@type\":\"ReadAction\",\"target\":[\"https:\\\/\\\/policlinicacuplatagalati.ro\\\/farmacie\\\/apt\\\/tricostim\\\/\"]}]},{\"@type\":\"ImageObject\",\"inLanguage\":\"ro-RO\",\"@id\":\"https:\\\/\\\/policlinicacuplatagalati.ro\\\/farmacie\\\/apt\\\/tricostim\\\/#primaryimage\",\"url\":\"https:\\\/\\\/policlinicacuplatagalati.ro\\\/farmacie\\\/wp-content\\\/uploads\\\/2025\\\/01\\\/Tricostim.png\",\"contentUrl\":\"https:\\\/\\\/policlinicacuplatagalati.ro\\\/farmacie\\\/wp-content\\\/uploads\\\/2025\\\/01\\\/Tricostim.png\",\"width\":768,\"height\":768,\"caption\":\"Tricostim\"},{\"@type\":\"BreadcrumbList\",\"@id\":\"https:\\\/\\\/policlinicacuplatagalati.ro\\\/farmacie\\\/apt\\\/tricostim\\\/#breadcrumb\",\"itemListElement\":[{\"@type\":\"ListItem\",\"position\":1,\"name\":\"Strona g\u0142\u00f3wna\",\"item\":\"https:\\\/\\\/policlinicacuplatagalati.ro\\\/farmacie\\\/\"},{\"@type\":\"ListItem\",\"position\":2,\"name\":\"Produkte\",\"item\":\"https:\\\/\\\/policlinicacuplatagalati.ro\\\/farmacie\\\/\"},{\"@type\":\"ListItem\",\"position\":3,\"name\":\"Tricostim\"}]},{\"@type\":\"WebSite\",\"@id\":\"https:\\\/\\\/policlinicacuplatagalati.ro\\\/farmacie\\\/#website\",\"url\":\"https:\\\/\\\/policlinicacuplatagalati.ro\\\/farmacie\\\/\",\"name\":\"Policlinicacuplatagalati\",\"description\":\"\",\"potentialAction\":[{\"@type\":\"SearchAction\",\"target\":{\"@type\":\"EntryPoint\",\"urlTemplate\":\"https:\\\/\\\/policlinicacuplatagalati.ro\\\/farmacie\\\/?s={search_term_string}\"},\"query-input\":{\"@type\":\"PropertyValueSpecification\",\"valueRequired\":true,\"valueName\":\"search_term_string\"}}],\"inLanguage\":\"ro-RO\"}]}<\/script>\n<!-- \/ Yoast SEO plugin. -->","yoast_head_json":{"title":"Tricostim - Pareri, Forum, Efecte, Farmacie, Pre\u021b | -50%","robots":{"index":"index","follow":"follow","max-snippet":"max-snippet:-1","max-image-preview":"max-image-preview:large","max-video-preview":"max-video-preview:-1"},"canonical":"https:\/\/policlinicacuplatagalati.ro\/farmacie\/apt\/tricostim\/","og_locale":"ro_RO","og_type":"article","og_title":"Tricostim - Pareri, Forum, Efecte, Farmacie, Pre\u021b | -50%","og_url":"https:\/\/policlinicacuplatagalati.ro\/farmacie\/apt\/tricostim\/","og_site_name":"Policlinicacuplatagalati","article_modified_time":"2025-01-22T14:04:10+00:00","og_image":[{"width":768,"height":768,"url":"https:\/\/policlinicacuplatagalati.ro\/farmacie\/wp-content\/uploads\/2025\/01\/Tricostim.png","type":"image\/png"}],"twitter_card":"summary_large_image","twitter_description":"[date_countdown]","twitter_misc":{"Timp estimat pentru citire":"1 minut"},"schema":{"@context":"https:\/\/schema.org","@graph":[{"@type":"WebPage","@id":"https:\/\/policlinicacuplatagalati.ro\/farmacie\/apt\/tricostim\/","url":"https:\/\/policlinicacuplatagalati.ro\/farmacie\/apt\/tricostim\/","name":"Tricostim - Pareri, Forum, Efecte, Farmacie, Pre\u021b | -50%","isPartOf":{"@id":"https:\/\/policlinicacuplatagalati.ro\/farmacie\/#website"},"primaryImageOfPage":{"@id":"https:\/\/policlinicacuplatagalati.ro\/farmacie\/apt\/tricostim\/#primaryimage"},"image":{"@id":"https:\/\/policlinicacuplatagalati.ro\/farmacie\/apt\/tricostim\/#primaryimage"},"thumbnailUrl":"https:\/\/policlinicacuplatagalati.ro\/farmacie\/wp-content\/uploads\/2025\/01\/Tricostim.png","datePublished":"2025-01-20T15:44:49+00:00","dateModified":"2025-01-22T14:04:10+00:00","breadcrumb":{"@id":"https:\/\/policlinicacuplatagalati.ro\/farmacie\/apt\/tricostim\/#breadcrumb"},"inLanguage":"ro-RO","potentialAction":[{"@type":"ReadAction","target":["https:\/\/policlinicacuplatagalati.ro\/farmacie\/apt\/tricostim\/"]}]},{"@type":"ImageObject","inLanguage":"ro-RO","@id":"https:\/\/policlinicacuplatagalati.ro\/farmacie\/apt\/tricostim\/#primaryimage","url":"https:\/\/policlinicacuplatagalati.ro\/farmacie\/wp-content\/uploads\/2025\/01\/Tricostim.png","contentUrl":"https:\/\/policlinicacuplatagalati.ro\/farmacie\/wp-content\/uploads\/2025\/01\/Tricostim.png","width":768,"height":768,"caption":"Tricostim"},{"@type":"BreadcrumbList","@id":"https:\/\/policlinicacuplatagalati.ro\/farmacie\/apt\/tricostim\/#breadcrumb","itemListElement":[{"@type":"ListItem","position":1,"name":"Strona g\u0142\u00f3wna","item":"https:\/\/policlinicacuplatagalati.ro\/farmacie\/"},{"@type":"ListItem","position":2,"name":"Produkte","item":"https:\/\/policlinicacuplatagalati.ro\/farmacie\/"},{"@type":"ListItem","position":3,"name":"Tricostim"}]},{"@type":"WebSite","@id":"https:\/\/policlinicacuplatagalati.ro\/farmacie\/#website","url":"https:\/\/policlinicacuplatagalati.ro\/farmacie\/","name":"Policlinicacuplatagalati","description":"","potentialAction":[{"@type":"SearchAction","target":{"@type":"EntryPoint","urlTemplate":"https:\/\/policlinicacuplatagalati.ro\/farmacie\/?s={search_term_string}"},"query-input":{"@type":"PropertyValueSpecification","valueRequired":true,"valueName":"search_term_string"}}],"inLanguage":"ro-RO"}]}},"_links":{"self":[{"href":"https:\/\/policlinicacuplatagalati.ro\/farmacie\/wp-json\/wp\/v2\/product\/12900","targetHints":{"allow":["GET"]}}],"collection":[{"href":"https:\/\/policlinicacuplatagalati.ro\/farmacie\/wp-json\/wp\/v2\/product"}],"about":[{"href":"https:\/\/policlinicacuplatagalati.ro\/farmacie\/wp-json\/wp\/v2\/types\/product"}],"replies":[{"embeddable":true,"href":"https:\/\/policlinicacuplatagalati.ro\/farmacie\/wp-json\/wp\/v2\/comments?post=12900"}],"wp:featuredmedia":[{"embeddable":true,"href":"https:\/\/policlinicacuplatagalati.ro\/farmacie\/wp-json\/wp\/v2\/media\/12991"}],"wp:attachment":[{"href":"https:\/\/policlinicacuplatagalati.ro\/farmacie\/wp-json\/wp\/v2\/media?parent=12900"}],"wp:term":[{"taxonomy":"product_brand","embeddable":true,"href":"https:\/\/policlinicacuplatagalati.ro\/farmacie\/wp-json\/wp\/v2\/product_brand?post=12900"},{"taxonomy":"product_cat","embeddable":true,"href":"https:\/\/policlinicacuplatagalati.ro\/farmacie\/wp-json\/wp\/v2\/product_cat?post=12900"},{"taxonomy":"product_tag","embeddable":true,"href":"https:\/\/policlinicacuplatagalati.ro\/farmacie\/wp-json\/wp\/v2\/product_tag?post=12900"}],"curies":[{"name":"wp","href":"https:\/\/api.w.org\/{rel}","templated":true}]}}