{"id":12921,"date":"2025-01-20T16:44:50","date_gmt":"2025-01-20T15:44:50","guid":{"rendered":"https:\/\/policlinicacuplatagalati.ro\/farmacie\/?post_type=product&#038;p=12921"},"modified":"2025-01-22T14:18:26","modified_gmt":"2025-01-22T13:18:26","slug":"secretdiet","status":"publish","type":"product","link":"https:\/\/policlinicacuplatagalati.ro\/farmacie\/apt\/secretdiet\/","title":{"rendered":"SecretDiet"},"content":{"rendered":"\n<h2 class=\"wp-block-heading\">Ce este SecretDiet \u0219i cum func\u021bioneaz\u0103?<\/h2>\n\n\n\n<p>SecretDiet este un <b>supliment alimentar<\/b> de ultim\u0103 or\u0103 conceput pentru persoanele care doresc s\u0103 reduc\u0103 \u00een mod eficient excesul de greutate. <em>Ac\u021biunea<\/em> sa <em>d<\/em> se bazeaz\u0103 pe inducerea unei st\u0103ri de cetoz\u0103, ceea ce \u00eenseamn\u0103 c\u0103 organismul \u00eencepe s\u0103 ard\u0103 \u021besutul adipos ca principala sa surs\u0103 de energie. Acest proces contribuie la pierderea eficient\u0103 \u00een greutate, dup\u0103 cum confirm\u0103 <b>recenziile<\/b> utilizatorilor mul\u021bumi\u021bi.<\/p>\n\n\n\n<p>Ingredientul cheie din formul\u0103 este BHB (beta-hidroxibutirat), care ofer\u0103 organismului energie \u0219i ajut\u0103 la controlul apetitului. \u00cen acest fel, suplimentul sus\u021bine metabolismul s\u0103n\u0103tos al gr\u0103similor \u0219i minimizeaz\u0103 poftele pentru gust\u0103ri nes\u0103n\u0103toase. Este demn de remarcat ingredientele naturale care fac din SecretDiet o op\u021biune sigur\u0103 \u00een segmentul suplimentelor alimentare.<\/p>\n\n\n\n<ul class=\"wp-block-list\">\n<li>Inducerea cetozei<\/li>\n\n\n\n<li>Sus\u021binerea metabolismului<\/li>\n\n\n\n<li>Controlul apetitului<\/li>\n\n\n\n<li><b>Compozi\u021bie<\/b> bazat\u0103 pe componente naturale<\/li>\n<\/ul>\n\n\n\n<p><b>Utilizarea<\/b> regulat\u0103 <b>a<\/b> suplimentului contribuie la optimizarea efectelor pierderii \u00een greutate, facilit\u00e2nd ob\u021binerea rezultatelor dorite. Utilizarea SecretDiet sus\u021bine procesele metabolice, oferind o abordare natural\u0103 a reducerii greut\u0103\u021bii.<\/p>\n\n\n\n<h2 class=\"wp-block-heading\">SecretDiet &#8211; efecte<\/h2>\n\n\n\n<p>Atunci c\u00e2nd utilizeaz\u0103 <b>suplimentul alimentar<\/b> SecretDiet, utilizatorii pot experimenta efecte semnificative de pierdere \u00een greutate dup\u0103 doar o perioad\u0103 scurt\u0103 de timp. Mul\u021bi oameni raporteaz\u0103 o pierdere \u00een greutate de c\u00e2teva kilograme dup\u0103 doar prima lun\u0103 de utilizare a produsului. Aceste <b>efecte<\/b> sunt adesea sus\u021binute de o \u00eembun\u0103t\u0103\u021bire a dispozi\u021biei \u0219i a bun\u0103st\u0103rii generale, care se datoreaz\u0103 ingredientelor de echilibrare hormonal\u0103.<\/p>\n\n\n\n<p>\u00cen mod important, <em>feedback-ul<\/em> utilizatorilor eviden\u021biaz\u0103 adesea o cre\u0219tere a nivelului de energie, care \u00eencurajeaz\u0103 activitatea fizic\u0103. Cre\u0219terea activit\u0103\u021bii fizice contribuie la arderea mai eficient\u0103 a caloriilor, ceea ce, la r\u00e2ndul s\u0103u, favorizeaz\u0103 pierderea \u00een greutate. <b>Efectele<\/b> SecretDiet pot fi variate, dar cele mai importante sunt \u00eembun\u0103t\u0103\u021birea st\u0103rii de bine \u0219i schimb\u0103rile fizice care afecteaz\u0103 via\u021ba de zi cu zi.<\/p>\n\n\n\n<ul class=\"wp-block-list\">\n<li>Pierderea c\u00e2torva kilograme \u00een prima lun\u0103.<\/li>\n\n\n\n<li>\u00cembun\u0103t\u0103\u021birea st\u0103rii de spirit \u0219i a bun\u0103st\u0103rii generale.<\/li>\n\n\n\n<li>Energie crescut\u0103 pentru a promova activitatea fizic\u0103.<\/li>\n\n\n\n<li>Reducerea apetitului prin efecte asupra nivelului de serotonin\u0103.<\/li>\n<\/ul>\n\n\n\n<p>Toate aceste <em>efecte<\/em> pozitive sunt argumente importante care pot contribui la decizia de a implementa acest <em>supliment alimentar<\/em> \u00een via\u021ba de zi cu zi. Este demn de remarcat <b>efectele<\/b> \u0219i <b>experien\u021bele<\/b> diverse <b>ale utilizatorilor<\/b>, care pot construi o baz\u0103 puternic\u0103 de \u00eencredere \u00een produs.<\/p>\n\n\n\n<h2 class=\"wp-block-heading\">Cum se utilizeaz\u0103 SecretDiet? &#8211; Dozaj \u0219i recomand\u0103ri<\/h2>\n\n\n\n<p>SecretDiet este un supliment alimentar dedicat celor care doresc s\u0103 piard\u0103 \u00een greutate. <em>Utilizarea<\/em> corect\u0103 <em>a<\/em> acestui produs joac\u0103 un rol cheie \u00een ob\u021binerea unor rezultate satisf\u0103c\u0103toare. <b>Recomand\u0103rile<\/b> produc\u0103torului sugereaz\u0103 c\u0103 <em>doza<\/em> trebuie luat\u0103 de dou\u0103 ori pe zi. Cel mai bine se administreaz\u0103 \u00eenainte de mese, ceea ce \u00eei spore\u0219te <b>eficien\u021ba<\/b> \u00een procesul de pierdere \u00een greutate.<\/p>\n\n\n\n<p><em>Aplicarea<\/em> regulat\u0103 este esen\u021bial\u0103. Respectarea cantit\u0103\u021bilor recomandate asigur\u0103 rezultate mai bune. \u00cen plus, merit\u0103 s\u0103 ne amintim s\u0103 bem suficient\u0103 ap\u0103 pe parcursul zilei, care sus\u021bine metabolismul. Combinarea suplimentelor cu o diet\u0103 echilibrat\u0103 \u0219i activitate fizic\u0103 accelereaz\u0103 atingerea obiectivelor de <em>pierdere \u00een greutate<\/em>.<\/p>\n\n\n\n<ul class=\"wp-block-list\">\n<li>Lua\u021bi 1 capsul\u0103 diminea\u021ba \u00eenainte de micul dejun.<\/li>\n\n\n\n<li>Lua\u021bi 1 capsul\u0103 \u00eenainte de antrenament.<\/li>\n\n\n\n<li>Nu dep\u0103\u0219i\u021bi doza zilnic\u0103 recomandat\u0103.<\/li>\n\n\n\n<li>Consulta\u021bi un medic dac\u0103 apare orice disconfort.<\/li>\n<\/ul>\n\n\n\n<p>Rezultatele de succes sunt posibile atunci c\u00e2nd suplimentul este utilizat \u00een conformitate cu <em>recomand\u0103rile<\/em> de mai sus. Merit\u0103 s\u0103 v\u0103 monitoriza\u021bi organismul \u0219i s\u0103 nu v\u0103 abandona\u021bi planul pentru a experimenta toate beneficiile supliment\u0103rii regulate.<\/p>\n\n\n\n<h2 class=\"wp-block-heading\">Experien\u021bele utilizatorilor \u0219i recenziile SecretDiet &#8211; care sunt recenziile?<\/h2>\n\n\n\n<p>SecretDiet c\u00e2\u0219tig\u0103 din ce \u00een ce mai mult\u0103 recunoa\u0219tere \u00een r\u00e2ndul persoanelor preocupate de s\u0103n\u0103tate \u0219i fitness. <b>Recenzile<\/b> utilizatorilor indic\u0103 faptul c\u0103 acest supliment este foarte <b>eficient<\/b>, cu multe experien\u021be pozitive. Multe recenzii confirm\u0103 faptul c\u0103 <b>utilizarea<\/b> regulat\u0103 <b>a<\/b> SecretDiet aduce rezultate tangibile \u00een ceea ce prive\u0219te pierderea \u00een greutate \u0219i \u00eembun\u0103t\u0103\u021birea bun\u0103st\u0103rii.<\/p>\n\n\n\n<blockquote class=\"wp-block-quote is-layout-flow wp-block-quote-is-layout-flow\">\n<p>&#8222;Sunt \u00eenc\u00e2ntat de rezultate! Am sl\u0103bit 6 kg \u00een 6 s\u0103pt\u0103m\u00e2ni de utilizare. Secretul este c\u0103 am mai pu\u021bine pofte de dulciuri \u0219i m\u0103 simt mai bine \u00een fiecare zi.&#8221;<\/p>\n<\/blockquote>\n\n\n\n<p>Este demn de remarcat <b>feedback-ul<\/b> detaliat, care variaz\u0103 de la utilizator la utilizator. Tabelul de mai jos prezint\u0103 c\u00e2teva <b>experien\u021be ale utilizatorilor<\/b>:<\/p>\n\n\n\n<figure class=\"wp-block-table\"><table class=\"has-fixed-layout\"><tbody><tr><th>Nume \u0219i prenume<\/th><th>Opinii<\/th><th>Pierderea \u00een greutate<\/th><th>Efecte secundare<\/th><\/tr><tr><td>Anna<\/td><td>M\u0103 simt mai bine, am mai mult\u0103 energie, \u00eel recomand!<\/td><td>5 kg<\/td><td>Nu<\/td><\/tr><tr><td>Tomasz<\/td><td>\u00cen cele din urm\u0103, nu mi-e foame, starea mea de spirit s-a \u00eembun\u0103t\u0103\u021bit puternic.<\/td><td>4 kg<\/td><td>Dureri de cap u\u0219oare<\/td><\/tr><tr><td>Kasia<\/td><td>Toate pentru mai bine, energie mai bun\u0103, mai pu\u021bine pofte de dulciuri.<\/td><td>6 kg<\/td><td>Nu<\/td><\/tr><\/tbody><\/table><\/figure>\n\n\n\n<p><b>Recenzile<\/b> arat\u0103 c\u0103 aproximativ 65% dintre utilizatori v\u0103d rezultate vizibile \u00een prima lun\u0103 de utilizare. Cei care urmeaz\u0103 programul v\u0103d o pierdere medie \u00een greutate de 7-10 kilograme \u00een trei luni. Succesul SecretDiet const\u0103, de asemenea, \u00een ingredientele sale naturale, care atrag 78% dintre consumatorii care caut\u0103 solu\u021bii s\u0103n\u0103toase.<\/p>\n\n\n\n<p>Mul\u021bi utilizatori raporteaz\u0103 \u00eembun\u0103t\u0103\u021birea nivelului de energie ca efect suplimentar al suplimentului, subliniind impactul general asupra bun\u0103st\u0103rii lor. \u00cen cadrul grupului \u021bint\u0103 dorit, cel mai mare num\u0103r de utilizatori sunt femeile cu v\u00e2rste cuprinse \u00eentre 25 \u0219i 45 de ani, reprezent\u00e2nd 70 % din num\u0103rul total de clien\u021bi.<\/p>\n\n\n\n<p>\u00cen cele din urm\u0103, <b>experien\u021ba<\/b> pozitiv\u0103 a <b>utilizatorilor<\/b> \u0219i <b>feedback-ul<\/b> arat\u0103 SecretDiet ca un sprijin eficient pentru pierderea \u00een greutate, f\u0103c\u00e2ndu-l o alegere interesant\u0103 pentru cei care doresc s\u0103 \u00ee\u0219i \u00eembun\u0103t\u0103\u021beasc\u0103 figura \u0219i s\u0103n\u0103tatea.<\/p>\n\n\n\n<h2 class=\"wp-block-heading\">SecretDiet &#8211; Compozi\u021bie<\/h2>\n\n\n\n<p><b>Compozi\u021bia<\/b> SecretDiet a fost atent formulat\u0103 pentru a maximiza sprijinul pentru pierderea \u00een greutate. Acest supliment alimentar con\u021bine mai multe ingrediente cheie care joac\u0103 un rol important \u00een reducerea greut\u0103\u021bii \u0219i \u00eembun\u0103t\u0103\u021birea st\u0103rii generale de bine.<\/p>\n\n\n\n<ul class=\"wp-block-list\">\n<li><em>BHB (beta-hidroxibutirat)<\/em> &#8211; Principalul ingredient care induce o stare de cetoz\u0103, cu efecte benefice asupra arderii gr\u0103similor.<\/li>\n\n\n\n<li><em>Extracte de plante<\/em> &#8211; Substan\u021be naturale care sus\u021bin metabolismul \u0219i ajut\u0103 la reglarea apetitului, ceea ce este deosebit de important \u00een timpul pierderii \u00een greutate.<\/li>\n\n\n\n<li><em>Ingrediente active<\/em> &#8211; Aceste componente vizeaz\u0103 detoxifierea organismului, care, la r\u00e2ndul s\u0103u, accelereaz\u0103 arderea gr\u0103similor.<\/li>\n<\/ul>\n\n\n\n<p>Este demn de remarcat faptul c\u0103 <b>compozi\u021bia<\/b> SecretDiet este complet natural\u0103, elimin\u00e2nd preocup\u0103rile legate de utilizarea substan\u021belor artificiale. Aceast\u0103 abordare face ca formula s\u0103 fie de \u00eencredere printre cei care caut\u0103 sprijin eficient pentru pierderea \u00een greutate.<\/p>\n\n\n\n<p>Atunci c\u00e2nd alege\u021bi un supliment alimentar precum SecretDiet, este important s\u0103 v\u0103 familiariza\u021bi cu compozi\u021bia acestuia \u0219i cu propriet\u0103\u021bile ingredientelor individuale pentru a lua o decizie \u00een cuno\u0219tin\u021b\u0103 de cauz\u0103 atunci c\u00e2nd vine vorba de s\u0103n\u0103tate \u0219i pierdere \u00een greutate.<\/p>\n\n\n\n<h2 class=\"wp-block-heading\">SecretDiet pre\u021b &#8211; Unde s\u0103 cumpere?<\/h2>\n\n\n\n<p>SecretDiet este disponibil exclusiv de pe <em>site-ul oficial al<\/em> produc\u0103torului. Achizi\u021bionarea direct de la produc\u0103tor garanteaz\u0103 autenticitatea \u0219i calitatea produsului. \u00cen prezent, <em>pre\u021bul<\/em> s\u0103u este disponibil la o reducere de <strong>50%<\/strong> fa\u021b\u0103 de pre\u021bul original.<\/p>\n\n\n\n<p>Cump\u0103r\u0103turile regulate de pe <em>site-ul oficial al<\/em> produc\u0103torului sunt cea mai bun\u0103 modalitate de a avea acces la promo\u021bii atractive \u0219i la oferte noi de suplimente. Merit\u0103 s\u0103 v\u0103 \u021bine\u021bi la curent cu reducerile pentru a maximiza beneficiile achizi\u021biilor dumneavoastr\u0103.<\/p>\n\n\n\n<h2 class=\"wp-block-heading\">SecretDiet &#8211; Poten\u021biale efecte secundare \u0219i contraindica\u021bii de utilizare<\/h2>\n\n\n\n<p>De\u0219i SecretDiet este considerat un supliment sigur, este important s\u0103 fi\u021bi con\u0219tien\u021bi de poten\u021bialele efecte secundare care pot ap\u0103rea. Utilizatorii pot prezenta simptome precum dureri de cap, grea\u021b\u0103 sau probleme stomacale. Multe dintre aceste efecte dispar de obicei pe m\u0103sur\u0103 ce organismul se adapteaz\u0103 la ingredientele din supliment.<\/p>\n\n\n\n<p>De asemenea, merit\u0103 s\u0103 men\u021bion\u0103m <b>contraindica\u021biile<\/b> SecretDiet. Cei care sunt \u00eens\u0103rcina\u021bi, care al\u0103pteaz\u0103 \u0219i cei cu afec\u021biuni medicale cronice ar trebui s\u0103 evite suplimentarea f\u0103r\u0103 a consulta mai \u00eent\u00e2i medicul lor. <b>Siguran\u021ba<\/b> acestui supliment \u00een astfel de cazuri este crucial\u0103 \u0219i nu trebuie luat\u0103 u\u0219or.<\/p>\n\n\n\n<p>\u00cenainte de a \u00eencepe un tratament cu suplimente, este recomandabil s\u0103 consulta\u021bi un profesionist calificat pentru a v\u0103 asigura c\u0103 nu exist\u0103 poten\u021biale contraindica\u021bii de s\u0103n\u0103tate. Abordarea corect\u0103 v\u0103 va permite s\u0103 profita\u021bi la maximum de SecretDiet \u0219i s\u0103 minimiza\u021bi riscul de efecte secundare.<\/p>\n\n\n\n<p><\/p>\n","protected":false},"excerpt":{"rendered":"<p><strong>[date_countdown]<\/strong><\/p>\n<p><img decoding=\"async\" class=\"alignnone wp-image-12812\" src=\"https:\/\/policlinicacuplatagalati.ro\/farmacie\/wp-content\/uploads\/2024\/11\/SAFE-PAY-300x88-1.png\" alt=\"SAFE-PAY\" width=\"150\" height=\"44\" \/><\/p>\n","protected":false},"featured_media":12970,"comment_status":"open","ping_status":"closed","template":"","meta":{"neve_meta_sidebar":"","neve_meta_container":"","neve_meta_enable_content_width":"","neve_meta_content_width":0,"neve_meta_title_alignment":"","neve_meta_author_avatar":"","neve_post_elements_order":"","neve_meta_disable_header":"","neve_meta_disable_footer":"","neve_meta_disable_title":"","neve_meta_reading_time":""},"product_brand":[],"product_cat":[576],"product_tag":[],"class_list":{"0":"post-12921","1":"product","2":"type-product","3":"status-publish","4":"has-post-thumbnail","6":"product_cat-pierdere-in-greutate","8":"first","9":"instock","10":"sale","11":"shipping-taxable","12":"product-type-external"},"yoast_head":"<!-- This site is optimized with the Yoast SEO plugin v27.3 - https:\/\/yoast.com\/product\/yoast-seo-wordpress\/ -->\n<title>SecretDiet - Pareri, Forum, Efecte, Farmacie, Pre\u021b | -50%<\/title>\n<meta name=\"robots\" content=\"index, follow, max-snippet:-1, max-image-preview:large, max-video-preview:-1\" \/>\n<link rel=\"canonical\" href=\"https:\/\/policlinicacuplatagalati.ro\/farmacie\/apt\/secretdiet\/\" \/>\n<meta property=\"og:locale\" content=\"ro_RO\" \/>\n<meta property=\"og:type\" content=\"article\" \/>\n<meta property=\"og:title\" content=\"SecretDiet - Pareri, Forum, Efecte, Farmacie, Pre\u021b | -50%\" \/>\n<meta property=\"og:url\" content=\"https:\/\/policlinicacuplatagalati.ro\/farmacie\/apt\/secretdiet\/\" \/>\n<meta property=\"og:site_name\" content=\"Policlinicacuplatagalati\" \/>\n<meta property=\"article:modified_time\" content=\"2025-01-22T13:18:26+00:00\" \/>\n<meta property=\"og:image\" content=\"https:\/\/policlinicacuplatagalati.ro\/farmacie\/wp-content\/uploads\/2025\/01\/SecretDiet.png\" \/>\n\t<meta property=\"og:image:width\" content=\"768\" \/>\n\t<meta property=\"og:image:height\" content=\"768\" \/>\n\t<meta property=\"og:image:type\" content=\"image\/png\" \/>\n<meta name=\"twitter:card\" content=\"summary_large_image\" \/>\n<meta name=\"twitter:description\" content=\"[date_countdown]\" \/>\n<meta name=\"twitter:label1\" content=\"Timp estimat pentru citire\" \/>\n\t<meta name=\"twitter:data1\" content=\"1 minut\" \/>\n<script type=\"application\/ld+json\" class=\"yoast-schema-graph\">{\"@context\":\"https:\\\/\\\/schema.org\",\"@graph\":[{\"@type\":\"WebPage\",\"@id\":\"https:\\\/\\\/policlinicacuplatagalati.ro\\\/farmacie\\\/apt\\\/secretdiet\\\/\",\"url\":\"https:\\\/\\\/policlinicacuplatagalati.ro\\\/farmacie\\\/apt\\\/secretdiet\\\/\",\"name\":\"SecretDiet - Pareri, Forum, Efecte, Farmacie, Pre\u021b | -50%\",\"isPartOf\":{\"@id\":\"https:\\\/\\\/policlinicacuplatagalati.ro\\\/farmacie\\\/#website\"},\"primaryImageOfPage\":{\"@id\":\"https:\\\/\\\/policlinicacuplatagalati.ro\\\/farmacie\\\/apt\\\/secretdiet\\\/#primaryimage\"},\"image\":{\"@id\":\"https:\\\/\\\/policlinicacuplatagalati.ro\\\/farmacie\\\/apt\\\/secretdiet\\\/#primaryimage\"},\"thumbnailUrl\":\"https:\\\/\\\/policlinicacuplatagalati.ro\\\/farmacie\\\/wp-content\\\/uploads\\\/2025\\\/01\\\/SecretDiet.png\",\"datePublished\":\"2025-01-20T15:44:50+00:00\",\"dateModified\":\"2025-01-22T13:18:26+00:00\",\"breadcrumb\":{\"@id\":\"https:\\\/\\\/policlinicacuplatagalati.ro\\\/farmacie\\\/apt\\\/secretdiet\\\/#breadcrumb\"},\"inLanguage\":\"ro-RO\",\"potentialAction\":[{\"@type\":\"ReadAction\",\"target\":[\"https:\\\/\\\/policlinicacuplatagalati.ro\\\/farmacie\\\/apt\\\/secretdiet\\\/\"]}]},{\"@type\":\"ImageObject\",\"inLanguage\":\"ro-RO\",\"@id\":\"https:\\\/\\\/policlinicacuplatagalati.ro\\\/farmacie\\\/apt\\\/secretdiet\\\/#primaryimage\",\"url\":\"https:\\\/\\\/policlinicacuplatagalati.ro\\\/farmacie\\\/wp-content\\\/uploads\\\/2025\\\/01\\\/SecretDiet.png\",\"contentUrl\":\"https:\\\/\\\/policlinicacuplatagalati.ro\\\/farmacie\\\/wp-content\\\/uploads\\\/2025\\\/01\\\/SecretDiet.png\",\"width\":768,\"height\":768,\"caption\":\"SecretDiet\"},{\"@type\":\"BreadcrumbList\",\"@id\":\"https:\\\/\\\/policlinicacuplatagalati.ro\\\/farmacie\\\/apt\\\/secretdiet\\\/#breadcrumb\",\"itemListElement\":[{\"@type\":\"ListItem\",\"position\":1,\"name\":\"Strona g\u0142\u00f3wna\",\"item\":\"https:\\\/\\\/policlinicacuplatagalati.ro\\\/farmacie\\\/\"},{\"@type\":\"ListItem\",\"position\":2,\"name\":\"Produkte\",\"item\":\"https:\\\/\\\/policlinicacuplatagalati.ro\\\/farmacie\\\/\"},{\"@type\":\"ListItem\",\"position\":3,\"name\":\"SecretDiet\"}]},{\"@type\":\"WebSite\",\"@id\":\"https:\\\/\\\/policlinicacuplatagalati.ro\\\/farmacie\\\/#website\",\"url\":\"https:\\\/\\\/policlinicacuplatagalati.ro\\\/farmacie\\\/\",\"name\":\"Policlinicacuplatagalati\",\"description\":\"\",\"potentialAction\":[{\"@type\":\"SearchAction\",\"target\":{\"@type\":\"EntryPoint\",\"urlTemplate\":\"https:\\\/\\\/policlinicacuplatagalati.ro\\\/farmacie\\\/?s={search_term_string}\"},\"query-input\":{\"@type\":\"PropertyValueSpecification\",\"valueRequired\":true,\"valueName\":\"search_term_string\"}}],\"inLanguage\":\"ro-RO\"}]}<\/script>\n<!-- \/ Yoast SEO plugin. -->","yoast_head_json":{"title":"SecretDiet - Pareri, Forum, Efecte, Farmacie, Pre\u021b | -50%","robots":{"index":"index","follow":"follow","max-snippet":"max-snippet:-1","max-image-preview":"max-image-preview:large","max-video-preview":"max-video-preview:-1"},"canonical":"https:\/\/policlinicacuplatagalati.ro\/farmacie\/apt\/secretdiet\/","og_locale":"ro_RO","og_type":"article","og_title":"SecretDiet - Pareri, Forum, Efecte, Farmacie, Pre\u021b | -50%","og_url":"https:\/\/policlinicacuplatagalati.ro\/farmacie\/apt\/secretdiet\/","og_site_name":"Policlinicacuplatagalati","article_modified_time":"2025-01-22T13:18:26+00:00","og_image":[{"width":768,"height":768,"url":"https:\/\/policlinicacuplatagalati.ro\/farmacie\/wp-content\/uploads\/2025\/01\/SecretDiet.png","type":"image\/png"}],"twitter_card":"summary_large_image","twitter_description":"[date_countdown]","twitter_misc":{"Timp estimat pentru citire":"1 minut"},"schema":{"@context":"https:\/\/schema.org","@graph":[{"@type":"WebPage","@id":"https:\/\/policlinicacuplatagalati.ro\/farmacie\/apt\/secretdiet\/","url":"https:\/\/policlinicacuplatagalati.ro\/farmacie\/apt\/secretdiet\/","name":"SecretDiet - Pareri, Forum, Efecte, Farmacie, Pre\u021b | -50%","isPartOf":{"@id":"https:\/\/policlinicacuplatagalati.ro\/farmacie\/#website"},"primaryImageOfPage":{"@id":"https:\/\/policlinicacuplatagalati.ro\/farmacie\/apt\/secretdiet\/#primaryimage"},"image":{"@id":"https:\/\/policlinicacuplatagalati.ro\/farmacie\/apt\/secretdiet\/#primaryimage"},"thumbnailUrl":"https:\/\/policlinicacuplatagalati.ro\/farmacie\/wp-content\/uploads\/2025\/01\/SecretDiet.png","datePublished":"2025-01-20T15:44:50+00:00","dateModified":"2025-01-22T13:18:26+00:00","breadcrumb":{"@id":"https:\/\/policlinicacuplatagalati.ro\/farmacie\/apt\/secretdiet\/#breadcrumb"},"inLanguage":"ro-RO","potentialAction":[{"@type":"ReadAction","target":["https:\/\/policlinicacuplatagalati.ro\/farmacie\/apt\/secretdiet\/"]}]},{"@type":"ImageObject","inLanguage":"ro-RO","@id":"https:\/\/policlinicacuplatagalati.ro\/farmacie\/apt\/secretdiet\/#primaryimage","url":"https:\/\/policlinicacuplatagalati.ro\/farmacie\/wp-content\/uploads\/2025\/01\/SecretDiet.png","contentUrl":"https:\/\/policlinicacuplatagalati.ro\/farmacie\/wp-content\/uploads\/2025\/01\/SecretDiet.png","width":768,"height":768,"caption":"SecretDiet"},{"@type":"BreadcrumbList","@id":"https:\/\/policlinicacuplatagalati.ro\/farmacie\/apt\/secretdiet\/#breadcrumb","itemListElement":[{"@type":"ListItem","position":1,"name":"Strona g\u0142\u00f3wna","item":"https:\/\/policlinicacuplatagalati.ro\/farmacie\/"},{"@type":"ListItem","position":2,"name":"Produkte","item":"https:\/\/policlinicacuplatagalati.ro\/farmacie\/"},{"@type":"ListItem","position":3,"name":"SecretDiet"}]},{"@type":"WebSite","@id":"https:\/\/policlinicacuplatagalati.ro\/farmacie\/#website","url":"https:\/\/policlinicacuplatagalati.ro\/farmacie\/","name":"Policlinicacuplatagalati","description":"","potentialAction":[{"@type":"SearchAction","target":{"@type":"EntryPoint","urlTemplate":"https:\/\/policlinicacuplatagalati.ro\/farmacie\/?s={search_term_string}"},"query-input":{"@type":"PropertyValueSpecification","valueRequired":true,"valueName":"search_term_string"}}],"inLanguage":"ro-RO"}]}},"_links":{"self":[{"href":"https:\/\/policlinicacuplatagalati.ro\/farmacie\/wp-json\/wp\/v2\/product\/12921","targetHints":{"allow":["GET"]}}],"collection":[{"href":"https:\/\/policlinicacuplatagalati.ro\/farmacie\/wp-json\/wp\/v2\/product"}],"about":[{"href":"https:\/\/policlinicacuplatagalati.ro\/farmacie\/wp-json\/wp\/v2\/types\/product"}],"replies":[{"embeddable":true,"href":"https:\/\/policlinicacuplatagalati.ro\/farmacie\/wp-json\/wp\/v2\/comments?post=12921"}],"wp:featuredmedia":[{"embeddable":true,"href":"https:\/\/policlinicacuplatagalati.ro\/farmacie\/wp-json\/wp\/v2\/media\/12970"}],"wp:attachment":[{"href":"https:\/\/policlinicacuplatagalati.ro\/farmacie\/wp-json\/wp\/v2\/media?parent=12921"}],"wp:term":[{"taxonomy":"product_brand","embeddable":true,"href":"https:\/\/policlinicacuplatagalati.ro\/farmacie\/wp-json\/wp\/v2\/product_brand?post=12921"},{"taxonomy":"product_cat","embeddable":true,"href":"https:\/\/policlinicacuplatagalati.ro\/farmacie\/wp-json\/wp\/v2\/product_cat?post=12921"},{"taxonomy":"product_tag","embeddable":true,"href":"https:\/\/policlinicacuplatagalati.ro\/farmacie\/wp-json\/wp\/v2\/product_tag?post=12921"}],"curies":[{"name":"wp","href":"https:\/\/api.w.org\/{rel}","templated":true}]}}