{"id":12932,"date":"2025-01-20T16:44:50","date_gmt":"2025-01-20T15:44:50","guid":{"rendered":"https:\/\/policlinicacuplatagalati.ro\/farmacie\/?post_type=product&#038;p=12932"},"modified":"2025-01-22T13:59:51","modified_gmt":"2025-01-22T12:59:51","slug":"weiprost","status":"publish","type":"product","link":"https:\/\/policlinicacuplatagalati.ro\/farmacie\/apt\/weiprost\/","title":{"rendered":"Weiprost"},"content":{"rendered":"\n<h2 class=\"wp-block-heading\">Ce este Weiprost \u0219i cum func\u021bioneaz\u0103?<\/h2>\n\n\n\n<p>Weiprost este un <b>supliment de<\/b> prostat\u0103 de ultim\u0103 genera\u021bie conceput pentru b\u0103rba\u021bii care se lupt\u0103 cu probleme de s\u0103n\u0103tate ale prostatei \u0219i ale tractului urinar. Formula sa se bazeaz\u0103 pe ingrediente active, cum ar fi palmierul sabal \u0219i extractul de semin\u021be de dovleac, care au <b>un<\/b> istoric dovedit \u00een ameliorarea afec\u021biunilor prostatei. <em>Cum func\u021bioneaz\u0103<\/em> Weiprost? <b>Utilizarea<\/b> regulat\u0103 <b>a<\/b> acestui supliment promoveaz\u0103 reducerea inflama\u021biei \u0219i sprijin\u0103 s\u0103n\u0103tatea b\u0103rba\u021bilor, oferind ameliorare a simptomelor precum urinarea frecvent\u0103 \u0219i incontinen\u021ba.<\/p>\n\n\n\n<p>De remarcat este <b>ac\u021biunea<\/b> Weiprost, care se concentreaz\u0103 pe \u00eembun\u0103t\u0103\u021birea circula\u021biei, eliminarea bacteriilor \u0219i sus\u021binerea libidoului. Datorit\u0103 ingredientelor sale atent selectate, acest <b>supliment<\/b> poate contribui la \u00eembun\u0103t\u0103\u021birea st\u0103rii generale de bine a persoanelor \u00een v\u00e2rst\u0103 care sunt mai predispuse la probleme de prostat\u0103. \u00cen plus, <b>efectele<\/b> utiliz\u0103rii sunt de obicei vizibile dup\u0103 doar c\u00e2teva s\u0103pt\u0103m\u00e2ni de utilizare regulat\u0103.<\/p>\n\n\n\n<p>Toate aceste caracteristici fac din Weiprost un <b>supliment de prostat\u0103<\/b> valoros, care poate face o diferen\u021b\u0103 semnificativ\u0103 pentru calitatea vie\u021bii b\u0103rba\u021bilor. At\u00e2t eficacitatea, c\u00e2t \u0219i ingredientele naturale \u00eel fac o propunere valoroas\u0103 pentru oricine dore\u0219te s\u0103 se ocupe de s\u0103n\u0103tatea sa.<\/p>\n\n\n\n<h2 class=\"wp-block-heading\">Weiprost &#8211; efecte de utilizare<\/h2>\n\n\n\n<p><b>Utilizarea Weiprost<\/b> are o serie de efecte semnificative care atrag aten\u021bia unui num\u0103r tot mai mare de b\u0103rba\u021bi. Printre principalele beneficii, care pot fi observate dup\u0103 c\u00e2teva s\u0103pt\u0103m\u00e2ni de administrare regulat\u0103, se remarc\u0103:<\/p>\n\n\n\n<ul class=\"wp-block-list\">\n<li>Reducerea durerii asociate cu problemele de prostat\u0103.<\/li>\n\n\n\n<li>\u00cembun\u0103t\u0103\u021birea func\u021biei sexuale \u0219i a calit\u0103\u021bii somnului.<\/li>\n\n\n\n<li>Accelerarea proceselor regenerative \u00een organism.<\/li>\n<\/ul>\n\n\n\n<p>Datele arat\u0103 c\u0103 peste 70% dintre utilizatorii Weiprost raporteaz\u0103 \u00eembun\u0103t\u0103\u021biri semnificative \u00een ceea ce prive\u0219te s\u0103n\u0103tatea prostatei \u0219i func\u021bia urinar\u0103. Este demn de remarcat faptul c\u0103 produsul este deosebit de relevant pentru b\u0103rba\u021bii de peste 40 de ani, deoarece \u00een r\u00e2ndul acestui grup de popula\u021bie aproximativ 50% se confrunt\u0103 cu probleme de prostat\u0103. <b>Formula<\/b> natural\u0103 a <b>Weiprost<\/b> \u00eei atrage pe cei care caut\u0103 solu\u021bii holistice de s\u0103n\u0103tate, confirm\u00e2nd faptul c\u0103 suplimentele naturale reprezint\u0103 aproximativ 25% din pia\u021ba s\u0103n\u0103t\u0103\u021bii prostatei.<\/p>\n\n\n\n<p>\u00cen general, <b>utilizarea Weiprost<\/b> \u00eembun\u0103t\u0103\u021be\u0219te calitatea vie\u021bii, aproximativ 60% dintre b\u0103rba\u021bi raport\u00e2nd mai pu\u021bine vizite nocturne la toalet\u0103, o problem\u0103 frecvent\u0103 \u00een acest grup de v\u00e2rst\u0103. <b>Utilizarea<\/b> regulat\u0103 poate contribui la cre\u0219terea satisfac\u021biei \u00een via\u021b\u0103 \u0219i la \u00eembun\u0103t\u0103\u021birea st\u0103rii de bine.<\/p>\n\n\n\n<h2 class=\"wp-block-heading\">Cum s\u0103 utiliza\u021bi Weiprost corect &#8211; Dozaj<\/h2>\n\n\n\n<p>Pentru a sus\u021bine \u00een mod eficient <b>s\u0103n\u0103tatea prostatei<\/b>, este important s\u0103 urma\u021bi instruc\u021biunile corecte de dozare pentru Weiprost. Se recomand\u0103 ca <b>utilizarea<\/b> s\u0103 \u00eenceap\u0103 cu administrarea a 1 capsul\u0103 de dou\u0103 ori pe zi, f\u0103c\u00e2nd un total de 2 capsule pe zi. Cel mai bine este s\u0103 lua\u021bi Weiprost cu o jum\u0103tate de or\u0103 \u00eenainte de mese, sorbindu-l cu lichide necarbonatate, cum ar fi ap\u0103 sau ceai.<\/p>\n\n\n\n<p>\u00cen cazurile \u00een care sunt necesare efecte crescute, doza maxim\u0103 este de 9 capsule pe zi. Acest lucru permite ca utilizarea s\u0103 fie adaptat\u0103 la nevoile individuale. Este important s\u0103 urma\u021bi \u00eentotdeauna cu stricte\u021be instruc\u021biunile sugerate pentru a ob\u021bine cele mai bune rezultate \u00een sus\u021binerea s\u0103n\u0103t\u0103\u021bii prostatei.<\/p>\n\n\n\n<p>Pentru rezultate optime, <b>utilizarea Weiprost<\/b> ar trebui s\u0103 dureze cel pu\u021bin 30 de zile, iar \u00een unele cazuri poate fi prelungit\u0103. Respectarea regulat\u0103 \u0219i consecvent\u0103 a instruc\u021biunilor de dozare va ajuta la observarea \u00eembun\u0103t\u0103\u021birilor \u00een materie de s\u0103n\u0103tate \u0219i bun\u0103stare pe parcursul mai multor s\u0103pt\u0103m\u00e2ni.<\/p>\n\n\n\n<h2 class=\"wp-block-heading\">Experien\u021bele utilizatorilor \u0219i recenziile Weiprost &#8211; care sunt recenziile?<\/h2>\n\n\n\n<p><b>Recenzile<\/b> Weiprost sunt extrem de pozitive, atr\u0103g\u00e2nd aten\u021bia multor persoane care caut\u0103 sprijin \u00een \u00eembun\u0103t\u0103\u021birea s\u0103n\u0103t\u0103\u021bii prostatei. Utilizatorii \u00ee\u0219i \u00eemp\u0103rt\u0103\u0219esc adesea <em>experien\u021bele<\/em>, subliniind eficacitatea suplimentului \u00een ameliorarea problemelor de s\u0103n\u0103tate.<\/p>\n\n\n\n<ul class=\"wp-block-list\">\n<li><blockquote><p>&#8222;Pl\u00e2ngerile mele au \u00eenceput s\u0103 dispar\u0103 dup\u0103 doar c\u00e2teva s\u0103pt\u0103m\u00e2ni de la administrarea Weiprost. M-am sim\u021bit mult mai bine \u0219i via\u021ba mea sexual\u0103 s-a \u00eembun\u0103t\u0103\u021bit.&#8221; &#8211; Marek<\/p><\/blockquote><\/li>\n\n\n\n<li><blockquote><p>&#8222;Datorit\u0103 Weiprost am observat c\u0103 problemele mele urinare s-au redus semnificativ. A\u0219 recomanda acest <b>supliment<\/b> oricui.&#8221; &#8211; Simon<\/p><\/blockquote><\/li>\n\n\n\n<li><blockquote><p>&#8222;Chiar func\u021bioneaz\u0103. De c\u00e2nd am \u00eenceput s\u0103 iau Weiprost, m\u0103 simt mult mai bine \u0219i mai energic.&#8221; &#8211; Christopher<\/p><\/blockquote><\/li>\n<\/ul>\n\n\n\n<p>Mul\u021bi utilizatori observ\u0103 o <em>experien\u021b\u0103<\/em> pozitiv\u0103 dup\u0103 doar o perioad\u0103 scurt\u0103 de utilizare. Cu aceste informa\u021bii, <b>recenziile<\/b> Weiprost devin o resurs\u0103 valoroas\u0103 pentru cei care iau \u00een considerare \u00eenceperea tratamentului. Reputa\u021bia stabil\u0103 a acestui supliment comercial atrage aten\u021bia noilor clien\u021bi care sunt \u00een c\u0103utarea unui sprijin eficient pentru s\u0103n\u0103tatea prostatei.<\/p>\n\n\n\n<h2 class=\"wp-block-heading\">Compozi\u021bia Weiprost &#8211; Ce con\u021bine?<\/h2>\n\n\n\n<p><b>Suplimentul<\/b> Weiprost con\u021bine o <em>compozi\u021bie<\/em> atent selectat\u0103 <em>de Weiprost<\/em>, care creeaz\u0103 o combina\u021bie sinergic\u0103 de <em>ingrediente active<\/em> care influen\u021beaz\u0103 <b>s\u0103n\u0103tatea prostatei<\/b>. Iat\u0103 care sunt ingredientele cheie:<\/p>\n\n\n\n<ul class=\"wp-block-list\">\n<li><strong>Turmericul<\/strong> &#8211; cunoscut pentru propriet\u0103\u021bile sale antiinflamatorii puternice, poate sus\u021bine <b>s\u0103n\u0103tatea prostatei<\/b>.<\/li>\n\n\n\n<li><strong>Gotu Kola<\/strong> &#8211; \u00eembun\u0103t\u0103\u021be\u0219te circula\u021bia s\u00e2ngelui \u0219i sus\u021bine func\u021bia sexual\u0103.<\/li>\n\n\n\n<li><strong>Meri\u0219or<\/strong> &#8211; beneficii pentru s\u0103n\u0103tatea urinar\u0103, ceea ce este important pentru b\u0103rba\u021bii cu probleme de prostat\u0103.<\/li>\n\n\n\n<li><strong>Zinc<\/strong> &#8211; esen\u021bial pentru buna func\u021bionare a sistemului imunitar \u0219i s\u0103n\u0103tatea prostatei.<\/li>\n\n\n\n<li><strong>Vitamina E<\/strong> &#8211; ac\u021bion\u00e2nd ca un antioxidant, contribuie la regenerarea \u021besuturilor.<\/li>\n<\/ul>\n\n\n\n<p>Aceste <em>ingrediente active<\/em> fac din Weiprost un <em>supliment<\/em> complet care are grij\u0103 de s\u0103n\u0103tatea b\u0103rba\u021bilor, \u00een special \u00een contextul sus\u021binerii func\u021biei prostatei. Utilizarea regulat\u0103 poate aduce beneficii tangibile pentru s\u0103n\u0103tate.<\/p>\n\n\n\n<h2 class=\"wp-block-heading\">Unde s\u0103 cump\u0103ra\u021bi \u0219i care este pre\u021bul Weiprost?<\/h2>\n\n\n\n<p>Weiprost poate fi achizi\u021bionat numai de pe <em>site-ul oficial al produc\u0103torului<\/em>. Cump\u0103rarea direct\u0103 permite o garan\u021bie a calit\u0103\u021bii produsului \u0219i accesul la promo\u021biile curente. Utilizatorii pot g\u0103si informa\u021bii despre <em>pre\u021burile<\/em> disponibile \u0219i ofertele speciale, ceea ce o face o op\u021biune favorabil\u0103.<\/p>\n\n\n\n<p>Un num\u0103r cov\u00e2r\u0219itor de utilizatori observ\u0103 o \u00eembun\u0103t\u0103\u021bire a s\u0103n\u0103t\u0103\u021bii lor dup\u0103 3 luni de utilizare, iar unii v\u0103d <b>efecte<\/b> pozitive dup\u0103 doar 7 zile. Cu pre\u021buri atractive \u0219i promo\u021bii pe site-ul <em>oficial al produc\u0103torului<\/em>, clien\u021bii sunt capabili s\u0103 maximizeze economiile. F\u0103r\u0103 \u00eendoial\u0103, investi\u021bia \u00een Weiprost este benefic\u0103 pentru cei care se lupt\u0103 cu probleme de s\u0103n\u0103tate ale prostatei.<\/p>\n\n\n\n<h2 class=\"wp-block-heading\">Weiprost &#8211; Efecte secundare \u0219i contraindica\u021bii &#8211; Este sigur?<\/h2>\n\n\n\n<p>Weiprost este considerat a fi un produs sigur de utilizat, dar ca \u00een cazul oric\u0103rui preparat, pot ap\u0103rea <strong>efecte secundare<\/strong>. Persoanele cu o intoleran\u021b\u0103 individual\u0103 la anumite ingrediente trebuie s\u0103 aib\u0103 o grij\u0103 deosebit\u0103. Cel mai bine este s\u0103 efectua\u021bi un test de toleran\u021b\u0103 \u00eenainte de utilizarea pe termen lung.<\/p>\n\n\n\n<p><b>Contraindica\u021biile<\/b> pentru utilizarea Weiprost includ persoanele cu afec\u021biuni medicale cronice, care ar trebui s\u0103-\u0219i consulte medicul \u00eenainte de a \u00eencepe suplimentarea. De asemenea, este important pentru cei care iau alte medicamente s\u0103 ia \u00een considerare posibilele interac\u021biuni, subliniind importan\u021ba siguran\u021bei produsului.<\/p>\n\n\n\n<p>\u00cen general, produsele naturale precum Weiprost sunt bine tolerate de majoritatea utilizatorilor. Cu toate acestea, este \u00eentotdeauna o idee bun\u0103 s\u0103 fi\u021bi vigilent \u0219i s\u0103 observa\u021bi reac\u021biile organismului dumneavoastr\u0103 odat\u0103 ce a\u021bi \u00eenceput un tratament, pentru a identifica la timp eventualele simptome ale <strong>efectelor secundare<\/strong>.<\/p>\n","protected":false},"excerpt":{"rendered":"<p><strong>[date_countdown]<\/strong><\/p>\n<p><img decoding=\"async\" class=\"alignnone wp-image-12812\" src=\"https:\/\/policlinicacuplatagalati.ro\/farmacie\/wp-content\/uploads\/2024\/11\/SAFE-PAY-300x88-1.png\" alt=\"SAFE-PAY\" width=\"150\" height=\"44\" \/><\/p>\n","protected":false},"featured_media":12959,"comment_status":"open","ping_status":"closed","template":"","meta":{"neve_meta_sidebar":"","neve_meta_container":"","neve_meta_enable_content_width":"","neve_meta_content_width":0,"neve_meta_title_alignment":"","neve_meta_author_avatar":"","neve_post_elements_order":"","neve_meta_disable_header":"","neve_meta_disable_footer":"","neve_meta_disable_title":"","neve_meta_reading_time":""},"product_brand":[],"product_cat":[575],"product_tag":[],"class_list":{"0":"post-12932","1":"product","2":"type-product","3":"status-publish","4":"has-post-thumbnail","6":"product_cat-sanatate-sexuala","8":"first","9":"instock","10":"sale","11":"shipping-taxable","12":"product-type-external"},"yoast_head":"<!-- This site is optimized with the Yoast SEO plugin v27.3 - https:\/\/yoast.com\/product\/yoast-seo-wordpress\/ -->\n<title>Weiprost - Pareri, Forum, Efecte, Farmacie, Pre\u021b | -50%<\/title>\n<meta name=\"robots\" content=\"index, follow, max-snippet:-1, max-image-preview:large, max-video-preview:-1\" \/>\n<link rel=\"canonical\" href=\"https:\/\/policlinicacuplatagalati.ro\/farmacie\/apt\/weiprost\/\" \/>\n<meta property=\"og:locale\" content=\"ro_RO\" \/>\n<meta property=\"og:type\" content=\"article\" \/>\n<meta property=\"og:title\" content=\"Weiprost - Pareri, Forum, Efecte, Farmacie, Pre\u021b | -50%\" \/>\n<meta property=\"og:url\" content=\"https:\/\/policlinicacuplatagalati.ro\/farmacie\/apt\/weiprost\/\" \/>\n<meta property=\"og:site_name\" content=\"Policlinicacuplatagalati\" \/>\n<meta property=\"article:modified_time\" content=\"2025-01-22T12:59:51+00:00\" \/>\n<meta property=\"og:image\" content=\"https:\/\/policlinicacuplatagalati.ro\/farmacie\/wp-content\/uploads\/2025\/01\/Weiprost.png\" \/>\n\t<meta property=\"og:image:width\" content=\"768\" \/>\n\t<meta property=\"og:image:height\" content=\"768\" \/>\n\t<meta property=\"og:image:type\" content=\"image\/png\" \/>\n<meta name=\"twitter:card\" content=\"summary_large_image\" \/>\n<meta name=\"twitter:description\" content=\"[date_countdown]\" \/>\n<meta name=\"twitter:label1\" content=\"Timp estimat pentru citire\" \/>\n\t<meta name=\"twitter:data1\" content=\"6 minute\" \/>\n<script type=\"application\/ld+json\" class=\"yoast-schema-graph\">{\"@context\":\"https:\\\/\\\/schema.org\",\"@graph\":[{\"@type\":\"WebPage\",\"@id\":\"https:\\\/\\\/policlinicacuplatagalati.ro\\\/farmacie\\\/apt\\\/weiprost\\\/\",\"url\":\"https:\\\/\\\/policlinicacuplatagalati.ro\\\/farmacie\\\/apt\\\/weiprost\\\/\",\"name\":\"Weiprost - Pareri, Forum, Efecte, Farmacie, Pre\u021b | -50%\",\"isPartOf\":{\"@id\":\"https:\\\/\\\/policlinicacuplatagalati.ro\\\/farmacie\\\/#website\"},\"primaryImageOfPage\":{\"@id\":\"https:\\\/\\\/policlinicacuplatagalati.ro\\\/farmacie\\\/apt\\\/weiprost\\\/#primaryimage\"},\"image\":{\"@id\":\"https:\\\/\\\/policlinicacuplatagalati.ro\\\/farmacie\\\/apt\\\/weiprost\\\/#primaryimage\"},\"thumbnailUrl\":\"https:\\\/\\\/policlinicacuplatagalati.ro\\\/farmacie\\\/wp-content\\\/uploads\\\/2025\\\/01\\\/Weiprost.png\",\"datePublished\":\"2025-01-20T15:44:50+00:00\",\"dateModified\":\"2025-01-22T12:59:51+00:00\",\"breadcrumb\":{\"@id\":\"https:\\\/\\\/policlinicacuplatagalati.ro\\\/farmacie\\\/apt\\\/weiprost\\\/#breadcrumb\"},\"inLanguage\":\"ro-RO\",\"potentialAction\":[{\"@type\":\"ReadAction\",\"target\":[\"https:\\\/\\\/policlinicacuplatagalati.ro\\\/farmacie\\\/apt\\\/weiprost\\\/\"]}]},{\"@type\":\"ImageObject\",\"inLanguage\":\"ro-RO\",\"@id\":\"https:\\\/\\\/policlinicacuplatagalati.ro\\\/farmacie\\\/apt\\\/weiprost\\\/#primaryimage\",\"url\":\"https:\\\/\\\/policlinicacuplatagalati.ro\\\/farmacie\\\/wp-content\\\/uploads\\\/2025\\\/01\\\/Weiprost.png\",\"contentUrl\":\"https:\\\/\\\/policlinicacuplatagalati.ro\\\/farmacie\\\/wp-content\\\/uploads\\\/2025\\\/01\\\/Weiprost.png\",\"width\":768,\"height\":768,\"caption\":\"Weiprost\"},{\"@type\":\"BreadcrumbList\",\"@id\":\"https:\\\/\\\/policlinicacuplatagalati.ro\\\/farmacie\\\/apt\\\/weiprost\\\/#breadcrumb\",\"itemListElement\":[{\"@type\":\"ListItem\",\"position\":1,\"name\":\"Strona g\u0142\u00f3wna\",\"item\":\"https:\\\/\\\/policlinicacuplatagalati.ro\\\/farmacie\\\/\"},{\"@type\":\"ListItem\",\"position\":2,\"name\":\"Produkte\",\"item\":\"https:\\\/\\\/policlinicacuplatagalati.ro\\\/farmacie\\\/\"},{\"@type\":\"ListItem\",\"position\":3,\"name\":\"Weiprost\"}]},{\"@type\":\"WebSite\",\"@id\":\"https:\\\/\\\/policlinicacuplatagalati.ro\\\/farmacie\\\/#website\",\"url\":\"https:\\\/\\\/policlinicacuplatagalati.ro\\\/farmacie\\\/\",\"name\":\"Policlinicacuplatagalati\",\"description\":\"\",\"potentialAction\":[{\"@type\":\"SearchAction\",\"target\":{\"@type\":\"EntryPoint\",\"urlTemplate\":\"https:\\\/\\\/policlinicacuplatagalati.ro\\\/farmacie\\\/?s={search_term_string}\"},\"query-input\":{\"@type\":\"PropertyValueSpecification\",\"valueRequired\":true,\"valueName\":\"search_term_string\"}}],\"inLanguage\":\"ro-RO\"}]}<\/script>\n<!-- \/ Yoast SEO plugin. -->","yoast_head_json":{"title":"Weiprost - Pareri, Forum, Efecte, Farmacie, Pre\u021b | -50%","robots":{"index":"index","follow":"follow","max-snippet":"max-snippet:-1","max-image-preview":"max-image-preview:large","max-video-preview":"max-video-preview:-1"},"canonical":"https:\/\/policlinicacuplatagalati.ro\/farmacie\/apt\/weiprost\/","og_locale":"ro_RO","og_type":"article","og_title":"Weiprost - Pareri, Forum, Efecte, Farmacie, Pre\u021b | -50%","og_url":"https:\/\/policlinicacuplatagalati.ro\/farmacie\/apt\/weiprost\/","og_site_name":"Policlinicacuplatagalati","article_modified_time":"2025-01-22T12:59:51+00:00","og_image":[{"width":768,"height":768,"url":"https:\/\/policlinicacuplatagalati.ro\/farmacie\/wp-content\/uploads\/2025\/01\/Weiprost.png","type":"image\/png"}],"twitter_card":"summary_large_image","twitter_description":"[date_countdown]","twitter_misc":{"Timp estimat pentru citire":"6 minute"},"schema":{"@context":"https:\/\/schema.org","@graph":[{"@type":"WebPage","@id":"https:\/\/policlinicacuplatagalati.ro\/farmacie\/apt\/weiprost\/","url":"https:\/\/policlinicacuplatagalati.ro\/farmacie\/apt\/weiprost\/","name":"Weiprost - Pareri, Forum, Efecte, Farmacie, Pre\u021b | -50%","isPartOf":{"@id":"https:\/\/policlinicacuplatagalati.ro\/farmacie\/#website"},"primaryImageOfPage":{"@id":"https:\/\/policlinicacuplatagalati.ro\/farmacie\/apt\/weiprost\/#primaryimage"},"image":{"@id":"https:\/\/policlinicacuplatagalati.ro\/farmacie\/apt\/weiprost\/#primaryimage"},"thumbnailUrl":"https:\/\/policlinicacuplatagalati.ro\/farmacie\/wp-content\/uploads\/2025\/01\/Weiprost.png","datePublished":"2025-01-20T15:44:50+00:00","dateModified":"2025-01-22T12:59:51+00:00","breadcrumb":{"@id":"https:\/\/policlinicacuplatagalati.ro\/farmacie\/apt\/weiprost\/#breadcrumb"},"inLanguage":"ro-RO","potentialAction":[{"@type":"ReadAction","target":["https:\/\/policlinicacuplatagalati.ro\/farmacie\/apt\/weiprost\/"]}]},{"@type":"ImageObject","inLanguage":"ro-RO","@id":"https:\/\/policlinicacuplatagalati.ro\/farmacie\/apt\/weiprost\/#primaryimage","url":"https:\/\/policlinicacuplatagalati.ro\/farmacie\/wp-content\/uploads\/2025\/01\/Weiprost.png","contentUrl":"https:\/\/policlinicacuplatagalati.ro\/farmacie\/wp-content\/uploads\/2025\/01\/Weiprost.png","width":768,"height":768,"caption":"Weiprost"},{"@type":"BreadcrumbList","@id":"https:\/\/policlinicacuplatagalati.ro\/farmacie\/apt\/weiprost\/#breadcrumb","itemListElement":[{"@type":"ListItem","position":1,"name":"Strona g\u0142\u00f3wna","item":"https:\/\/policlinicacuplatagalati.ro\/farmacie\/"},{"@type":"ListItem","position":2,"name":"Produkte","item":"https:\/\/policlinicacuplatagalati.ro\/farmacie\/"},{"@type":"ListItem","position":3,"name":"Weiprost"}]},{"@type":"WebSite","@id":"https:\/\/policlinicacuplatagalati.ro\/farmacie\/#website","url":"https:\/\/policlinicacuplatagalati.ro\/farmacie\/","name":"Policlinicacuplatagalati","description":"","potentialAction":[{"@type":"SearchAction","target":{"@type":"EntryPoint","urlTemplate":"https:\/\/policlinicacuplatagalati.ro\/farmacie\/?s={search_term_string}"},"query-input":{"@type":"PropertyValueSpecification","valueRequired":true,"valueName":"search_term_string"}}],"inLanguage":"ro-RO"}]}},"_links":{"self":[{"href":"https:\/\/policlinicacuplatagalati.ro\/farmacie\/wp-json\/wp\/v2\/product\/12932","targetHints":{"allow":["GET"]}}],"collection":[{"href":"https:\/\/policlinicacuplatagalati.ro\/farmacie\/wp-json\/wp\/v2\/product"}],"about":[{"href":"https:\/\/policlinicacuplatagalati.ro\/farmacie\/wp-json\/wp\/v2\/types\/product"}],"replies":[{"embeddable":true,"href":"https:\/\/policlinicacuplatagalati.ro\/farmacie\/wp-json\/wp\/v2\/comments?post=12932"}],"wp:featuredmedia":[{"embeddable":true,"href":"https:\/\/policlinicacuplatagalati.ro\/farmacie\/wp-json\/wp\/v2\/media\/12959"}],"wp:attachment":[{"href":"https:\/\/policlinicacuplatagalati.ro\/farmacie\/wp-json\/wp\/v2\/media?parent=12932"}],"wp:term":[{"taxonomy":"product_brand","embeddable":true,"href":"https:\/\/policlinicacuplatagalati.ro\/farmacie\/wp-json\/wp\/v2\/product_brand?post=12932"},{"taxonomy":"product_cat","embeddable":true,"href":"https:\/\/policlinicacuplatagalati.ro\/farmacie\/wp-json\/wp\/v2\/product_cat?post=12932"},{"taxonomy":"product_tag","embeddable":true,"href":"https:\/\/policlinicacuplatagalati.ro\/farmacie\/wp-json\/wp\/v2\/product_tag?post=12932"}],"curies":[{"name":"wp","href":"https:\/\/api.w.org\/{rel}","templated":true}]}}