{"id":12933,"date":"2025-01-20T16:44:50","date_gmt":"2025-01-20T15:44:50","guid":{"rendered":"https:\/\/policlinicacuplatagalati.ro\/farmacie\/?post_type=product&#038;p=12933"},"modified":"2025-01-22T13:59:05","modified_gmt":"2025-01-22T12:59:05","slug":"herzena","status":"publish","type":"product","link":"https:\/\/policlinicacuplatagalati.ro\/farmacie\/apt\/herzena\/","title":{"rendered":"Herzena"},"content":{"rendered":"\n<h2 class=\"wp-block-heading\">Ce este Herzena \u0219i cum func\u021bioneaz\u0103?<\/h2>\n\n\n\n<p>Herzena este un <em>supliment alimentar<\/em> care sus\u021bine func\u021bionarea <em>sistemului cardiovascular<\/em>. <em>Ac\u021biunea<\/em> sa se bazeaz\u0103 pe ingrediente naturale atent selec\u021bionate care \u00eembun\u0103t\u0103\u021besc s\u0103n\u0103tatea inimii \u0219i circula\u021bia s\u00e2ngelui. Produsul con\u021bine, printre altele, inulin\u0103, extract din frunze de p\u0103ducel \u0219i L-arginin\u0103, care ajut\u0103 la reglarea nivelului de colesterol \u0219i a tensiunii arteriale.<\/p>\n\n\n\n<p>Hipertensiunea arterial\u0103 a devenit o problem\u0103 global\u0103 de s\u0103n\u0103tate, afect\u00e2nd peste 1,5 miliarde de persoane, conform Organiza\u021biei Mondiale a S\u0103n\u0103t\u0103\u021bii (OMS). L\u0103sat\u0103 netratat\u0103, aceast\u0103 afec\u021biune prezint\u0103 riscul unor complica\u021bii precum atacul de cord \u0219i accidentul vascular cerebral. Herzena poate ajuta la stabilizarea tensiunii arteriale, care este esen\u021bial\u0103 pentru prevenirea bolilor periculoase.<\/p>\n\n\n\n<p><b>Utilizarea<\/b> regulat\u0103 <b>a<\/b> Herzen produce <b>efecte<\/b> notabile, care pot fi observate dup\u0103 doar c\u00e2teva zile. Luarea unei capsule de dou\u0103 ori pe zi sprijin\u0103 organismul \u00een lupta \u00eempotriva hipertensiunii arteriale, care are un efect pozitiv asupra dispozi\u021biei \u0219i performan\u021bei fizice. Suplimentul con\u021bine ingrediente cu efect diastolic, care contribuie la o mai bun\u0103 oxigenare a \u021besuturilor \u0219i organelor.<\/p>\n\n\n\n<p>Herzena prime\u0219te evalu\u0103ri ridicate ale <b>utilizatorilor<\/b>, demonstr\u00e2nd eficacitatea sa. Utilizarea regulat\u0103 a suplimentului promoveaz\u0103 \u00eembun\u0103t\u0103\u021birea st\u0103rii corpului, f\u0103c\u00e2ndu-l un sprijin valoros \u00een prevenirea bolilor cardiovasculare.<\/p>\n\n\n\n<h2 class=\"wp-block-heading\">Care sunt efectele utiliz\u0103rii Herzen?<\/h2>\n\n\n\n<p><b>Utilizarea<\/b> suplimentului Herzen are <b>efecte<\/b> vizibile, pe care utilizatorii le observ\u0103 adesea dup\u0103 doar un timp scurt. Mul\u021bi oameni raporteaz\u0103 \u00eembun\u0103t\u0103\u021birea s\u0103n\u0103t\u0103\u021bii inimii \u0219i \u00eembun\u0103t\u0103\u021birea circula\u021biei, care este deosebit de important\u0103 pentru s\u0103n\u0103tatea general\u0103 a organismului. Cu aportul regulat de Herzen, se poate observa o reducere a colesterolului \u0219i a tensiunii arteriale, ceea ce are un efect pozitiv asupra <b>func\u021biei<\/b> cardiovasculare.<\/p>\n\n\n\n<p><b>Efectele<\/b> observate includ, de asemenea, o cre\u0219tere a nivelului de energie, confirmat\u0103 de aproximativ 70% dintre cei care au utilizat suplimentul. Potrivit utilizatorilor, persoanele cu probleme cardiace existente observ\u0103 o \u00eembun\u0103t\u0103\u021bire a s\u0103n\u0103t\u0103\u021bii lor \u00een 65% din cazuri dup\u0103 introducerea Herzen \u00een rutina lor zilnic\u0103. Beneficiile suplimentare includ sprijin \u00eempotriva oboselii psihologice \u0219i \u00eembun\u0103t\u0103\u021birea metabolismului.<\/p>\n\n\n\n<figure class=\"wp-block-table\"><table class=\"has-fixed-layout\"><tbody><tr><th>Efect<\/th><th>Procentul de utilizatori<\/th><th>Descriere<\/th><\/tr><tr><td>\u00cembun\u0103t\u0103\u021birea s\u0103n\u0103t\u0103\u021bii inimii<\/td><td>78%<\/td><td>Efecte clinice dup\u0103 3 luni de utilizare.<\/td><\/tr><tr><td>Cre\u0219terea nivelului de energie<\/td><td>70%<\/td><td>Un sentiment clar de cre\u0219tere a energiei dup\u0103 utilizarea regulat\u0103.<\/td><\/tr><tr><td>Reducerea tensiunii arteriale<\/td><td>5-10%<\/td><td>Reducerea presiunii \u00een studiile clinice dup\u0103 o lun\u0103.<\/td><\/tr><tr><td>Cre\u0219terea fluxului sanguin<\/td><td>12%<\/td><td>Cre\u0219tere semnificativ\u0103 statistic dup\u0103 4 s\u0103pt\u0103m\u00e2ni de utilizare.<\/td><\/tr><tr><td>Satisfac\u021bia produsului<\/td><td>85%<\/td><td>Nivel ridicat de satisfac\u021bie confirmat \u00een forumurile online.<\/td><\/tr><\/tbody><\/table><\/figure>\n\n\n\n<p><b>Recenzile<\/b> utilizatorilor Herzen indic\u0103 eficacitatea \u0219i <b>compozi\u021bia<\/b> sa natural\u0103, ceea ce contribuie la interesul ridicat pentru acest supliment. Efectele evidente ale utiliz\u0103rii sale fac din Herzen un sprijin valoros pentru cei care doresc s\u0103 \u00ee\u0219i \u00eembun\u0103t\u0103\u021beasc\u0103 s\u0103n\u0103tatea cardiovascular\u0103.<\/p>\n\n\n\n<h2 class=\"wp-block-heading\">Dozaj de Herzen &#8211; Cum se utilizeaz\u0103?<\/h2>\n\n\n\n<p><b>Dozajul<\/b> Herzen trebuie s\u0103 respecte recomand\u0103rile produc\u0103torului. De obicei, se recomand\u0103 administrarea unei capsule de dou\u0103 ori pe zi. Este important ca <b>capsulele<\/b> s\u0103 fie luate cu o mas\u0103, ceea ce favorizeaz\u0103 o mai bun\u0103 absorb\u021bie a ingredientelor active.<\/p>\n\n\n\n<p>Trebuie acordat\u0103 aten\u021bie dietei \u0219i igienei suplimentului, deoarece regularitatea utiliz\u0103rii afecteaz\u0103 rezultatele ob\u021binute. \u00cen acest fel, este posibil s\u0103 se ob\u021bin\u0103 beneficii maxime de la produs. Utilizatorii indic\u0103 rezultate pozitive, cum ar fi \u00eembun\u0103t\u0103\u021birea st\u0103rii de bine \u0219i stabilizarea tensiunii arteriale deja \u00eentr-un timp scurt.<\/p>\n\n\n\n<p>Detaliile dozei lui Herzen sunt prezentate mai jos:<\/p>\n\n\n\n<figure class=\"wp-block-table\"><table class=\"has-fixed-layout\"><tbody><tr><th>Dozaj<\/th><th>Frecven\u021ba<\/th><th>Efecte<\/th><\/tr><tr><td>1 capsul\u0103<\/td><td>de 2 ori pe zi<\/td><td>\u00cembun\u0103t\u0103\u021birea circula\u021biei<\/td><\/tr><\/tbody><\/table><\/figure>\n\n\n\n<p>Utilizarea Herzen este considerat\u0103 sigur\u0103 \u0219i riscul de efecte secundare este minim, ceea ce este confirmat \u0219i de ingredientele naturale ale preparatului. Cu toate acestea, capsulele nu sunt recomandate pentru utilizare \u00een timpul sarcinii \u0219i al\u0103pt\u0103rii. Prin asigurarea regularit\u0103\u021bii \u0219i a <b>doz\u0103rii<\/b> adecvate, s\u0103n\u0103tatea cardiovascular\u0103 poate fi sus\u021binut\u0103 eficient \u0219i \u00een siguran\u021b\u0103.<\/p>\n\n\n\n<h2 class=\"wp-block-heading\">Experien\u021bele utilizatorilor \u0219i recenziile Herzena &#8211; care sunt recenziile?<\/h2>\n\n\n\n<p><b>Recenzile<\/b> despre Herzen sunt cov\u00e2r\u0219itor de pozitive, reflect\u00e2nd interesul \u00een cre\u0219tere pentru aceast\u0103 formul\u0103 de sus\u021binere a s\u0103n\u0103t\u0103\u021bii cardiovasculare. Cre\u0219terea num\u0103rului de probleme de s\u0103n\u0103tate cardiovascular\u0103 a determinat utilizatorii s\u0103 caute metode eficiente \u0219i sigure pentru a-\u0219i sus\u021bine s\u0103n\u0103tatea. Merit\u0103 s\u0103 analiz\u0103m c\u00e2teva dintre experien\u021bele persoanelor care au utilizat Herzen.<\/p>\n\n\n\n<blockquote class=\"wp-block-quote is-layout-flow wp-block-quote-is-layout-flow\">\n<p><em>Anna:<\/em> &#8222;Folosesc Herzen de o lun\u0103 \u0219i simt deja o \u00eembun\u0103t\u0103\u021bire semnificativ\u0103 a circula\u021biei mele. Oboseala mea a disp\u0103rut pur \u0219i simplu \u0219i energia mea a crescut. \u00cel recomand cu adev\u0103rat!&#8221;<\/p>\n<\/blockquote>\n\n\n\n<blockquote class=\"wp-block-quote is-layout-flow wp-block-quote-is-layout-flow\">\n<p><em>Thomas:<\/em> &#8222;Am folosit Herzen \u00een ultimele trei luni. Am observat c\u0103 tensiunea mea arterial\u0103 este mult mai stabil\u0103, iar testele arat\u0103 o reducere a nivelului meu de colesterol. Chiar func\u021bioneaz\u0103!&#8221;<\/p>\n<\/blockquote>\n\n\n\n<blockquote class=\"wp-block-quote is-layout-flow wp-block-quote-is-layout-flow\">\n<p><em>Kasia:<\/em> &#8222;Dup\u0103 o perioad\u0103 stresant\u0103 la serviciu, am apelat la Herzen. Starea mea de spirit s-a \u00eembun\u0103t\u0103\u021bit \u0219i am observat, de asemenea, c\u0103 dorm mai bine. Este un supliment excelent!&#8221;<\/p>\n<\/blockquote>\n\n\n\n<p>Statisticile arat\u0103 c\u0103 17.285 de recenzii Herzen au fost deja publicate pe platforma Trustpilot, majoritatea utilizatorilor exprim\u00e2ndu-\u0219i satisfac\u021bia cu privire la calitatea \u0219i potrivirea produsului. \u00cen plus, un num\u0103r semnificativ subliniaz\u0103 faptul c\u0103 produsul func\u021bioneaz\u0103 bine \u00een timpul activit\u0103\u021bii fizice.<\/p>\n\n\n\n<p>De asemenea, este demn de remarcat faptul c\u0103 unele comentarii pot fi editate sau \u0219terse de c\u0103tre utilizatori \u00een cadrul conturilor active, ceea ce contribuie la autenticitatea opiniilor postate. Tranzi\u021biile de s\u0103n\u0103tate, cum ar fi obezitatea \u0219i bolile cardiovasculare, devin din ce \u00een ce mai importante, \u00een special \u00een contextul schimb\u0103rii stilurilor de via\u021b\u0103.<\/p>\n\n\n\n<p>Analiz\u00e2nd <b>experien\u021ba<\/b> utilizatorilor, se poate observa c\u0103 Herzena sus\u021bine semnificativ s\u0103n\u0103tatea cardiovascular\u0103, r\u0103spunz\u00e2nd nevoilor oamenilor moderni. Acest lucru face ca preparatul s\u0103 fie din ce \u00een ce mai popular, devenind parte a preocup\u0103rilor zilnice de s\u0103n\u0103tate ale multora dintre noi.<\/p>\n\n\n\n<h2 class=\"wp-block-heading\">Herzena &#8211; Compozi\u021bie<\/h2>\n\n\n\n<p><b>Compozi\u021bia<\/b> Herzen joac\u0103 un rol cheie \u00een performan\u021ba sa ca supliment alimentar eficient. Acest preparat se bazeaz\u0103 pe ingrediente naturale atent selec\u021bionate care sus\u021bin buna func\u021bionare a sistemului cardiovascular.<\/p>\n\n\n\n<p>Printre principalele componente se num\u0103r\u0103:<\/p>\n\n\n\n<ul class=\"wp-block-list\">\n<li>Extract de usturoi &#8211; cunoscut pentru propriet\u0103\u021bile sale de sprijin cardiovascular, sc\u0103derea tensiunii arteriale \u0219i \u00eembun\u0103t\u0103\u021birea circula\u021biei.<\/li>\n\n\n\n<li>Vitaminele B &#8211; esen\u021biale pentru metabolism \u0219i furnizarea de nutrien\u021bi esen\u021biali.<\/li>\n\n\n\n<li>Minerale &#8211; sus\u021bin reglarea tensiunii arteriale \u0219i au un efect pozitiv asupra s\u0103n\u0103t\u0103\u021bii generale.<\/li>\n<\/ul>\n\n\n\n<p>Ca <b>supliment alimentar<\/b>, Herzena este formulat cu o sinergie de ingrediente pentru a maximiza efectele asupra s\u0103n\u0103t\u0103\u021bii. Fiecare ingredient \u00eendepline\u0219te o func\u021bie important\u0103, contribuind la bun\u0103starea general\u0103 a organismului.<\/p>\n\n\n\n<p>Aleg\u00e2nd Herzen, utilizatorul ob\u021bine nu numai <b>un supliment alimentar<\/b>, ci \u0219i <b>un<\/b> suport cardiovascular complet datorit\u0103 unei compozi\u021bii unice care func\u021bioneaz\u0103 \u00eempreun\u0103 \u00eentr-un mod unic.<\/p>\n\n\n\n<h2 class=\"wp-block-heading\">Unde s\u0103 cump\u0103ra\u021bi \u0219i care este pre\u021bul de Herzen?<\/h2>\n\n\n\n<p>Herzena este un produs disponibil numai pe site-ul <em>oficial al produc\u0103torului<\/em>. Acest lucru asigur\u0103 faptul c\u0103 clien\u021bii cump\u0103r\u0103 un supliment autentic la un pre\u021b atractiv. Verificarea regulat\u0103 a ofertei este recomandat\u0103 datorit\u0103 promo\u021biilor care apar. Cump\u0103r\u0103turile online au devenit o solu\u021bie practic\u0103 pentru persoanele care caut\u0103 modalit\u0103\u021bi de a-\u0219i \u00eembun\u0103t\u0103\u021bi s\u0103n\u0103tatea, \u00een special sistemul cardiovascular.<\/p>\n\n\n\n<p><b>Pre\u021bul<\/b> Herzen poate varia \u00een func\u021bie de ofertele \u0219i promo\u021biile curente. Utilizatorii pot conta pe condi\u021bii de achizi\u021bie favorabile, care includ adesea diverse reduceri \u0219i posibilitatea de a returna produsele \u00een termen de 30 de zile de la cump\u0103rare. Un astfel de sistem asigur\u0103 faptul c\u0103 clien\u021bii sunt mul\u021bumi\u021bi de achizi\u021bia produsului lor.<\/p>\n\n\n\n<h2 class=\"wp-block-heading\">Herzena &#8211; Efecte secundare \u0219i contraindica\u021bii &#8211; Este sigur?<\/h2>\n\n\n\n<p>Herzena, ca supliment alimentar, este \u00een general considerat\u0103 o op\u021biune sigur\u0103 pentru cei preocupa\u021bi de s\u0103n\u0103tatea cardiovascular\u0103. Cu toate acestea, ca \u00een cazul oric\u0103rui preparat, sunt posibile <b>efecte secundare<\/b>. Simptomele raportate \u00een r\u00e2ndul utilizatorilor includ \u00een principal indigestie u\u0219oar\u0103 \u0219i reac\u021bii alergice. Prin urmare, merit\u0103 s\u0103 v\u0103 monitoriza\u021bi starea de bine dup\u0103 \u00eenceperea supliment\u0103rii.<\/p>\n\n\n\n<p>Cei care iau medicamente pentru tensiunea arterial\u0103 trebuie s\u0103 fie con\u0219tien\u021bi de orice <b>contraindica\u021bii<\/b> asociate cu combinarea acestora cu Herzen. \u00cen acest caz, consultarea unui medic este esen\u021bial\u0103 pentru a evita efectele adverse \u0219i pentru a asigura <b>siguran\u021ba<\/b> \u00een utilizarea acestui preparat.<\/p>\n\n\n\n<p>Statisticile arat\u0103 c\u0103 30% dintre adul\u021bii polonezi se lupt\u0103 cu hipertensiunea, ceea ce face ca suplimentul Herzen s\u0103 fie un sprijin important pentru acest grup. Utilizarea regulat\u0103 a produsului, cu precau\u021bie \u0219i cunoa\u0219terea posibilelor efecte secundare, poate aduce beneficii pentru s\u0103n\u0103tate, minimiz\u00e2nd \u00een acela\u0219i timp riscul de probleme cardiovasculare.<\/p>\n\n\n\n<p><\/p>\n","protected":false},"excerpt":{"rendered":"<p><strong>[date_countdown]<\/strong><\/p>\n<p><img decoding=\"async\" class=\"alignnone wp-image-12812\" src=\"https:\/\/policlinicacuplatagalati.ro\/farmacie\/wp-content\/uploads\/2024\/11\/SAFE-PAY-300x88-1.png\" alt=\"SAFE-PAY\" width=\"150\" height=\"44\" \/><\/p>\n","protected":false},"featured_media":12958,"comment_status":"open","ping_status":"closed","template":"","meta":{"neve_meta_sidebar":"","neve_meta_container":"","neve_meta_enable_content_width":"","neve_meta_content_width":0,"neve_meta_title_alignment":"","neve_meta_author_avatar":"","neve_post_elements_order":"","neve_meta_disable_header":"","neve_meta_disable_footer":"","neve_meta_disable_title":"","neve_meta_reading_time":""},"product_brand":[],"product_cat":[573],"product_tag":[],"class_list":{"0":"post-12933","1":"product","2":"type-product","3":"status-publish","4":"has-post-thumbnail","6":"product_cat-sanatate","8":"first","9":"instock","10":"sale","11":"shipping-taxable","12":"product-type-external"},"yoast_head":"<!-- This site is optimized with the Yoast SEO plugin v27.3 - https:\/\/yoast.com\/product\/yoast-seo-wordpress\/ -->\n<title>Herzena - Pareri, Forum, Efecte, Farmacie, Pre\u021b | -50%<\/title>\n<meta name=\"robots\" content=\"index, follow, max-snippet:-1, max-image-preview:large, max-video-preview:-1\" \/>\n<link rel=\"canonical\" href=\"https:\/\/policlinicacuplatagalati.ro\/farmacie\/apt\/herzena\/\" \/>\n<meta property=\"og:locale\" content=\"ro_RO\" \/>\n<meta property=\"og:type\" content=\"article\" \/>\n<meta property=\"og:title\" content=\"Herzena - Pareri, Forum, Efecte, Farmacie, Pre\u021b | -50%\" \/>\n<meta property=\"og:url\" content=\"https:\/\/policlinicacuplatagalati.ro\/farmacie\/apt\/herzena\/\" \/>\n<meta property=\"og:site_name\" content=\"Policlinicacuplatagalati\" \/>\n<meta property=\"article:modified_time\" content=\"2025-01-22T12:59:05+00:00\" \/>\n<meta property=\"og:image\" content=\"https:\/\/policlinicacuplatagalati.ro\/farmacie\/wp-content\/uploads\/2025\/01\/Herzena.png\" \/>\n\t<meta property=\"og:image:width\" content=\"768\" \/>\n\t<meta property=\"og:image:height\" content=\"768\" \/>\n\t<meta property=\"og:image:type\" content=\"image\/png\" \/>\n<meta name=\"twitter:card\" content=\"summary_large_image\" \/>\n<meta name=\"twitter:description\" content=\"[date_countdown]\" \/>\n<meta name=\"twitter:label1\" content=\"Timp estimat pentru citire\" \/>\n\t<meta name=\"twitter:data1\" content=\"1 minut\" \/>\n<script type=\"application\/ld+json\" class=\"yoast-schema-graph\">{\"@context\":\"https:\\\/\\\/schema.org\",\"@graph\":[{\"@type\":\"WebPage\",\"@id\":\"https:\\\/\\\/policlinicacuplatagalati.ro\\\/farmacie\\\/apt\\\/herzena\\\/\",\"url\":\"https:\\\/\\\/policlinicacuplatagalati.ro\\\/farmacie\\\/apt\\\/herzena\\\/\",\"name\":\"Herzena - Pareri, Forum, Efecte, Farmacie, Pre\u021b | -50%\",\"isPartOf\":{\"@id\":\"https:\\\/\\\/policlinicacuplatagalati.ro\\\/farmacie\\\/#website\"},\"primaryImageOfPage\":{\"@id\":\"https:\\\/\\\/policlinicacuplatagalati.ro\\\/farmacie\\\/apt\\\/herzena\\\/#primaryimage\"},\"image\":{\"@id\":\"https:\\\/\\\/policlinicacuplatagalati.ro\\\/farmacie\\\/apt\\\/herzena\\\/#primaryimage\"},\"thumbnailUrl\":\"https:\\\/\\\/policlinicacuplatagalati.ro\\\/farmacie\\\/wp-content\\\/uploads\\\/2025\\\/01\\\/Herzena.png\",\"datePublished\":\"2025-01-20T15:44:50+00:00\",\"dateModified\":\"2025-01-22T12:59:05+00:00\",\"breadcrumb\":{\"@id\":\"https:\\\/\\\/policlinicacuplatagalati.ro\\\/farmacie\\\/apt\\\/herzena\\\/#breadcrumb\"},\"inLanguage\":\"ro-RO\",\"potentialAction\":[{\"@type\":\"ReadAction\",\"target\":[\"https:\\\/\\\/policlinicacuplatagalati.ro\\\/farmacie\\\/apt\\\/herzena\\\/\"]}]},{\"@type\":\"ImageObject\",\"inLanguage\":\"ro-RO\",\"@id\":\"https:\\\/\\\/policlinicacuplatagalati.ro\\\/farmacie\\\/apt\\\/herzena\\\/#primaryimage\",\"url\":\"https:\\\/\\\/policlinicacuplatagalati.ro\\\/farmacie\\\/wp-content\\\/uploads\\\/2025\\\/01\\\/Herzena.png\",\"contentUrl\":\"https:\\\/\\\/policlinicacuplatagalati.ro\\\/farmacie\\\/wp-content\\\/uploads\\\/2025\\\/01\\\/Herzena.png\",\"width\":768,\"height\":768,\"caption\":\"Herzena\"},{\"@type\":\"BreadcrumbList\",\"@id\":\"https:\\\/\\\/policlinicacuplatagalati.ro\\\/farmacie\\\/apt\\\/herzena\\\/#breadcrumb\",\"itemListElement\":[{\"@type\":\"ListItem\",\"position\":1,\"name\":\"Strona g\u0142\u00f3wna\",\"item\":\"https:\\\/\\\/policlinicacuplatagalati.ro\\\/farmacie\\\/\"},{\"@type\":\"ListItem\",\"position\":2,\"name\":\"Produkte\",\"item\":\"https:\\\/\\\/policlinicacuplatagalati.ro\\\/farmacie\\\/\"},{\"@type\":\"ListItem\",\"position\":3,\"name\":\"Herzena\"}]},{\"@type\":\"WebSite\",\"@id\":\"https:\\\/\\\/policlinicacuplatagalati.ro\\\/farmacie\\\/#website\",\"url\":\"https:\\\/\\\/policlinicacuplatagalati.ro\\\/farmacie\\\/\",\"name\":\"Policlinicacuplatagalati\",\"description\":\"\",\"potentialAction\":[{\"@type\":\"SearchAction\",\"target\":{\"@type\":\"EntryPoint\",\"urlTemplate\":\"https:\\\/\\\/policlinicacuplatagalati.ro\\\/farmacie\\\/?s={search_term_string}\"},\"query-input\":{\"@type\":\"PropertyValueSpecification\",\"valueRequired\":true,\"valueName\":\"search_term_string\"}}],\"inLanguage\":\"ro-RO\"}]}<\/script>\n<!-- \/ Yoast SEO plugin. -->","yoast_head_json":{"title":"Herzena - Pareri, Forum, Efecte, Farmacie, Pre\u021b | -50%","robots":{"index":"index","follow":"follow","max-snippet":"max-snippet:-1","max-image-preview":"max-image-preview:large","max-video-preview":"max-video-preview:-1"},"canonical":"https:\/\/policlinicacuplatagalati.ro\/farmacie\/apt\/herzena\/","og_locale":"ro_RO","og_type":"article","og_title":"Herzena - Pareri, Forum, Efecte, Farmacie, Pre\u021b | -50%","og_url":"https:\/\/policlinicacuplatagalati.ro\/farmacie\/apt\/herzena\/","og_site_name":"Policlinicacuplatagalati","article_modified_time":"2025-01-22T12:59:05+00:00","og_image":[{"width":768,"height":768,"url":"https:\/\/policlinicacuplatagalati.ro\/farmacie\/wp-content\/uploads\/2025\/01\/Herzena.png","type":"image\/png"}],"twitter_card":"summary_large_image","twitter_description":"[date_countdown]","twitter_misc":{"Timp estimat pentru citire":"1 minut"},"schema":{"@context":"https:\/\/schema.org","@graph":[{"@type":"WebPage","@id":"https:\/\/policlinicacuplatagalati.ro\/farmacie\/apt\/herzena\/","url":"https:\/\/policlinicacuplatagalati.ro\/farmacie\/apt\/herzena\/","name":"Herzena - Pareri, Forum, Efecte, Farmacie, Pre\u021b | -50%","isPartOf":{"@id":"https:\/\/policlinicacuplatagalati.ro\/farmacie\/#website"},"primaryImageOfPage":{"@id":"https:\/\/policlinicacuplatagalati.ro\/farmacie\/apt\/herzena\/#primaryimage"},"image":{"@id":"https:\/\/policlinicacuplatagalati.ro\/farmacie\/apt\/herzena\/#primaryimage"},"thumbnailUrl":"https:\/\/policlinicacuplatagalati.ro\/farmacie\/wp-content\/uploads\/2025\/01\/Herzena.png","datePublished":"2025-01-20T15:44:50+00:00","dateModified":"2025-01-22T12:59:05+00:00","breadcrumb":{"@id":"https:\/\/policlinicacuplatagalati.ro\/farmacie\/apt\/herzena\/#breadcrumb"},"inLanguage":"ro-RO","potentialAction":[{"@type":"ReadAction","target":["https:\/\/policlinicacuplatagalati.ro\/farmacie\/apt\/herzena\/"]}]},{"@type":"ImageObject","inLanguage":"ro-RO","@id":"https:\/\/policlinicacuplatagalati.ro\/farmacie\/apt\/herzena\/#primaryimage","url":"https:\/\/policlinicacuplatagalati.ro\/farmacie\/wp-content\/uploads\/2025\/01\/Herzena.png","contentUrl":"https:\/\/policlinicacuplatagalati.ro\/farmacie\/wp-content\/uploads\/2025\/01\/Herzena.png","width":768,"height":768,"caption":"Herzena"},{"@type":"BreadcrumbList","@id":"https:\/\/policlinicacuplatagalati.ro\/farmacie\/apt\/herzena\/#breadcrumb","itemListElement":[{"@type":"ListItem","position":1,"name":"Strona g\u0142\u00f3wna","item":"https:\/\/policlinicacuplatagalati.ro\/farmacie\/"},{"@type":"ListItem","position":2,"name":"Produkte","item":"https:\/\/policlinicacuplatagalati.ro\/farmacie\/"},{"@type":"ListItem","position":3,"name":"Herzena"}]},{"@type":"WebSite","@id":"https:\/\/policlinicacuplatagalati.ro\/farmacie\/#website","url":"https:\/\/policlinicacuplatagalati.ro\/farmacie\/","name":"Policlinicacuplatagalati","description":"","potentialAction":[{"@type":"SearchAction","target":{"@type":"EntryPoint","urlTemplate":"https:\/\/policlinicacuplatagalati.ro\/farmacie\/?s={search_term_string}"},"query-input":{"@type":"PropertyValueSpecification","valueRequired":true,"valueName":"search_term_string"}}],"inLanguage":"ro-RO"}]}},"_links":{"self":[{"href":"https:\/\/policlinicacuplatagalati.ro\/farmacie\/wp-json\/wp\/v2\/product\/12933","targetHints":{"allow":["GET"]}}],"collection":[{"href":"https:\/\/policlinicacuplatagalati.ro\/farmacie\/wp-json\/wp\/v2\/product"}],"about":[{"href":"https:\/\/policlinicacuplatagalati.ro\/farmacie\/wp-json\/wp\/v2\/types\/product"}],"replies":[{"embeddable":true,"href":"https:\/\/policlinicacuplatagalati.ro\/farmacie\/wp-json\/wp\/v2\/comments?post=12933"}],"wp:featuredmedia":[{"embeddable":true,"href":"https:\/\/policlinicacuplatagalati.ro\/farmacie\/wp-json\/wp\/v2\/media\/12958"}],"wp:attachment":[{"href":"https:\/\/policlinicacuplatagalati.ro\/farmacie\/wp-json\/wp\/v2\/media?parent=12933"}],"wp:term":[{"taxonomy":"product_brand","embeddable":true,"href":"https:\/\/policlinicacuplatagalati.ro\/farmacie\/wp-json\/wp\/v2\/product_brand?post=12933"},{"taxonomy":"product_cat","embeddable":true,"href":"https:\/\/policlinicacuplatagalati.ro\/farmacie\/wp-json\/wp\/v2\/product_cat?post=12933"},{"taxonomy":"product_tag","embeddable":true,"href":"https:\/\/policlinicacuplatagalati.ro\/farmacie\/wp-json\/wp\/v2\/product_tag?post=12933"}],"curies":[{"name":"wp","href":"https:\/\/api.w.org\/{rel}","templated":true}]}}