{"id":12942,"date":"2025-01-20T16:44:50","date_gmt":"2025-01-20T15:44:50","guid":{"rendered":"https:\/\/policlinicacuplatagalati.ro\/farmacie\/?post_type=product&#038;p=12942"},"modified":"2025-01-22T13:24:50","modified_gmt":"2025-01-22T12:24:50","slug":"femixal","status":"publish","type":"product","link":"https:\/\/policlinicacuplatagalati.ro\/farmacie\/apt\/femixal\/","title":{"rendered":"Femixal"},"content":{"rendered":"\n<h2 class=\"wp-block-heading\">Ce este Femixal \u0219i cum func\u021bioneaz\u0103?<\/h2>\n\n\n\n<p>Femixal este un <em>supliment alimentar<\/em> sub form\u0103 de capsule, conceput pentru femeile cu probleme ale tractului urinar. <em>Ac\u021biunea<\/em> sa se concentreaz\u0103 pe eliminarea bacteriilor responsabile de infec\u021bii, precum \u0219i pe sus\u021binerea imunit\u0103\u021bii naturale a organismului. Ingredientele con\u021binute \u00een Femixal au propriet\u0103\u021bi antimicrobiene \u0219i antiinflamatorii, ceea ce ajut\u0103 la ameliorarea rapid\u0103 a simptomelor precum durerea \u0219i arsura.<\/p>\n\n\n\n<p><b>Utilizarea<\/b> regulat\u0103 sprijin\u0103, de asemenea, prevenirea infec\u021biilor recurente, ceea ce este deosebit de important pentru femeile care se lupt\u0103 adesea cu probleme de s\u0103n\u0103tate. Femixal este ideal pentru nevoile femeilor care doresc s\u0103 aib\u0103 grij\u0103 de <b>s\u0103n\u0103tatea<\/b> <em>tractului urinar<\/em> \u0219i s\u0103 \u00ee\u0219i \u00eembun\u0103t\u0103\u021beasc\u0103 calitatea vie\u021bii.<\/p>\n\n\n\n<p><b>Compozi\u021bia<\/b> Femixal a fost atent formulat\u0103 pentru a oferi beneficii maxime pentru s\u0103n\u0103tate. Administrarea acestui supliment alimentar poate fi esen\u021bial\u0103 \u00een prevenirea zilnic\u0103 \u0219i \u00een situa\u021biile \u00een care simptomele de infec\u021bie sunt deja prezente. Cu Femixal, femeile ob\u021bin sprijin \u00een lupta \u00eempotriva afec\u021biunilor sup\u0103r\u0103toare.<\/p>\n\n\n\n<h2 class=\"wp-block-heading\">Femixal &#8211; efecte<\/h2>\n\n\n\n<p>Femixal are numeroase beneficii pentru s\u0103n\u0103tate care pot \u00eembun\u0103t\u0103\u021bi semnificativ calitatea vie\u021bii femeilor. Utilizarea regulat\u0103 a acestui supliment de s\u0103n\u0103tate poate cre\u0219te rezisten\u021ba la infec\u021biile tractului urinar cu p\u00e2n\u0103 la 40%. \u00cen acest fel, Femixal devine un sprijin eficient pentru cei care se lupt\u0103 cu cistita.<\/p>\n\n\n\n<p><b>Utilizatorii<\/b> care au optat pentru Femixal au observat adesea <b>rezultate<\/b> \u00eentr-un timp scurt. La fel de multe ca 85% au raportat \u00eembun\u0103t\u0103\u021biri dup\u0103 doar c\u00e2teva zile de utilizare. \u00cen plus, 9 din 10 utilizatori au sim\u021bit o diferen\u021b\u0103 clar\u0103 dup\u0103 utilizarea suplimentului.<\/p>\n\n\n\n<ul class=\"wp-block-list\">\n<li>75% dintre utilizatori au raportat o \u00eembun\u0103t\u0103\u021bire a s\u0103n\u0103t\u0103\u021bii dup\u0103 prima lun\u0103 de utilizare.<\/li>\n\n\n\n<li>85% au raportat <b>efecte<\/b> semnificative asupra s\u0103n\u0103t\u0103\u021bii lor generale.<\/li>\n\n\n\n<li>70% dintre oameni au beneficiat de o reducere a simptomelor cistitei dup\u0103 o lun\u0103 de utilizare regulat\u0103.<\/li>\n<\/ul>\n\n\n\n<p>Femixal nu numai c\u0103 amelioreaz\u0103 simptomele, dar sus\u021bine \u0219i imunitatea natural\u0103 a organismului pentru a lupta \u00eempotriva infec\u021biilor. Propriet\u0103\u021bile antimicrobiene ale produsului pot ajuta la prevenirea infec\u021biilor recurente, f\u0103c\u00e2ndu-l ideal pentru femeile care se lupt\u0103 cu cistita cronic\u0103.<\/p>\n\n\n\n<p>Prin utilizarea Femixal, pot fi observate \u00eembun\u0103t\u0103\u021biri semnificative ale s\u0103n\u0103t\u0103\u021bii, f\u0103c\u00e2nd din acest <b>supliment<\/b> o parte extrem de valoroas\u0103 a rutinei zilnice pentru femeile de toate v\u00e2rstele.<\/p>\n\n\n\n<h2 class=\"wp-block-heading\">Cum s\u0103 utiliza\u021bi Femixal corect &#8211; Dozaj<\/h2>\n\n\n\n<p>Pentru a ob\u021bine cele mai bune <b>rezultate<\/b> de la suplimentul Femixal, este recomandat s\u0103 <em>lua\u021bi<\/em> o capsul\u0103 de dou\u0103 ori pe zi, de preferin\u021b\u0103 dup\u0103 mas\u0103. Acesta trebuie luat cu un pahar mare de ap\u0103. <em>Dozarea<\/em> regulat\u0103 <em>a<\/em> produsului este esen\u021bial\u0103 pentru men\u021binerea efectelor pozitive \u0219i ob\u021binerea rezultatelor optime.<\/p>\n\n\n\n<p>Tratamentul trebuie administrat pentru o perioad\u0103 de 45 de zile, cu posibilitatea de a-l repeta dup\u0103 o pauz\u0103 de 1 p\u00e2n\u0103 la 2 luni, dac\u0103 este necesar. Este demn de remarcat faptul c\u0103 Femixal a fost supus unui control riguros al calit\u0103\u021bii, ceea ce confirm\u0103 siguran\u021ba sa ca supliment pentru sus\u021binerea <b>s\u0103n\u0103t\u0103\u021bii femeilor<\/b>.<\/p>\n\n\n\n<ul class=\"wp-block-list\">\n<li>1 capsul\u0103 de dou\u0103 ori pe zi<\/li>\n\n\n\n<li>Be\u021bi un pahar mare de ap\u0103<\/li>\n\n\n\n<li>Urma\u021bi recomand\u0103rile din prospect<\/li>\n<\/ul>\n\n\n\n<p>Revenind la <em>utilizare<\/em>, dac\u0103 exist\u0103 \u00eendoieli, este recomandabil s\u0103 consulta\u021bi medicul dumneavoastr\u0103. <em>Dozarea<\/em> regulat\u0103 <em>a<\/em> Femixal nu numai c\u0103 sus\u021bine eficacitatea produsului, dar \u0219i minimizeaz\u0103 riscul unor posibile efecte secundare. Multe utilizatoare observ\u0103 o \u00eembun\u0103t\u0103\u021bire semnificativ\u0103 a controlului vezicii urinare dup\u0103 finalizarea tratamentului, ceea ce are un impact pozitiv asupra vie\u021bii de zi cu zi.<\/p>\n\n\n\n<h2 class=\"wp-block-heading\">Recenzii Femixal &#8211; Ce spun utilizatorii \u00een forumuri?<\/h2>\n\n\n\n<p>Multe recenzii pozitive ale Femixal pot fi g\u0103site pe forumurile online. <b>Utilizatorii<\/b> \u00ee\u0219i \u00eemp\u0103rt\u0103\u0219esc <em>experien\u021bele de<\/em> utilizare a acestui supliment, ceea ce demonstreaz\u0103 eficacitatea sa \u0219i satisfac\u021bia cu privire la rezultate.<\/p>\n\n\n\n<blockquote class=\"wp-block-quote is-layout-flow wp-block-quote-is-layout-flow\">\n<p><strong>Magdalena, \u00een v\u00e2rst\u0103 de 32 de ani, a declarat:<\/strong> &#8222;Femixal este un adev\u0103rat salvator pentru mine! M-am luptat cu cistita recurent\u0103 timp de ani de zile \u0219i, de c\u00e2nd am \u00eenceput s\u0103 folosesc aceste capsule, problema a disp\u0103rut practic. Sunt \u00eenc\u00e2ntat\u0103 \u0219i le-a\u0219 recomanda tuturor femeilor care au probleme similare.&#8221;<\/p>\n<\/blockquote>\n\n\n\n<blockquote class=\"wp-block-quote is-layout-flow wp-block-quote-is-layout-flow\">\n<p><strong>Anna, 45 de ani, a spus:<\/strong> &#8222;Am c\u0103utat mult timp un remediu natural pentru problemele vezicii urinare p\u00e2n\u0103 c\u00e2nd am dat peste Femixal. <b>Compozi\u021bia<\/b> este excelent\u0103 <b>,<\/b> iar efectele sunt vizibile dup\u0103 doar c\u00e2teva zile de utilizare. M\u0103 bucur c\u0103 am g\u0103sit un produs care chiar func\u021bioneaz\u0103 \u0219i este sigur.&#8221;<\/p>\n<\/blockquote>\n\n\n\n<blockquote class=\"wp-block-quote is-layout-flow wp-block-quote-is-layout-flow\">\n<p><strong>Karolina, 28 de ani, a declarat:<\/strong> &#8222;Femixal m-a ajutat s\u0103 scap de o cistit\u0103 sup\u0103r\u0103toare f\u0103r\u0103 a avea nevoie de antibiotice. De c\u00e2nd \u00eel folosesc, m\u0103 simt mult mai bine \u0219i infec\u021biile recurente au devenit un lucru al trecutului. \u00cel recomand fiec\u0103rei femei!&#8221;<\/p>\n<\/blockquote>\n\n\n\n<p><b>Comentariile<\/b> utilizatorilor despre Femixal indic\u0103 faptul c\u0103 <b>suplimentul<\/b> nu numai c\u0103 ofer\u0103 u\u0219urare, ci \u0219i \u00eembun\u0103t\u0103\u021be\u0219te <em>s\u0103n\u0103tatea<\/em> general\u0103. <b>Compozi\u021bia<\/b> de \u00eenalt\u0103 calitate \u0219i originea natural\u0103 atrag aten\u021bia femeilor care caut\u0103 solu\u021bii sigure pentru problemele lor de s\u0103n\u0103tate.<\/p>\n\n\n\n<h2 class=\"wp-block-heading\">Femixal &#8211; Compozi\u021bie<\/h2>\n\n\n\n<p>Femixal este un supliment bazat pe o compozi\u021bie atent selectat\u0103 care sus\u021bine <b>s\u0103n\u0103tatea<\/b> tractului urinar. Acest supliment con\u021bine <em>ingrediente naturale<\/em> care au un <b>efect<\/b> benefic asupra organismului, \u00een special \u00een cazul infec\u021biilor tractului urinar. Iat\u0103 care sunt ingredientele cheie care alc\u0103tuiesc <em>compozi\u021bia<\/em> unic\u0103 a Femixal:<\/p>\n\n\n\n<ul class=\"wp-block-list\">\n<li><strong>Extract de meri\u0219or:<\/strong> Are efect antimicrobian, \u00eempiedic\u00e2nd bacteriile E. coli s\u0103 adere la pere\u021bii tractului urinar, reduc\u00e2nd riscul de infec\u021bie.<\/li>\n\n\n\n<li><strong>D-mannoz\u0103:<\/strong> Un zah\u0103r natural care ajut\u0103 la eliminarea bacteriilor din tractul urinar, sus\u021bin\u00e2nd <b>s\u0103n\u0103tatea<\/b> acestuia.<\/li>\n\n\n\n<li><strong>Extract de p\u0103trunjel:<\/strong> Are un efect diuretic, facilit\u00e2nd eliminarea bacteriilor din organism.<\/li>\n\n\n\n<li><strong>Extract de mu\u0219e\u021bel:<\/strong> Are propriet\u0103\u021bi antiinflamatorii care pot ameliora disconfortul asociat cu problemele tractului urinar.<\/li>\n<\/ul>\n\n\n\n<p>Utilizarea regulat\u0103 a Femixal poate ajuta la reducerea frecven\u021bei de recuren\u021b\u0103 a disconfortului nepl\u0103cut \u0219i sus\u021bine s\u0103n\u0103tatea general\u0103 a tractului urinar. <b>Ac\u021biunea<\/b> acestor <em>ingrediente naturale<\/em> are ca scop cre\u0219terea confortului de via\u021b\u0103 pentru femeile care se lupt\u0103 cu infec\u021biile tractului urinar.<\/p>\n\n\n\n<h2 class=\"wp-block-heading\">Unde s\u0103 cump\u0103ra\u021bi \u0219i care este pre\u021bul de Femixal?<\/h2>\n\n\n\n<p>Femixal este disponibil numai de pe <em>site-ul oficial<\/em> al produc\u0103torului. Aceast\u0103 abordare garanteaz\u0103 originalitatea \u0219i calitatea ridicat\u0103 a produsului, ceea ce este deosebit de important \u00een contextul s\u0103n\u0103t\u0103\u021bii. Suplimentul nu este disponibil \u00een farmaciile tradi\u021bionale, f\u0103c\u00e2nd cump\u0103r\u0103turile online singura op\u021biune pentru cei interesa\u021bi.<\/p>\n\n\n\n<p>C\u0103uta\u021bi o promo\u021bie \u00een curs de desf\u0103\u0219urare care ofer\u0103 o reducere de 50%, ceea ce reprezint\u0103 o mare oportunitate de a cump\u0103ra la un pre\u021b mai mic. Mul\u021bi oameni profit\u0103 de aceast\u0103 oportunitate, ceea ce poate duce la o v\u00e2nzare rapid\u0103 a unui lot limitat de produse.<\/p>\n\n\n\n<p>Nu este recomandat s\u0103 cump\u0103ra\u021bi Femixal pe platformele populare de comer\u021b electronic, deoarece riscul de a achizi\u021biona falsuri este prea mare. Prin urmare, cea mai bun\u0103 solu\u021bie r\u0103m\u00e2ne s\u0103 comanda\u021bi acest supliment de s\u0103n\u0103tate de pe <em>site-ul oficial<\/em>, unde pute\u021bi fi siguri de autenticitatea \u0219i calitatea produsului.<\/p>\n\n\n\n<h2 class=\"wp-block-heading\">Femixal &#8211; Efecte secundare poten\u021biale \u0219i contraindica\u021bii de utilizare<\/h2>\n\n\n\n<p>Femixal, fiind un supliment cu o formul\u0103 natural\u0103, este de obicei asociat cu un risc minim de efecte secundare. Cu toate acestea, exist\u0103 posibilitatea ca persoanele care sunt alergice la un anumit ingredient din formul\u0103 s\u0103 poat\u0103 prezenta reac\u021bii alergice. Prin urmare, este esen\u021bial s\u0103 v\u0103 asigura\u021bi c\u0103 niciunul dintre ingredientele sale nu este \u00eengrijor\u0103tor \u0219i nu este cauza alergiilor anterioare \u00eenainte de a \u00eencepe s\u0103 utiliza\u021bi Femixal.<\/p>\n\n\n\n<p>De asemenea, este de remarcat faptul c\u0103 <b>contraindica\u021biile<\/b> pentru utilizarea Femixal includ sarcina \u0219i al\u0103ptarea, precum \u0219i persoanele cu afec\u021biuni renale grave. \u00cen cazul unor astfel de afec\u021biuni, este extrem de important s\u0103 consulta\u021bi un specialist. Decizia de a \u00eencepe s\u0103 lua\u021bi un supliment alimentar ar trebui s\u0103 fie sus\u021binut\u0103 de o opinie profesional\u0103, mai ales dac\u0103 pacientul are probleme de s\u0103n\u0103tate existente.<\/p>\n\n\n\n<p>\u00cen concluzie, Femixal poate fi un sprijin util \u00een \u00eengrijirea <b>s\u0103n\u0103t\u0103\u021bii femeilor<\/b>, dar o abordare informat\u0103 a efectelor secundare \u0219i a contraindica\u021biilor este extrem de important\u0103. Luarea de m\u0103suri de precau\u021bie \u0219i consultarea unui medic sunt pa\u0219i care pot ajuta la evitarea posibilelor complica\u021bii de s\u0103n\u0103tate.<\/p>\n","protected":false},"excerpt":{"rendered":"<p><strong>[date_countdown]<\/strong><\/p>\n<p><img decoding=\"async\" class=\"alignnone wp-image-12812\" src=\"https:\/\/policlinicacuplatagalati.ro\/farmacie\/wp-content\/uploads\/2024\/11\/SAFE-PAY-300x88-1.png\" alt=\"SAFE-PAY\" width=\"150\" height=\"44\" \/><\/p>\n","protected":false},"featured_media":12949,"comment_status":"open","ping_status":"closed","template":"","meta":{"neve_meta_sidebar":"","neve_meta_container":"","neve_meta_enable_content_width":"","neve_meta_content_width":0,"neve_meta_title_alignment":"","neve_meta_author_avatar":"","neve_post_elements_order":"","neve_meta_disable_header":"","neve_meta_disable_footer":"","neve_meta_disable_title":"","neve_meta_reading_time":""},"product_brand":[],"product_cat":[575],"product_tag":[],"class_list":{"0":"post-12942","1":"product","2":"type-product","3":"status-publish","4":"has-post-thumbnail","6":"product_cat-sanatate-sexuala","8":"first","9":"instock","10":"sale","11":"shipping-taxable","12":"product-type-external"},"yoast_head":"<!-- This site is optimized with the Yoast SEO plugin v27.3 - https:\/\/yoast.com\/product\/yoast-seo-wordpress\/ -->\n<title>Femixal - Pareri, Forum, Efecte, Farmacie, Pre\u021b | -50%<\/title>\n<meta name=\"robots\" content=\"index, follow, max-snippet:-1, max-image-preview:large, max-video-preview:-1\" \/>\n<link rel=\"canonical\" href=\"https:\/\/policlinicacuplatagalati.ro\/farmacie\/apt\/femixal\/\" \/>\n<meta property=\"og:locale\" content=\"ro_RO\" \/>\n<meta property=\"og:type\" content=\"article\" \/>\n<meta property=\"og:title\" content=\"Femixal - Pareri, Forum, Efecte, Farmacie, Pre\u021b | -50%\" \/>\n<meta property=\"og:url\" content=\"https:\/\/policlinicacuplatagalati.ro\/farmacie\/apt\/femixal\/\" \/>\n<meta property=\"og:site_name\" content=\"Policlinicacuplatagalati\" \/>\n<meta property=\"article:modified_time\" content=\"2025-01-22T12:24:50+00:00\" \/>\n<meta property=\"og:image\" content=\"https:\/\/policlinicacuplatagalati.ro\/farmacie\/wp-content\/uploads\/2025\/01\/Femixal.png\" \/>\n\t<meta property=\"og:image:width\" content=\"768\" \/>\n\t<meta property=\"og:image:height\" content=\"768\" \/>\n\t<meta property=\"og:image:type\" content=\"image\/png\" \/>\n<meta name=\"twitter:card\" content=\"summary_large_image\" \/>\n<meta name=\"twitter:description\" content=\"[date_countdown]\" \/>\n<meta name=\"twitter:label1\" content=\"Timp estimat pentru citire\" \/>\n\t<meta name=\"twitter:data1\" content=\"7 minute\" \/>\n<script type=\"application\/ld+json\" class=\"yoast-schema-graph\">{\"@context\":\"https:\\\/\\\/schema.org\",\"@graph\":[{\"@type\":\"WebPage\",\"@id\":\"https:\\\/\\\/policlinicacuplatagalati.ro\\\/farmacie\\\/apt\\\/femixal\\\/\",\"url\":\"https:\\\/\\\/policlinicacuplatagalati.ro\\\/farmacie\\\/apt\\\/femixal\\\/\",\"name\":\"Femixal - Pareri, Forum, Efecte, Farmacie, Pre\u021b | -50%\",\"isPartOf\":{\"@id\":\"https:\\\/\\\/policlinicacuplatagalati.ro\\\/farmacie\\\/#website\"},\"primaryImageOfPage\":{\"@id\":\"https:\\\/\\\/policlinicacuplatagalati.ro\\\/farmacie\\\/apt\\\/femixal\\\/#primaryimage\"},\"image\":{\"@id\":\"https:\\\/\\\/policlinicacuplatagalati.ro\\\/farmacie\\\/apt\\\/femixal\\\/#primaryimage\"},\"thumbnailUrl\":\"https:\\\/\\\/policlinicacuplatagalati.ro\\\/farmacie\\\/wp-content\\\/uploads\\\/2025\\\/01\\\/Femixal.png\",\"datePublished\":\"2025-01-20T15:44:50+00:00\",\"dateModified\":\"2025-01-22T12:24:50+00:00\",\"breadcrumb\":{\"@id\":\"https:\\\/\\\/policlinicacuplatagalati.ro\\\/farmacie\\\/apt\\\/femixal\\\/#breadcrumb\"},\"inLanguage\":\"ro-RO\",\"potentialAction\":[{\"@type\":\"ReadAction\",\"target\":[\"https:\\\/\\\/policlinicacuplatagalati.ro\\\/farmacie\\\/apt\\\/femixal\\\/\"]}]},{\"@type\":\"ImageObject\",\"inLanguage\":\"ro-RO\",\"@id\":\"https:\\\/\\\/policlinicacuplatagalati.ro\\\/farmacie\\\/apt\\\/femixal\\\/#primaryimage\",\"url\":\"https:\\\/\\\/policlinicacuplatagalati.ro\\\/farmacie\\\/wp-content\\\/uploads\\\/2025\\\/01\\\/Femixal.png\",\"contentUrl\":\"https:\\\/\\\/policlinicacuplatagalati.ro\\\/farmacie\\\/wp-content\\\/uploads\\\/2025\\\/01\\\/Femixal.png\",\"width\":768,\"height\":768,\"caption\":\"Femixal\"},{\"@type\":\"BreadcrumbList\",\"@id\":\"https:\\\/\\\/policlinicacuplatagalati.ro\\\/farmacie\\\/apt\\\/femixal\\\/#breadcrumb\",\"itemListElement\":[{\"@type\":\"ListItem\",\"position\":1,\"name\":\"Strona g\u0142\u00f3wna\",\"item\":\"https:\\\/\\\/policlinicacuplatagalati.ro\\\/farmacie\\\/\"},{\"@type\":\"ListItem\",\"position\":2,\"name\":\"Produkte\",\"item\":\"https:\\\/\\\/policlinicacuplatagalati.ro\\\/farmacie\\\/\"},{\"@type\":\"ListItem\",\"position\":3,\"name\":\"Femixal\"}]},{\"@type\":\"WebSite\",\"@id\":\"https:\\\/\\\/policlinicacuplatagalati.ro\\\/farmacie\\\/#website\",\"url\":\"https:\\\/\\\/policlinicacuplatagalati.ro\\\/farmacie\\\/\",\"name\":\"Policlinicacuplatagalati\",\"description\":\"\",\"potentialAction\":[{\"@type\":\"SearchAction\",\"target\":{\"@type\":\"EntryPoint\",\"urlTemplate\":\"https:\\\/\\\/policlinicacuplatagalati.ro\\\/farmacie\\\/?s={search_term_string}\"},\"query-input\":{\"@type\":\"PropertyValueSpecification\",\"valueRequired\":true,\"valueName\":\"search_term_string\"}}],\"inLanguage\":\"ro-RO\"}]}<\/script>\n<!-- \/ Yoast SEO plugin. -->","yoast_head_json":{"title":"Femixal - Pareri, Forum, Efecte, Farmacie, Pre\u021b | -50%","robots":{"index":"index","follow":"follow","max-snippet":"max-snippet:-1","max-image-preview":"max-image-preview:large","max-video-preview":"max-video-preview:-1"},"canonical":"https:\/\/policlinicacuplatagalati.ro\/farmacie\/apt\/femixal\/","og_locale":"ro_RO","og_type":"article","og_title":"Femixal - Pareri, Forum, Efecte, Farmacie, Pre\u021b | -50%","og_url":"https:\/\/policlinicacuplatagalati.ro\/farmacie\/apt\/femixal\/","og_site_name":"Policlinicacuplatagalati","article_modified_time":"2025-01-22T12:24:50+00:00","og_image":[{"width":768,"height":768,"url":"https:\/\/policlinicacuplatagalati.ro\/farmacie\/wp-content\/uploads\/2025\/01\/Femixal.png","type":"image\/png"}],"twitter_card":"summary_large_image","twitter_description":"[date_countdown]","twitter_misc":{"Timp estimat pentru citire":"7 minute"},"schema":{"@context":"https:\/\/schema.org","@graph":[{"@type":"WebPage","@id":"https:\/\/policlinicacuplatagalati.ro\/farmacie\/apt\/femixal\/","url":"https:\/\/policlinicacuplatagalati.ro\/farmacie\/apt\/femixal\/","name":"Femixal - Pareri, Forum, Efecte, Farmacie, Pre\u021b | -50%","isPartOf":{"@id":"https:\/\/policlinicacuplatagalati.ro\/farmacie\/#website"},"primaryImageOfPage":{"@id":"https:\/\/policlinicacuplatagalati.ro\/farmacie\/apt\/femixal\/#primaryimage"},"image":{"@id":"https:\/\/policlinicacuplatagalati.ro\/farmacie\/apt\/femixal\/#primaryimage"},"thumbnailUrl":"https:\/\/policlinicacuplatagalati.ro\/farmacie\/wp-content\/uploads\/2025\/01\/Femixal.png","datePublished":"2025-01-20T15:44:50+00:00","dateModified":"2025-01-22T12:24:50+00:00","breadcrumb":{"@id":"https:\/\/policlinicacuplatagalati.ro\/farmacie\/apt\/femixal\/#breadcrumb"},"inLanguage":"ro-RO","potentialAction":[{"@type":"ReadAction","target":["https:\/\/policlinicacuplatagalati.ro\/farmacie\/apt\/femixal\/"]}]},{"@type":"ImageObject","inLanguage":"ro-RO","@id":"https:\/\/policlinicacuplatagalati.ro\/farmacie\/apt\/femixal\/#primaryimage","url":"https:\/\/policlinicacuplatagalati.ro\/farmacie\/wp-content\/uploads\/2025\/01\/Femixal.png","contentUrl":"https:\/\/policlinicacuplatagalati.ro\/farmacie\/wp-content\/uploads\/2025\/01\/Femixal.png","width":768,"height":768,"caption":"Femixal"},{"@type":"BreadcrumbList","@id":"https:\/\/policlinicacuplatagalati.ro\/farmacie\/apt\/femixal\/#breadcrumb","itemListElement":[{"@type":"ListItem","position":1,"name":"Strona g\u0142\u00f3wna","item":"https:\/\/policlinicacuplatagalati.ro\/farmacie\/"},{"@type":"ListItem","position":2,"name":"Produkte","item":"https:\/\/policlinicacuplatagalati.ro\/farmacie\/"},{"@type":"ListItem","position":3,"name":"Femixal"}]},{"@type":"WebSite","@id":"https:\/\/policlinicacuplatagalati.ro\/farmacie\/#website","url":"https:\/\/policlinicacuplatagalati.ro\/farmacie\/","name":"Policlinicacuplatagalati","description":"","potentialAction":[{"@type":"SearchAction","target":{"@type":"EntryPoint","urlTemplate":"https:\/\/policlinicacuplatagalati.ro\/farmacie\/?s={search_term_string}"},"query-input":{"@type":"PropertyValueSpecification","valueRequired":true,"valueName":"search_term_string"}}],"inLanguage":"ro-RO"}]}},"_links":{"self":[{"href":"https:\/\/policlinicacuplatagalati.ro\/farmacie\/wp-json\/wp\/v2\/product\/12942","targetHints":{"allow":["GET"]}}],"collection":[{"href":"https:\/\/policlinicacuplatagalati.ro\/farmacie\/wp-json\/wp\/v2\/product"}],"about":[{"href":"https:\/\/policlinicacuplatagalati.ro\/farmacie\/wp-json\/wp\/v2\/types\/product"}],"replies":[{"embeddable":true,"href":"https:\/\/policlinicacuplatagalati.ro\/farmacie\/wp-json\/wp\/v2\/comments?post=12942"}],"wp:featuredmedia":[{"embeddable":true,"href":"https:\/\/policlinicacuplatagalati.ro\/farmacie\/wp-json\/wp\/v2\/media\/12949"}],"wp:attachment":[{"href":"https:\/\/policlinicacuplatagalati.ro\/farmacie\/wp-json\/wp\/v2\/media?parent=12942"}],"wp:term":[{"taxonomy":"product_brand","embeddable":true,"href":"https:\/\/policlinicacuplatagalati.ro\/farmacie\/wp-json\/wp\/v2\/product_brand?post=12942"},{"taxonomy":"product_cat","embeddable":true,"href":"https:\/\/policlinicacuplatagalati.ro\/farmacie\/wp-json\/wp\/v2\/product_cat?post=12942"},{"taxonomy":"product_tag","embeddable":true,"href":"https:\/\/policlinicacuplatagalati.ro\/farmacie\/wp-json\/wp\/v2\/product_tag?post=12942"}],"curies":[{"name":"wp","href":"https:\/\/api.w.org\/{rel}","templated":true}]}}